{"id":4921,"date":"2024-10-23T16:13:24","date_gmt":"2024-10-23T14:13:24","guid":{"rendered":"http:\/\/billigtrikots.com\/?post_type=product&#038;p=4921"},"modified":"2024-10-23T16:15:43","modified_gmt":"2024-10-23T14:15:43","slug":"herren-trikotsatz-kurzarm-boca-juniors-drittes-fussballtrikot-gelb-2022","status":"publish","type":"product","link":"https:\/\/www.billigtrikotde.com\/it\/herren-trikotsatz-kurzarm-boca-juniors-drittes-fussballtrikot-gelb-2022\/","title":{"rendered":"Maglia da uomo maniche corte Boca Juniors terza maglia gialla 2022"},"content":{"rendered":"<p>80 Jahre einer der beeindruckendsten Atmosph\u00e4ren im Profifu\u00dfball verdienen ein wenig Anerkennung, und adidas kommt dem geb\u00fchrend mit dem dritten Boca Juniors 20\/21 Trikot nach, das einen ma\u00dfgeschneiderten La Bombonera-Druck enth\u00e4lt, der auf der Brust erscheint und \u201eLa Bombonera, 80. Jahrestag\u201c.<br \/>\nDas mutige gelbe Trikot passt gut zum Erscheinungsbild der Farbe auf den Heim- und Ausw\u00e4rtstrikots, aber hier steht es im Mittelpunkt, mit blauen Details, die durch den Kragen, die Manschetten, den Sponsor und das Branding auftauchen. Ein ma\u00dfgefertigter blau-gelber Aufdruck verl\u00e4uft \u00fcber die Seitenstreifen, w\u00e4hrend Bocas Slogan La Mitad +1 (\u201ehalb plus eins\u201c) auf der oberen R\u00fcckseite direkt unter dem Kragen platziert ist, um ein ordentliches Zeichen zu setzen.<\/p>\n<p>Suggerimenti per la stampa: Se il nome e il numero dell'immagine sono esattamente quelli desiderati, non \u00e8 necessario inserirli nuovamente. In caso contrario, \u00e8 necessario inserire il nome e il numero desiderati.<\/p>\n<p>Consigli per il lavaggio: Si consiglia di lavare le magliette da calcio a mano. Se si desidera utilizzare la lavatrice, ricordarsi di capovolgere le magliette da calcio e poi lavarle. Riempire la macchina con acqua fredda e utilizzare un ciclo delicato per proteggere meglio i colori.<\/p>","protected":false},"excerpt":{"rendered":"<p>80 anni di una delle atmosfere pi\u00f9 impressionanti nel calcio professionistico meritano un po' di riconoscimento, e adidas lo celebra con la terza maglia Boca Juniors 20\/21, che presenta una stampa su misura di La Bombonera, visibile sul petto, con scritto \u00abLa Bombonera, 80\u00b0 anniversario\u00bb. La coraggiosa maglia gialla si abbina bene all'aspetto del colore delle partite in casa e [...]<\/p>","protected":false},"featured_media":4961,"comment_status":"open","ping_status":"closed","template":"","meta":[],"product_brand":[],"product_cat":[15],"product_tag":[20,208,207,21,22,23,24],"class_list":{"0":"post-4921","1":"product","2":"type-product","3":"status-publish","4":"has-post-thumbnail","6":"product_cat-unkategorisiert","7":"product_tag-coole-fussballtrikots","8":"product_tag-boca-juniors-heimtrikot","9":"product_tag-boca-juniors-trikots","10":"product_tag-fussballtrikot-fuer-herren","11":"product_tag-fussballtrikot-guenstig-kaufen","12":"product_tag-fussballtrikot-kurzarm","13":"product_tag-guenstiges-fussballtrikot","15":"first","16":"instock","17":"shipping-taxable","18":"purchasable","19":"product-type-variable"},"_links":{"self":[{"href":"https:\/\/www.billigtrikotde.com\/it\/wp-json\/wp\/v2\/product\/4921","targetHints":{"allow":["GET"]}}],"collection":[{"href":"https:\/\/www.billigtrikotde.com\/it\/wp-json\/wp\/v2\/product"}],"about":[{"href":"https:\/\/www.billigtrikotde.com\/it\/wp-json\/wp\/v2\/types\/product"}],"replies":[{"embeddable":true,"href":"https:\/\/www.billigtrikotde.com\/it\/wp-json\/wp\/v2\/comments?post=4921"}],"wp:featuredmedia":[{"embeddable":true,"href":"https:\/\/www.billigtrikotde.com\/it\/wp-json\/wp\/v2\/media\/4961"}],"wp:attachment":[{"href":"https:\/\/www.billigtrikotde.com\/it\/wp-json\/wp\/v2\/media?parent=4921"}],"wp:term":[{"taxonomy":"product_brand","embeddable":true,"href":"https:\/\/www.billigtrikotde.com\/it\/wp-json\/wp\/v2\/product_brand?post=4921"},{"taxonomy":"product_cat","embeddable":true,"href":"https:\/\/www.billigtrikotde.com\/it\/wp-json\/wp\/v2\/product_cat?post=4921"},{"taxonomy":"product_tag","embeddable":true,"href":"https:\/\/www.billigtrikotde.com\/it\/wp-json\/wp\/v2\/product_tag?post=4921"}],"curies":[{"name":"wp","href":"https:\/\/api.w.org\/{rel}","templated":true}]}}