{"id":4831,"date":"2024-10-23T16:08:50","date_gmt":"2024-10-23T14:08:50","guid":{"rendered":"http:\/\/billigtrikots.com\/?post_type=product&#038;p=4831"},"modified":"2024-10-23T16:10:58","modified_gmt":"2024-10-23T14:10:58","slug":"spanien-heimtrikot-home-em-2022-rot-kurzarm-kurze-hosen-koke-8","status":"publish","type":"product","link":"https:\/\/www.billigtrikotde.com\/it\/spanien-heimtrikot-home-em-2022-rot-kurzarm-kurze-hosen-koke-8\/","title":{"rendered":"Maglia Spagna Home EM 2022 Rosso Manica Corta + Pantaloncini KOKE 8"},"content":{"rendered":"<p>La nuova maglia degli Europei 2022 della Spagna introduce un look insolito, anche se presenta i colori tradizionali rosso e giallo. Secondo Adidas, la maglia da calcio della Spagna 2022 presenta un \u00abdesign pixelato ispirato alla bandiera nazionale\u00bb. Questo porta a un motivo a scacchi in diverse tonalit\u00e0 di rosso, che si estende alle maniche di colori differenti. Le tre strisce si trovano sulle spalle della maglia degli Europei 2020 della Spagna di Adidas, mentre un colletto ispirato agli anni '90 completa il design.<\/p>\n<p>Suggerimenti per la stampa: Se il nome e il numero dell'immagine sono esattamente quelli desiderati, non \u00e8 necessario inserirli nuovamente. In caso contrario, \u00e8 necessario inserire il nome e il numero desiderati.<\/p>\n<p>Consigli per il lavaggio: Si consiglia di lavare le magliette da calcio a mano. Se si desidera utilizzare la lavatrice, ricordarsi di capovolgere le magliette da calcio e poi lavarle. Riempire la macchina con acqua fredda e utilizzare un ciclo delicato per proteggere meglio i colori.<\/p>","protected":false},"excerpt":{"rendered":"<p>Das neue Spanien Em 2022 Trikot f\u00fchrt einen ungew\u00f6hnlichen Look ein, obwohl es die traditionellen Farben Rot und Gelb aufweist.Laut Adidas weist das Spanien 2022 Fu\u00dfballtrikot ein \u201everpixeltes Design auf, das von der Landesflagge inspiriert ist\u201c. Dies f\u00fchrt zu einem Karo-Design in verschiedenen Rott\u00f6nen, die auf den unterschiedlich farbigen \u00c4rmeln fortgef\u00fchrt werden.Die Drei Streifen befinden [&hellip;]<\/p>","protected":false},"featured_media":4870,"comment_status":"open","ping_status":"closed","template":"","meta":[],"product_brand":[],"product_cat":[131],"product_tag":[20,21,22,23,24,132],"class_list":{"0":"post-4831","1":"product","2":"type-product","3":"status-publish","4":"has-post-thumbnail","6":"product_cat-spanien-trikots","7":"product_tag-coole-fussballtrikots","8":"product_tag-fussballtrikot-fuer-herren","9":"product_tag-fussballtrikot-guenstig-kaufen","10":"product_tag-fussballtrikot-kurzarm","11":"product_tag-guenstiges-fussballtrikot","12":"product_tag-spanien-heimtrikot","14":"first","15":"instock","16":"shipping-taxable","17":"purchasable","18":"product-type-variable"},"_links":{"self":[{"href":"https:\/\/www.billigtrikotde.com\/it\/wp-json\/wp\/v2\/product\/4831","targetHints":{"allow":["GET"]}}],"collection":[{"href":"https:\/\/www.billigtrikotde.com\/it\/wp-json\/wp\/v2\/product"}],"about":[{"href":"https:\/\/www.billigtrikotde.com\/it\/wp-json\/wp\/v2\/types\/product"}],"replies":[{"embeddable":true,"href":"https:\/\/www.billigtrikotde.com\/it\/wp-json\/wp\/v2\/comments?post=4831"}],"wp:featuredmedia":[{"embeddable":true,"href":"https:\/\/www.billigtrikotde.com\/it\/wp-json\/wp\/v2\/media\/4870"}],"wp:attachment":[{"href":"https:\/\/www.billigtrikotde.com\/it\/wp-json\/wp\/v2\/media?parent=4831"}],"wp:term":[{"taxonomy":"product_brand","embeddable":true,"href":"https:\/\/www.billigtrikotde.com\/it\/wp-json\/wp\/v2\/product_brand?post=4831"},{"taxonomy":"product_cat","embeddable":true,"href":"https:\/\/www.billigtrikotde.com\/it\/wp-json\/wp\/v2\/product_cat?post=4831"},{"taxonomy":"product_tag","embeddable":true,"href":"https:\/\/www.billigtrikotde.com\/it\/wp-json\/wp\/v2\/product_tag?post=4831"}],"curies":[{"name":"wp","href":"https:\/\/api.w.org\/{rel}","templated":true}]}}