{"id":483,"date":"2024-10-23T12:51:13","date_gmt":"2024-10-23T10:51:13","guid":{"rendered":"http:\/\/billigtrikots.com\/?post_type=product&#038;p=483"},"modified":"2024-10-23T12:52:45","modified_gmt":"2024-10-23T10:52:45","slug":"fc-barcelona-herren-third-kit-2021-22-dunkelblau-gelb-mit-aufdruck-vidal-22","status":"publish","type":"product","link":"https:\/\/www.billigtrikotde.com\/it\/fc-barcelona-herren-third-kit-2021-22-dunkelblau-gelb-mit-aufdruck-vidal-22\/","title":{"rendered":"FC Barcelona Uomo Third Kit 2021\/22 blu scuro\/giallo con stampa VIDAL 22"},"content":{"rendered":"<p>La maglia di Nike in blu ti permette di indossare i colori del tuo club preferito e di mostrare a tutti per cosa batte il tuo cuore. Non si pu\u00f2 essere pi\u00f9 appassionati! Con questa maglia away del FC Barcelona arricchisci la tua collezione di tifoso con un articolo come quello indossato dai giocatori in Primera Division. La sua vestibilit\u00e0 super comoda, traspirante, che allontana il sudore e leggera, la rendono irresistibile. \u00c8 una maglia sportiva che pu\u00f2 sicuramente fare colpo grazie allo stemma della squadra sul petto. Con questa maglia sportiva sei perfettamente equipaggiato per ogni allenamento. Con questa maglia sportiva blu a righe sottolinei il tuo stile.<\/p>\n<p>Suggerimenti per la stampa: Se il nome e il numero dell'immagine sono esattamente quelli desiderati, non \u00e8 necessario inserirli nuovamente. In caso contrario, \u00e8 necessario inserire il nome e il numero desiderati.<\/p>\n<p>Consigli per il lavaggio: Si consiglia di lavare le magliette da calcio a mano. Se si desidera utilizzare la lavatrice, ricordarsi di capovolgere le magliette da calcio e poi lavarle. Riempire la macchina con acqua fredda e utilizzare un ciclo delicato per proteggere meglio i colori.<\/p>","protected":false},"excerpt":{"rendered":"<p>La maglietta di Nike in blu ti permette di indossare i colori del tuo club preferito e di mostrare a tutti per cosa batte il tuo cuore. Non si pu\u00f2 essere pi\u00f9 appassionati! Con questa maglietta da trasferta del FC Barcelona arricchisci la tua collezione di fan di un articolo indossato dai giocatori in Primera Division. La sua vestibilit\u00e0 super comoda, traspirante, che allontana il sudore e leggera, la rendono irresistibile. [...]<\/p>","protected":false},"featured_media":514,"comment_status":"open","ping_status":"closed","template":"","meta":[],"product_brand":[],"product_cat":[31],"product_tag":[20,37,33,21,22,23,24],"class_list":{"0":"post-483","1":"product","2":"type-product","3":"status-publish","4":"has-post-thumbnail","6":"product_cat-fc-barcelona","7":"product_tag-coole-fussballtrikots","8":"product_tag-fc-barcelona-ausweichtrikot","9":"product_tag-fc-barcelona-trikots","10":"product_tag-fussballtrikot-fuer-herren","11":"product_tag-fussballtrikot-guenstig-kaufen","12":"product_tag-fussballtrikot-kurzarm","13":"product_tag-guenstiges-fussballtrikot","15":"first","16":"instock","17":"shipping-taxable","18":"purchasable","19":"product-type-variable"},"_links":{"self":[{"href":"https:\/\/www.billigtrikotde.com\/it\/wp-json\/wp\/v2\/product\/483","targetHints":{"allow":["GET"]}}],"collection":[{"href":"https:\/\/www.billigtrikotde.com\/it\/wp-json\/wp\/v2\/product"}],"about":[{"href":"https:\/\/www.billigtrikotde.com\/it\/wp-json\/wp\/v2\/types\/product"}],"replies":[{"embeddable":true,"href":"https:\/\/www.billigtrikotde.com\/it\/wp-json\/wp\/v2\/comments?post=483"}],"wp:featuredmedia":[{"embeddable":true,"href":"https:\/\/www.billigtrikotde.com\/it\/wp-json\/wp\/v2\/media\/514"}],"wp:attachment":[{"href":"https:\/\/www.billigtrikotde.com\/it\/wp-json\/wp\/v2\/media?parent=483"}],"wp:term":[{"taxonomy":"product_brand","embeddable":true,"href":"https:\/\/www.billigtrikotde.com\/it\/wp-json\/wp\/v2\/product_brand?post=483"},{"taxonomy":"product_cat","embeddable":true,"href":"https:\/\/www.billigtrikotde.com\/it\/wp-json\/wp\/v2\/product_cat?post=483"},{"taxonomy":"product_tag","embeddable":true,"href":"https:\/\/www.billigtrikotde.com\/it\/wp-json\/wp\/v2\/product_tag?post=483"}],"curies":[{"name":"wp","href":"https:\/\/api.w.org\/{rel}","templated":true}]}}