{"id":4777,"date":"2024-10-23T16:06:30","date_gmt":"2024-10-23T14:06:30","guid":{"rendered":"http:\/\/billigtrikots.com\/?post_type=product&#038;p=4777"},"modified":"2024-10-23T16:08:39","modified_gmt":"2024-10-23T14:08:39","slug":"spanien-auswaertstrikot-em-2021-weiss-kurzarm-kurze-hosen-jordi-alba-18","status":"publish","type":"product","link":"https:\/\/www.billigtrikotde.com\/it\/spanien-auswaertstrikot-em-2021-weiss-kurzarm-kurze-hosen-jordi-alba-18\/","title":{"rendered":"Kit trasferta Spagna Euro 2021 bianco manica corta + pantaloncini JORDI ALBA 18"},"content":{"rendered":"<p>Sostenete la vostra squadra nella buona e nella cattiva sorte con questo modello traspirante in bianco. La scelta perfetta \u00e8 sicuramente la maglia adidas. Come vero tifoso della Spagna, avete bisogno di questa maglia da trasferta che i giocatori indosseranno ai Campionati Europei. La funzionalit\u00e0 confortevole, traspirante e leggera la rende convincente. L'elevata durata \u00e8 garantita. Il look di questa maglia \u00e8 enfatizzato dal logo dell'associazione sul petto. Con questa maglia potrete mostrare il vostro spirito di squadra e fare una figura sportiva ovunque andiate.<\/p>\n<p>Alcuni momenti rimangono impressi nella memoria per sempre. Sono sicuro che ogni tifoso della Spagna ricorda l'emozione della vittoria e la pioggia di coriandoli quando la squadra ha sollevato il trofeo in Sudafrica. La maglia da trasferta riprende questa immagine con un disegno astratto dipinto a mano. Il materiale morbido e ad asciugatura rapida garantisce una sensazione di comfort in campo o allo stadio. Il logo dell'associazione intrecciato sul petto indica per quale squadra batte il vostro cuore.<\/p>\n<p>Suggerimenti per la stampa: Se il nome e il numero dell'immagine sono esattamente quelli desiderati, non \u00e8 necessario inserirli nuovamente. In caso contrario, \u00e8 necessario inserire il nome e il numero desiderati.<\/p>\n<p>Consigli per il lavaggio: Si consiglia di lavare le magliette da calcio a mano. Se si desidera utilizzare la lavatrice, ricordarsi di capovolgere le magliette da calcio e poi lavarle. Riempire la macchina con acqua fredda e utilizzare un ciclo delicato per proteggere meglio i colori.<\/p>","protected":false},"excerpt":{"rendered":"<p>Du unterst\u00fctzt dein Team in guten wie in schlechten Zeiten mit dem atmungsaktiven Modell in Wei\u00df. Sicher die perfekte Entscheidung \u2013 das Trikot von adidas. Als echter Spanien-Fan brauchst du dieses Ausw\u00e4rts-Trikot, das die Spieler bei der Europameisterschaft tragen. Die bequeme, schwei\u00dfableitende, atmungsaktive und leichte Funktionsweise l\u00e4sst es \u00fcberzeugen. Eine hohe Haltbarkeit wird dir geboten. [&hellip;]<\/p>","protected":false},"featured_media":4811,"comment_status":"open","ping_status":"closed","template":"","meta":[],"product_brand":[],"product_cat":[131],"product_tag":[20,21,22,23,24,132],"class_list":{"0":"post-4777","1":"product","2":"type-product","3":"status-publish","4":"has-post-thumbnail","6":"product_cat-spanien-trikots","7":"product_tag-coole-fussballtrikots","8":"product_tag-fussballtrikot-fuer-herren","9":"product_tag-fussballtrikot-guenstig-kaufen","10":"product_tag-fussballtrikot-kurzarm","11":"product_tag-guenstiges-fussballtrikot","12":"product_tag-spanien-heimtrikot","14":"first","15":"instock","16":"shipping-taxable","17":"purchasable","18":"product-type-variable"},"_links":{"self":[{"href":"https:\/\/www.billigtrikotde.com\/it\/wp-json\/wp\/v2\/product\/4777","targetHints":{"allow":["GET"]}}],"collection":[{"href":"https:\/\/www.billigtrikotde.com\/it\/wp-json\/wp\/v2\/product"}],"about":[{"href":"https:\/\/www.billigtrikotde.com\/it\/wp-json\/wp\/v2\/types\/product"}],"replies":[{"embeddable":true,"href":"https:\/\/www.billigtrikotde.com\/it\/wp-json\/wp\/v2\/comments?post=4777"}],"wp:featuredmedia":[{"embeddable":true,"href":"https:\/\/www.billigtrikotde.com\/it\/wp-json\/wp\/v2\/media\/4811"}],"wp:attachment":[{"href":"https:\/\/www.billigtrikotde.com\/it\/wp-json\/wp\/v2\/media?parent=4777"}],"wp:term":[{"taxonomy":"product_brand","embeddable":true,"href":"https:\/\/www.billigtrikotde.com\/it\/wp-json\/wp\/v2\/product_brand?post=4777"},{"taxonomy":"product_cat","embeddable":true,"href":"https:\/\/www.billigtrikotde.com\/it\/wp-json\/wp\/v2\/product_cat?post=4777"},{"taxonomy":"product_tag","embeddable":true,"href":"https:\/\/www.billigtrikotde.com\/it\/wp-json\/wp\/v2\/product_tag?post=4777"}],"curies":[{"name":"wp","href":"https:\/\/api.w.org\/{rel}","templated":true}]}}