{"id":4666,"date":"2024-10-23T16:00:52","date_gmt":"2024-10-23T14:00:52","guid":{"rendered":"http:\/\/billigtrikots.com\/?post_type=product&#038;p=4666"},"modified":"2024-10-23T16:03:28","modified_gmt":"2024-10-23T14:03:28","slug":"argentina-world-cup-home-shirt-wm-trikot-2022","status":"publish","type":"product","link":"https:\/\/www.billigtrikotde.com\/it\/argentina-world-cup-home-shirt-wm-trikot-2022\/","title":{"rendered":"Maglia Argentina Coppa del Mondo Home Maglia Coppa del Mondo 2022"},"content":{"rendered":"<p>L'Argentina si prepara per affrontare i Mondiali del 2022 in Qatar con nuove divise realizzate da Adidas, con la La Albiceleste che questa volta presenta un design diverso. La divisa di casa dell'Argentina per i Mondiali 2022 con Adidas mantiene le consuete strisce blu e bianche, che rappresentano la bandiera nazionale dell'Argentina.<br \/>\nLa divisa di casa dell'Argentina per i Mondiali 2022 \u00e8 prevalentemente bianca con un nuovo logo Adidas in nero, che far\u00e0 il suo debutto nel calcio con le divise dei Mondiali 2022. Le strisce sulla nuova maglia di casa dell'Argentina per i Mondiali 2022 sono davvero insolite \u2013 invece di avere la stessa larghezza, ci sono due strisce azzurre pi\u00f9 sottili al centro, con due pi\u00f9 larghe ai lati della maglia. Queste strisce pi\u00f9 grandi sono circa tre volte pi\u00f9 larghe di quelle centrali.<br \/>\nGli argentini di tutto il mondo non vedranno l'ora di vedere i loro giocatori rappresentare la loro madrepatria e sperano di tornare con il trofeo. La competizione sar\u00e0 l'ultimo Mondiale di Lionel Messi e il Parisien vorr\u00e0 concludere la sua carriera internazionale in grande stile.<\/p>","protected":false},"excerpt":{"rendered":"<p>L'Argentina si prepara per affrontare i Mondiali del 2022 in Qatar con nuove divise realizzate da Adidas, con la La Albiceleste che questa volta presenta un design diverso. La divisa di casa dell'Argentina per i Mondiali 2022 con Adidas mantiene le consuete strisce blu e bianche, che rappresentano la bandiera nazionale dell'Argentina.<\/p>","protected":false},"featured_media":4703,"comment_status":"open","ping_status":"closed","template":"","meta":[],"product_brand":[],"product_cat":[111],"product_tag":[231,20,222,21,22,23,24],"class_list":{"0":"post-4666","1":"product","2":"type-product","3":"status-publish","4":"has-post-thumbnail","6":"product_cat-nationaltrikot","7":"product_tag-argentina-trikots","8":"product_tag-coole-fussballtrikots","9":"product_tag-fussball-wm-2022-trikots","10":"product_tag-fussballtrikot-fuer-herren","11":"product_tag-fussballtrikot-guenstig-kaufen","12":"product_tag-fussballtrikot-kurzarm","13":"product_tag-guenstiges-fussballtrikot","15":"first","16":"instock","17":"shipping-taxable","18":"purchasable","19":"product-type-variable"},"_links":{"self":[{"href":"https:\/\/www.billigtrikotde.com\/it\/wp-json\/wp\/v2\/product\/4666","targetHints":{"allow":["GET"]}}],"collection":[{"href":"https:\/\/www.billigtrikotde.com\/it\/wp-json\/wp\/v2\/product"}],"about":[{"href":"https:\/\/www.billigtrikotde.com\/it\/wp-json\/wp\/v2\/types\/product"}],"replies":[{"embeddable":true,"href":"https:\/\/www.billigtrikotde.com\/it\/wp-json\/wp\/v2\/comments?post=4666"}],"wp:featuredmedia":[{"embeddable":true,"href":"https:\/\/www.billigtrikotde.com\/it\/wp-json\/wp\/v2\/media\/4703"}],"wp:attachment":[{"href":"https:\/\/www.billigtrikotde.com\/it\/wp-json\/wp\/v2\/media?parent=4666"}],"wp:term":[{"taxonomy":"product_brand","embeddable":true,"href":"https:\/\/www.billigtrikotde.com\/it\/wp-json\/wp\/v2\/product_brand?post=4666"},{"taxonomy":"product_cat","embeddable":true,"href":"https:\/\/www.billigtrikotde.com\/it\/wp-json\/wp\/v2\/product_cat?post=4666"},{"taxonomy":"product_tag","embeddable":true,"href":"https:\/\/www.billigtrikotde.com\/it\/wp-json\/wp\/v2\/product_tag?post=4666"}],"curies":[{"name":"wp","href":"https:\/\/api.w.org\/{rel}","templated":true}]}}