{"id":4664,"date":"2024-10-23T16:00:51","date_gmt":"2024-10-23T14:00:51","guid":{"rendered":"http:\/\/billigtrikots.com\/?post_type=product&#038;p=4664"},"modified":"2024-10-23T16:02:56","modified_gmt":"2024-10-23T14:02:56","slug":"herren-trikot-home-serbien-cheap-heimtrikot-em-2021-rot","status":"publish","type":"product","link":"https:\/\/www.billigtrikotde.com\/it\/herren-trikot-home-serbien-cheap-heimtrikot-em-2021-rot\/","title":{"rendered":"Herren Trikot Home Serbien Cheap Heimtrikot EM 2021 Rot"},"content":{"rendered":"<p>PUMA lancia sul mercato la maglia sportiva rossa, un prodotto che ti permette di sostenere la tua squadra nei momenti buoni e in quelli difficili con amore e dedizione. In nessuna collezione di fan pu\u00f2 mancare questa maglia sportiva serba. Riteniamo che questo modello traspirante, assorbente il sudore, leggero e comodo con una piacevole sensazione da indosso sia consigliato. Inoltre ti viene offerta un\u2019elevata durabilit\u00e0. In questo modo sei ancora pi\u00f9 performante e puoi dare il massimo in ogni sessione. Si distingue esternamente per un logo della federazione sul petto.<\/p>\n<p>Aggiungi il nome e il numero per la tua maglia personalizzata.<\/p>\n<p>Consigli per il lavaggio: Si consiglia di lavare le magliette da calcio a mano. Se si desidera utilizzare la lavatrice, ricordarsi di capovolgere le magliette da calcio e poi lavarle. Riempire la macchina con acqua fredda e utilizzare un ciclo delicato per proteggere meglio i colori.<\/p>","protected":false},"excerpt":{"rendered":"<p>PUMA bringt mit dem Sportshirt in Rot ein Produkt auf den Markt, mit dem du dein Team in guten wie in schlechten Zeiten mit Liebe und Hingabe unterst\u00fctzen kannst. In keiner Fan-Kollektion darf dieses Serbien-Sportshirt fehlen. Wir empfehlen dieses atmungsaktive, schwei\u00dfableitende, leichte und bequeme Modell mit dem angenehmen Tragegef\u00fchl. Au\u00dferdem wird dir eine hohe Haltbarkeit [&hellip;]<\/p>","protected":false},"featured_media":4702,"comment_status":"open","ping_status":"closed","template":"","meta":[],"product_brand":[],"product_cat":[111],"product_tag":[20,21,22,23,24,229,230],"class_list":{"0":"post-4664","1":"product","2":"type-product","3":"status-publish","4":"has-post-thumbnail","6":"product_cat-nationaltrikot","7":"product_tag-coole-fussballtrikots","8":"product_tag-fussballtrikot-fuer-herren","9":"product_tag-fussballtrikot-guenstig-kaufen","10":"product_tag-fussballtrikot-kurzarm","11":"product_tag-guenstiges-fussballtrikot","12":"product_tag-serbien-heimtrikot","13":"product_tag-serbien-trikot","15":"first","16":"instock","17":"shipping-taxable","18":"purchasable","19":"product-type-variable"},"_links":{"self":[{"href":"https:\/\/www.billigtrikotde.com\/it\/wp-json\/wp\/v2\/product\/4664","targetHints":{"allow":["GET"]}}],"collection":[{"href":"https:\/\/www.billigtrikotde.com\/it\/wp-json\/wp\/v2\/product"}],"about":[{"href":"https:\/\/www.billigtrikotde.com\/it\/wp-json\/wp\/v2\/types\/product"}],"replies":[{"embeddable":true,"href":"https:\/\/www.billigtrikotde.com\/it\/wp-json\/wp\/v2\/comments?post=4664"}],"wp:featuredmedia":[{"embeddable":true,"href":"https:\/\/www.billigtrikotde.com\/it\/wp-json\/wp\/v2\/media\/4702"}],"wp:attachment":[{"href":"https:\/\/www.billigtrikotde.com\/it\/wp-json\/wp\/v2\/media?parent=4664"}],"wp:term":[{"taxonomy":"product_brand","embeddable":true,"href":"https:\/\/www.billigtrikotde.com\/it\/wp-json\/wp\/v2\/product_brand?post=4664"},{"taxonomy":"product_cat","embeddable":true,"href":"https:\/\/www.billigtrikotde.com\/it\/wp-json\/wp\/v2\/product_cat?post=4664"},{"taxonomy":"product_tag","embeddable":true,"href":"https:\/\/www.billigtrikotde.com\/it\/wp-json\/wp\/v2\/product_tag?post=4664"}],"curies":[{"name":"wp","href":"https:\/\/api.w.org\/{rel}","templated":true}]}}