{"id":4606,"date":"2024-10-23T15:57:56","date_gmt":"2024-10-23T13:57:56","guid":{"rendered":"http:\/\/billigtrikots.com\/?post_type=product&#038;p=4606"},"modified":"2024-10-23T16:00:08","modified_gmt":"2024-10-23T14:00:08","slug":"brasilien-fussball-wm-2022-weltmeisterschaft-auswaertstrikot-mit-aufdruck-neymar-jr-10","status":"publish","type":"product","link":"https:\/\/www.billigtrikotde.com\/it\/brasilien-fussball-wm-2022-weltmeisterschaft-auswaertstrikot-mit-aufdruck-neymar-jr-10\/","title":{"rendered":"Maglia da trasferta Brasile 2022 con stampa Neymar jR 10"},"content":{"rendered":"<p>La maglia da trasferta della Nike Brazil 2022 World Cup combina un colore di base blu con il verde chiaro dello Swoosh. I colori ufficiali sono \"Paramount Blue\/Dynamic Yellow\/Green Spark\". Il famoso stemma della Federcalcio brasiliana si trova sul petto a sinistra. \u00c8 composto dalle stelle e dalla scritta Brasil in giallo.<\/p>\n<p>Suggerimenti per la stampa: Se il nome e il numero dell'immagine sono esattamente quelli desiderati, non \u00e8 necessario inserirli nuovamente. In caso contrario, \u00e8 necessario inserire il nome e il numero desiderati.<\/p>\n<p>Consigli per il lavaggio: Si consiglia di lavare le magliette da calcio a mano. Se si desidera utilizzare la lavatrice, ricordarsi di capovolgere le magliette da calcio e poi lavarle. Riempire la macchina con acqua fredda e utilizzare un ciclo delicato per proteggere meglio i colori.<\/p>","protected":false},"excerpt":{"rendered":"<p>Das Nike Brasilien 2022 WM-Ausw\u00e4rtstrikot kombiniert eine blaue Grundfarbe mit Hellgr\u00fcn f\u00fcr den Swoosh. Die offiziellen Farben sind \u201cParamount Blue\/Dynamic Yellow\/Green Spark\u201d. Das ber\u00fchmte Wappen des brasilianischen Fu\u00dfballverbands befindet sich auf der linken Brust. Es besteht aus den Sternen und dem Schriftzug Brasil in Gelb. Tipps zum Drucken: Wenn der Name und die Nummer auf [&hellip;]<\/p>","protected":false},"featured_media":4645,"comment_status":"open","ping_status":"closed","template":"","meta":[],"product_brand":[],"product_cat":[112],"product_tag":[20,210,114,222,21,22,23,24],"class_list":{"0":"post-4606","1":"product","2":"type-product","3":"status-publish","4":"has-post-thumbnail","6":"product_cat-brasilien-trikots","7":"product_tag-coole-fussballtrikots","8":"product_tag-brasilien-auswaertstrikot","9":"product_tag-brasilien-trikots","10":"product_tag-fussball-wm-2022-trikots","11":"product_tag-fussballtrikot-fuer-herren","12":"product_tag-fussballtrikot-guenstig-kaufen","13":"product_tag-fussballtrikot-kurzarm","14":"product_tag-guenstiges-fussballtrikot","16":"first","17":"instock","18":"shipping-taxable","19":"purchasable","20":"product-type-variable"},"_links":{"self":[{"href":"https:\/\/www.billigtrikotde.com\/it\/wp-json\/wp\/v2\/product\/4606","targetHints":{"allow":["GET"]}}],"collection":[{"href":"https:\/\/www.billigtrikotde.com\/it\/wp-json\/wp\/v2\/product"}],"about":[{"href":"https:\/\/www.billigtrikotde.com\/it\/wp-json\/wp\/v2\/types\/product"}],"replies":[{"embeddable":true,"href":"https:\/\/www.billigtrikotde.com\/it\/wp-json\/wp\/v2\/comments?post=4606"}],"wp:featuredmedia":[{"embeddable":true,"href":"https:\/\/www.billigtrikotde.com\/it\/wp-json\/wp\/v2\/media\/4645"}],"wp:attachment":[{"href":"https:\/\/www.billigtrikotde.com\/it\/wp-json\/wp\/v2\/media?parent=4606"}],"wp:term":[{"taxonomy":"product_brand","embeddable":true,"href":"https:\/\/www.billigtrikotde.com\/it\/wp-json\/wp\/v2\/product_brand?post=4606"},{"taxonomy":"product_cat","embeddable":true,"href":"https:\/\/www.billigtrikotde.com\/it\/wp-json\/wp\/v2\/product_cat?post=4606"},{"taxonomy":"product_tag","embeddable":true,"href":"https:\/\/www.billigtrikotde.com\/it\/wp-json\/wp\/v2\/product_tag?post=4606"}],"curies":[{"name":"wp","href":"https:\/\/api.w.org\/{rel}","templated":true}]}}