{"id":4525,"date":"2024-10-23T15:53:57","date_gmt":"2024-10-23T13:53:57","guid":{"rendered":"http:\/\/billigtrikots.com\/?post_type=product&#038;p=4525"},"modified":"2024-10-23T15:56:03","modified_gmt":"2024-10-23T13:56:03","slug":"neue-dfb-deutschlands-wm-trikot-2022-football-shirt-mit-aufdruck-halstenberg-16","status":"publish","type":"product","link":"https:\/\/www.billigtrikotde.com\/it\/neue-dfb-deutschlands-wm-trikot-2022-football-shirt-mit-aufdruck-halstenberg-16\/","title":{"rendered":"Nuova maglia da calcio DFB Germania 2022 con stampa Halstenberg 16"},"content":{"rendered":"<p>La nuova maglia della Germania 2022 avr\u00e0 una base bianca con un motivo a zig-zag grigio sul davanti! Lo stemma della DFB sar\u00e0 oro e nero, il logo adidas e le quattro stelle, cos\u00ec come le estremit\u00e0 delle maniche e le spalle saranno dorate.<br \/>\nSuggerimenti per la stampa: Se il nome e il numero dell'immagine sono esattamente quelli desiderati, non \u00e8 necessario inserirli nuovamente. In caso contrario, \u00e8 necessario inserire il nome e il numero desiderati.<\/p>\n<p>Consigli per il lavaggio: Si consiglia di lavare le magliette da calcio a mano. Se si desidera utilizzare la lavatrice, ricordarsi di capovolgere le magliette da calcio e poi lavarle. Riempire la macchina con acqua fredda e utilizzare un ciclo delicato per proteggere meglio i colori.<\/p>","protected":false},"excerpt":{"rendered":"<p>Una base bianca con motivi a zig-zag grigi sulla parte anteriore deve avere la nuova maglia della Germania 2022! Oro-Nero sar\u00e0 l emblema DFB, Oro il logo adidas e le quattro stelle nonch\u00e9 gli estremit\u00e0 delle maniche e le spalle. Suggerimenti per la stampa: se il nome e il numero sull'immagine corrispondono esattamente alle vostre preferenze, non \u00e8 necessario reinserirli. Se [\u2026]<\/p>","protected":false},"featured_media":4564,"comment_status":"open","ping_status":"closed","template":"","meta":[],"product_brand":[],"product_cat":[170],"product_tag":[20,212,172,213,21,22,23,24],"class_list":{"0":"post-4525","1":"product","2":"type-product","3":"status-publish","4":"has-post-thumbnail","6":"product_cat-deutschland-trikots","7":"product_tag-coole-fussballtrikots","8":"product_tag-deutschland-heimtrikot","9":"product_tag-deutschland-trikots","10":"product_tag-fussball-wm-2022","11":"product_tag-fussballtrikot-fuer-herren","12":"product_tag-fussballtrikot-guenstig-kaufen","13":"product_tag-fussballtrikot-kurzarm","14":"product_tag-guenstiges-fussballtrikot","16":"first","17":"instock","18":"shipping-taxable","19":"purchasable","20":"product-type-variable"},"_links":{"self":[{"href":"https:\/\/www.billigtrikotde.com\/it\/wp-json\/wp\/v2\/product\/4525","targetHints":{"allow":["GET"]}}],"collection":[{"href":"https:\/\/www.billigtrikotde.com\/it\/wp-json\/wp\/v2\/product"}],"about":[{"href":"https:\/\/www.billigtrikotde.com\/it\/wp-json\/wp\/v2\/types\/product"}],"replies":[{"embeddable":true,"href":"https:\/\/www.billigtrikotde.com\/it\/wp-json\/wp\/v2\/comments?post=4525"}],"wp:featuredmedia":[{"embeddable":true,"href":"https:\/\/www.billigtrikotde.com\/it\/wp-json\/wp\/v2\/media\/4564"}],"wp:attachment":[{"href":"https:\/\/www.billigtrikotde.com\/it\/wp-json\/wp\/v2\/media?parent=4525"}],"wp:term":[{"taxonomy":"product_brand","embeddable":true,"href":"https:\/\/www.billigtrikotde.com\/it\/wp-json\/wp\/v2\/product_brand?post=4525"},{"taxonomy":"product_cat","embeddable":true,"href":"https:\/\/www.billigtrikotde.com\/it\/wp-json\/wp\/v2\/product_cat?post=4525"},{"taxonomy":"product_tag","embeddable":true,"href":"https:\/\/www.billigtrikotde.com\/it\/wp-json\/wp\/v2\/product_tag?post=4525"}],"curies":[{"name":"wp","href":"https:\/\/api.w.org\/{rel}","templated":true}]}}