{"id":4393,"date":"2024-10-23T15:47:33","date_gmt":"2024-10-23T13:47:33","guid":{"rendered":"http:\/\/billigtrikots.com\/?post_type=product&#038;p=4393"},"modified":"2024-10-23T15:49:43","modified_gmt":"2024-10-23T13:49:43","slug":"sancho-25-manchester-united-2022-23-heimtrikot-herren-trikot-kurze-hosen","status":"publish","type":"product","link":"https:\/\/www.billigtrikotde.com\/it\/sancho-25-manchester-united-2022-23-heimtrikot-herren-trikot-kurze-hosen\/","title":{"rendered":"Sancho 25 Manchester United 2022-23 Home Shirt Uomo Maglia + Pantaloncini"},"content":{"rendered":"<p>La maglia Adidas Manchester United 2022-2023 combina un colore principale piuttosto rosso scuro con un logo Adidas bianco e tre strisce nere.<\/p>\n<p>Ci\u00f2 che rende speciale la maglia \u00e8 il colletto a polo. Il colletto bianco \u00e8 dotato di un design triangolare ispirato al 1994.<\/p>\n<p>le calze del Manchester United 22-23 maglia casalinga combinano il tradizionale colore principale nero con rosso. Presentano un diavolo rosso sul davanti e un logo Adidas bianco sulla parte posteriore. Il top \u00e8 rosso con tre strisce nere.<\/p>\n<p>La maglia Man United 22-23 ha uno scudo raffigurante il logo del Manchester United. Lo scudo ha la forma di una pentagola e \u00e8 realizzato in una tonalit\u00e0 di rosso leggermente pi\u00f9 scura rispetto al resto della maglia. \u00c8 inoltre delimitato da un sottile bordo per separare la forma.<\/p>\n<p>Suggerimenti per la stampa: Se il nome e il numero dell'immagine sono esattamente quelli desiderati, non \u00e8 necessario inserirli nuovamente. In caso contrario, \u00e8 necessario inserire il nome e il numero desiderati.<\/p>\n<p>Consigli per il lavaggio: Si consiglia di lavare le magliette da calcio a mano. Se si desidera utilizzare la lavatrice, ricordarsi di capovolgere le magliette da calcio e poi lavarle. Riempire la macchina con acqua fredda e utilizzare un ciclo delicato per proteggere meglio i colori.<\/p>","protected":false},"excerpt":{"rendered":"<p>La maglia Adidas Manchester United 2022-2023 combina un colore principale rosso piuttosto scuro con un logo Adidas bianco e tre strisce nere. Ci\u00f2 che rende speciale la maglia \u00e8 il colletto a polo. Il colletto bianco presenta un disegno triangolare ispirato al 1994. I calzettoni della maglia home del Manchester United 22-23 combinano il tradizionale colore principale nero con il rosso.<\/p>","protected":false},"featured_media":4432,"comment_status":"open","ping_status":"closed","template":"","meta":[],"product_brand":[],"product_cat":[50],"product_tag":[20,21,22,23,54,24,141,52],"class_list":{"0":"post-4393","1":"product","2":"type-product","3":"status-publish","4":"has-post-thumbnail","6":"product_cat-manchester-united","7":"product_tag-coole-fussballtrikots","8":"product_tag-fussballtrikot-fuer-herren","9":"product_tag-fussballtrikot-guenstig-kaufen","10":"product_tag-fussballtrikot-kurzarm","11":"product_tag-fussballtrikot-set","12":"product_tag-guenstiges-fussballtrikot","13":"product_tag-manchester-united-heimtrikot","14":"product_tag-manchester-united-trikots","16":"first","17":"instock","18":"shipping-taxable","19":"purchasable","20":"product-type-variable"},"_links":{"self":[{"href":"https:\/\/www.billigtrikotde.com\/it\/wp-json\/wp\/v2\/product\/4393","targetHints":{"allow":["GET"]}}],"collection":[{"href":"https:\/\/www.billigtrikotde.com\/it\/wp-json\/wp\/v2\/product"}],"about":[{"href":"https:\/\/www.billigtrikotde.com\/it\/wp-json\/wp\/v2\/types\/product"}],"replies":[{"embeddable":true,"href":"https:\/\/www.billigtrikotde.com\/it\/wp-json\/wp\/v2\/comments?post=4393"}],"wp:featuredmedia":[{"embeddable":true,"href":"https:\/\/www.billigtrikotde.com\/it\/wp-json\/wp\/v2\/media\/4432"}],"wp:attachment":[{"href":"https:\/\/www.billigtrikotde.com\/it\/wp-json\/wp\/v2\/media?parent=4393"}],"wp:term":[{"taxonomy":"product_brand","embeddable":true,"href":"https:\/\/www.billigtrikotde.com\/it\/wp-json\/wp\/v2\/product_brand?post=4393"},{"taxonomy":"product_cat","embeddable":true,"href":"https:\/\/www.billigtrikotde.com\/it\/wp-json\/wp\/v2\/product_cat?post=4393"},{"taxonomy":"product_tag","embeddable":true,"href":"https:\/\/www.billigtrikotde.com\/it\/wp-json\/wp\/v2\/product_tag?post=4393"}],"curies":[{"name":"wp","href":"https:\/\/api.w.org\/{rel}","templated":true}]}}