{"id":4151,"date":"2024-10-23T15:35:56","date_gmt":"2024-10-23T13:35:56","guid":{"rendered":"http:\/\/billigtrikots.com\/?post_type=product&#038;p=4151"},"modified":"2025-06-16T16:03:55","modified_gmt":"2025-06-16T14:03:55","slug":"juventus-turin-herren-auswaerts-trikot-2021-22-schwarz-weiss-mit-aufdruck-bonucci-19","status":"publish","type":"product","link":"https:\/\/www.billigtrikotde.com\/it\/juventus-turin-herren-auswaerts-trikot-2021-22-schwarz-weiss-mit-aufdruck-bonucci-19\/","title":{"rendered":"Maglia da trasferta Juventus Torino 2021\/22 nero\/bianco con stampa Bonucci 19"},"content":{"rendered":"<p>La nuovissima maglia da trasferta da uomo della Juventus Torino porta, come sempre, il fiero stemma del club sul lato del cuore ed \u00e8 decorata con il logo adidas, il design a 3 strisce e la scritta dello sponsor ufficiale.<\/p>\n<p>Realizzata in morbido materiale Aeroready, la nuova maglia JUVE da uomo offre un'ottimale gestione del calore e dell'umidit\u00e0, garantendo un comfort sempre asciutto. Con colletto a coste e una vestibilit\u00e0 leggermente pi\u00f9 ampia rispetto alla maglia da gioco stessa, offre anche la massima libert\u00e0 di movimento in tutte le direzioni per performare sempre al meglio \u2013 sia in campo, nel tempo libero o durante l'allenamento personale.<\/p>\n<p>Suggerimenti per la stampa: Se il nome e il numero dell'immagine sono esattamente quelli desiderati, non \u00e8 necessario inserirli nuovamente. In caso contrario, \u00e8 necessario inserire il nome e il numero desiderati.<\/p>\n<p>Consigli per il lavaggio: Si consiglia di lavare le magliette da calcio a mano. Se si desidera utilizzare la lavatrice, ricordarsi di capovolgere le magliette da calcio e poi lavarle.<\/p>","protected":false},"excerpt":{"rendered":"<p>La nuovissima maglia da trasferta da uomo della Juventus Torino porta ovviamente, come sempre, l'orgoglioso stemma del club sul cuore ed \u00e8 ornata con il logo adidas, il design a 3 strisce e l'iscrizione ufficiale dello sponsor della sponsorizzazione. Realizzata in materiale Aeroready morbido, la nuova maglia JUVE da uomo offre una gestione ottimale del calore e dell'umidit\u00e0 e quindi un sempre [\u2026]<\/p>","protected":false},"featured_media":4193,"comment_status":"open","ping_status":"closed","template":"","meta":[],"product_brand":[],"product_cat":[59],"product_tag":[20,38,21,24,150,61],"class_list":{"0":"post-4151","1":"product","2":"type-product","3":"status-publish","4":"has-post-thumbnail","6":"product_cat-juventus","7":"product_tag-coole-fussballtrikots","8":"product_tag-fussball-trikot-langarm","9":"product_tag-fussballtrikot-fuer-herren","10":"product_tag-guenstiges-fussballtrikot","11":"product_tag-juventus-auswaertstrikot","12":"product_tag-juventus-trikots","14":"first","15":"instock","16":"shipping-taxable","17":"purchasable","18":"product-type-variable"},"_links":{"self":[{"href":"https:\/\/www.billigtrikotde.com\/it\/wp-json\/wp\/v2\/product\/4151","targetHints":{"allow":["GET"]}}],"collection":[{"href":"https:\/\/www.billigtrikotde.com\/it\/wp-json\/wp\/v2\/product"}],"about":[{"href":"https:\/\/www.billigtrikotde.com\/it\/wp-json\/wp\/v2\/types\/product"}],"replies":[{"embeddable":true,"href":"https:\/\/www.billigtrikotde.com\/it\/wp-json\/wp\/v2\/comments?post=4151"}],"wp:featuredmedia":[{"embeddable":true,"href":"https:\/\/www.billigtrikotde.com\/it\/wp-json\/wp\/v2\/media\/4193"}],"wp:attachment":[{"href":"https:\/\/www.billigtrikotde.com\/it\/wp-json\/wp\/v2\/media?parent=4151"}],"wp:term":[{"taxonomy":"product_brand","embeddable":true,"href":"https:\/\/www.billigtrikotde.com\/it\/wp-json\/wp\/v2\/product_brand?post=4151"},{"taxonomy":"product_cat","embeddable":true,"href":"https:\/\/www.billigtrikotde.com\/it\/wp-json\/wp\/v2\/product_cat?post=4151"},{"taxonomy":"product_tag","embeddable":true,"href":"https:\/\/www.billigtrikotde.com\/it\/wp-json\/wp\/v2\/product_tag?post=4151"}],"curies":[{"name":"wp","href":"https:\/\/api.w.org\/{rel}","templated":true}]}}