{"id":3994,"date":"2024-10-23T15:28:32","date_gmt":"2024-10-23T13:28:32","guid":{"rendered":"http:\/\/billigtrikots.com\/?post_type=product&#038;p=3994"},"modified":"2024-10-23T15:30:45","modified_gmt":"2024-10-23T13:30:45","slug":"los-angeles-fc-lafc-2021-black-gold-replica-jersey","status":"publish","type":"product","link":"https:\/\/www.billigtrikotde.com\/it\/los-angeles-fc-lafc-2021-black-gold-replica-jersey\/","title":{"rendered":"Los Angeles FC LAFC 2021 Maglia Replica Nero Oro"},"content":{"rendered":"<p>Il tuo giovane tifoso \u00e8 un grande fan del LAFC e ogni volta che scendono in campo, il tuo bambino \u00e8 sintonizzato. Assicurati che siano equipaggiati a dovere con questa maglia Primaria Replica 2021! \u00c8 emozionante essere un devoto tifoso del LAFC e il tuo ragazzo sar\u00e0 il pi\u00f9 grande in circolazione con questa maglia adidas, caratterizzata da una grafica nitida della squadra e dalla tecnologia AEROREADY che lo terr\u00e0 comodo mentre esulta per la vittoria della squadra.<\/p>\n<p>Vogliamo che i tifosi celebrino il loro fandom personalizzando alcuni prodotti. Per questi prodotti personalizzabili, comprese le maglie, invitiamo i clienti a dirci come desiderano che appaia il loro nome preferito o un altro testo, digitandolo nel campo indicato.<\/p>","protected":false},"excerpt":{"rendered":"<p>Your young fan is a huge LAFC fan and whenever they\u2019re on the pitch, your kiddo is tuned in. Be sure they are outfitted properly by grabbing this 2021 Primary Replica Jersey! It\u2019s exciting being a devout LAFC fan and your youngster will be the biggest one around in this adidas jersey, featuring crisp team [&hellip;]<\/p>","protected":false},"featured_media":4035,"comment_status":"open","ping_status":"closed","template":"","meta":[],"product_brand":[],"product_cat":[196],"product_tag":[20,21,22,23,24,197,198,199],"class_list":{"0":"post-3994","1":"product","2":"type-product","3":"status-publish","4":"has-post-thumbnail","6":"product_cat-los-angeles-fc","7":"product_tag-coole-fussballtrikots","8":"product_tag-fussballtrikot-fuer-herren","9":"product_tag-fussballtrikot-guenstig-kaufen","10":"product_tag-fussballtrikot-kurzarm","11":"product_tag-guenstiges-fussballtrikot","12":"product_tag-lafc-jerseys","13":"product_tag-los-angeles-fc-home-replica-jersey","14":"product_tag-replica-jersey","16":"first","17":"instock","18":"shipping-taxable","19":"purchasable","20":"product-type-variable"},"_links":{"self":[{"href":"https:\/\/www.billigtrikotde.com\/it\/wp-json\/wp\/v2\/product\/3994","targetHints":{"allow":["GET"]}}],"collection":[{"href":"https:\/\/www.billigtrikotde.com\/it\/wp-json\/wp\/v2\/product"}],"about":[{"href":"https:\/\/www.billigtrikotde.com\/it\/wp-json\/wp\/v2\/types\/product"}],"replies":[{"embeddable":true,"href":"https:\/\/www.billigtrikotde.com\/it\/wp-json\/wp\/v2\/comments?post=3994"}],"wp:featuredmedia":[{"embeddable":true,"href":"https:\/\/www.billigtrikotde.com\/it\/wp-json\/wp\/v2\/media\/4035"}],"wp:attachment":[{"href":"https:\/\/www.billigtrikotde.com\/it\/wp-json\/wp\/v2\/media?parent=3994"}],"wp:term":[{"taxonomy":"product_brand","embeddable":true,"href":"https:\/\/www.billigtrikotde.com\/it\/wp-json\/wp\/v2\/product_brand?post=3994"},{"taxonomy":"product_cat","embeddable":true,"href":"https:\/\/www.billigtrikotde.com\/it\/wp-json\/wp\/v2\/product_cat?post=3994"},{"taxonomy":"product_tag","embeddable":true,"href":"https:\/\/www.billigtrikotde.com\/it\/wp-json\/wp\/v2\/product_tag?post=3994"}],"curies":[{"name":"wp","href":"https:\/\/api.w.org\/{rel}","templated":true}]}}