{"id":3980,"date":"2024-10-23T15:27:57","date_gmt":"2024-10-23T13:27:57","guid":{"rendered":"http:\/\/billigtrikots.com\/?post_type=product&#038;p=3980"},"modified":"2024-10-23T15:30:08","modified_gmt":"2024-10-23T13:30:08","slug":"los-angeles-fc-2021-lafc-black-gold-primary-replica-player-jersey-diego-rossi-9","status":"publish","type":"product","link":"https:\/\/www.billigtrikotde.com\/it\/los-angeles-fc-2021-lafc-black-gold-primary-replica-player-jersey-diego-rossi-9\/","title":{"rendered":"Los Angeles FC 2021 LAFC Nero Oro Maglia Replica Giocatore Diego Rossi 9"},"content":{"rendered":"<p>Sei un grande fan dell'LAFC e, ogni volta che sono in campo, sei sintonizzato. Assicurati di essere adeguatamente vestito prendendo questa maglia da giocatore replica primaria Diego Rossi 2021! \u00c8 emozionante essere un sostenitore devoto dell'LAFC e sarai il pi\u00f9 grande tra di loro in questa maglia adidas, con grafiche della squadra nitide e tecnologia AEROREADY che ti manterr\u00e0 comodo mentre tifi la tua squadra verso una vittoria.<\/p>\n<p>Vogliamo che i tifosi celebrino il loro fandom personalizzando alcuni prodotti. Per questi prodotti personalizzabili, comprese le maglie, invitiamo i clienti a dirci come desiderano che appaia il loro nome preferito o un altro testo, digitandolo nel campo indicato.<\/p>","protected":false},"excerpt":{"rendered":"<p>You\u2019re a huge LAFC fan, and whenever they\u2019re on the pitch, you\u2019re tuned in. Be sure you\u2019re outfitted properly by grabbing this Diego Rossi 2021 Primary Replica Player Jersey! It\u2019s exciting being a devout LAFC fan and you\u2019ll be the biggest one around in this adidas jersey, featuring crisp team graphics with AEROREADY technology that [&hellip;]<\/p>","protected":false},"featured_media":4022,"comment_status":"open","ping_status":"closed","template":"","meta":[],"product_brand":[],"product_cat":[196],"product_tag":[20,21,22,23,24,197,198,199],"class_list":{"0":"post-3980","1":"product","2":"type-product","3":"status-publish","4":"has-post-thumbnail","6":"product_cat-los-angeles-fc","7":"product_tag-coole-fussballtrikots","8":"product_tag-fussballtrikot-fuer-herren","9":"product_tag-fussballtrikot-guenstig-kaufen","10":"product_tag-fussballtrikot-kurzarm","11":"product_tag-guenstiges-fussballtrikot","12":"product_tag-lafc-jerseys","13":"product_tag-los-angeles-fc-home-replica-jersey","14":"product_tag-replica-jersey","16":"first","17":"instock","18":"shipping-taxable","19":"purchasable","20":"product-type-variable"},"_links":{"self":[{"href":"https:\/\/www.billigtrikotde.com\/it\/wp-json\/wp\/v2\/product\/3980","targetHints":{"allow":["GET"]}}],"collection":[{"href":"https:\/\/www.billigtrikotde.com\/it\/wp-json\/wp\/v2\/product"}],"about":[{"href":"https:\/\/www.billigtrikotde.com\/it\/wp-json\/wp\/v2\/types\/product"}],"replies":[{"embeddable":true,"href":"https:\/\/www.billigtrikotde.com\/it\/wp-json\/wp\/v2\/comments?post=3980"}],"wp:featuredmedia":[{"embeddable":true,"href":"https:\/\/www.billigtrikotde.com\/it\/wp-json\/wp\/v2\/media\/4022"}],"wp:attachment":[{"href":"https:\/\/www.billigtrikotde.com\/it\/wp-json\/wp\/v2\/media?parent=3980"}],"wp:term":[{"taxonomy":"product_brand","embeddable":true,"href":"https:\/\/www.billigtrikotde.com\/it\/wp-json\/wp\/v2\/product_brand?post=3980"},{"taxonomy":"product_cat","embeddable":true,"href":"https:\/\/www.billigtrikotde.com\/it\/wp-json\/wp\/v2\/product_cat?post=3980"},{"taxonomy":"product_tag","embeddable":true,"href":"https:\/\/www.billigtrikotde.com\/it\/wp-json\/wp\/v2\/product_tag?post=3980"}],"curies":[{"name":"wp","href":"https:\/\/api.w.org\/{rel}","templated":true}]}}