{"id":3944,"date":"2024-10-23T15:26:13","date_gmt":"2024-10-23T13:26:13","guid":{"rendered":"http:\/\/billigtrikots.com\/?post_type=product&#038;p=3944"},"modified":"2024-10-23T15:28:23","modified_gmt":"2024-10-23T13:28:23","slug":"ssc-naepel-maradona-fussballtrikot-2021-2022-marineblau-mit-aufdruck-maradona-10","status":"publish","type":"product","link":"https:\/\/www.billigtrikotde.com\/it\/ssc-naepel-maradona-fussballtrikot-2021-2022-marineblau-mit-aufdruck-maradona-10\/","title":{"rendered":"SSC Naepel Maradona Football Shirt 2021-2022 Blu navy con stampa Maradona 10"},"content":{"rendered":"<p>Il colore di base della maglia da calcio EA7 Napoli Maradona 2021-2022 \u00e8 blu navy e presenta una stampa di Maradona con la maglia da calcio argentina sul lato inferiore. La stampa \u00e8 rifinita con un disegno simile a un'impronta digitale. La stampa \u00e8 ispirata a un'opera d'arte dell'artista napoletano Guiseppe Klain. La maglia presenta anche accenti azzurri ispirati ai colori del club SSC Napoli. La banda sul fondo delle maniche \u00e8 azzurra, cos\u00ec come lo scollo rotondo e la nastratura sulle spalle. Il logo Emporio Armani Sportswear \u00e8 presente sul petto a destra, mentre lo stemma del club \u00e8 presente sul petto a sinistra. I loghi Lete e MSC sono visibili al centro della maglia. Sulla manica sinistra della maglia \u00e8 presente il logo dello sponsor Amazon. Le iniziali del club sono incorporate nel collo sul retro della maglia da calcio Napoli Maradona: SSCN.<\/p>\n<p>Consigli per il lavaggio: Si consiglia di lavare le magliette da calcio a mano. Se si desidera utilizzare la lavatrice, ricordarsi di capovolgere le magliette da calcio e poi lavarle. Riempire la macchina con acqua fredda e utilizzare un ciclo delicato per proteggere meglio i colori.<\/p>\n<p>Magliette da calcio da stampare online<br \/>\nAvete la possibilit\u00e0 di personalizzare la vostra maglia da calcio. Si pu\u00f2 scegliere il giocatore della propria squadra preferita o il proprio nome e numero.<\/p>","protected":false},"excerpt":{"rendered":"<p>Die Grundfarbe des EA7 Napoli Maradona 2021-2022 Fu\u00dfballtrikots ist Marineblau und enth\u00e4lt einen Aufdruck von Maradona im argentinischen Fu\u00dfballtrikot auf der Unterseite. Dieser Druck ist in einem fingerabdruck\u00e4hnlichen Design verarbeitet. Der Druck ist von einem Kunstwerk des neapolitanischen K\u00fcnstlers Guiseppe Klain inspiriert. Dar\u00fcber hinaus enth\u00e4lt das Trikot auch hellblaue Akzente, inspiriert von den Vereinsfarben des [&hellip;]<\/p>","protected":false},"featured_media":3985,"comment_status":"open","ping_status":"closed","template":"","meta":[],"product_brand":[],"product_cat":[192],"product_tag":[20,21,22,23,24,193],"class_list":{"0":"post-3944","1":"product","2":"type-product","3":"status-publish","4":"has-post-thumbnail","6":"product_cat-ssc-napoli","7":"product_tag-coole-fussballtrikots","8":"product_tag-fussballtrikot-fuer-herren","9":"product_tag-fussballtrikot-guenstig-kaufen","10":"product_tag-fussballtrikot-kurzarm","11":"product_tag-guenstiges-fussballtrikot","12":"product_tag-napoli-kits","14":"first","15":"instock","16":"shipping-taxable","17":"purchasable","18":"product-type-variable"},"_links":{"self":[{"href":"https:\/\/www.billigtrikotde.com\/it\/wp-json\/wp\/v2\/product\/3944","targetHints":{"allow":["GET"]}}],"collection":[{"href":"https:\/\/www.billigtrikotde.com\/it\/wp-json\/wp\/v2\/product"}],"about":[{"href":"https:\/\/www.billigtrikotde.com\/it\/wp-json\/wp\/v2\/types\/product"}],"replies":[{"embeddable":true,"href":"https:\/\/www.billigtrikotde.com\/it\/wp-json\/wp\/v2\/comments?post=3944"}],"wp:featuredmedia":[{"embeddable":true,"href":"https:\/\/www.billigtrikotde.com\/it\/wp-json\/wp\/v2\/media\/3985"}],"wp:attachment":[{"href":"https:\/\/www.billigtrikotde.com\/it\/wp-json\/wp\/v2\/media?parent=3944"}],"wp:term":[{"taxonomy":"product_brand","embeddable":true,"href":"https:\/\/www.billigtrikotde.com\/it\/wp-json\/wp\/v2\/product_brand?post=3944"},{"taxonomy":"product_cat","embeddable":true,"href":"https:\/\/www.billigtrikotde.com\/it\/wp-json\/wp\/v2\/product_cat?post=3944"},{"taxonomy":"product_tag","embeddable":true,"href":"https:\/\/www.billigtrikotde.com\/it\/wp-json\/wp\/v2\/product_tag?post=3944"}],"curies":[{"name":"wp","href":"https:\/\/api.w.org\/{rel}","templated":true}]}}