{"id":3894,"date":"2024-10-23T15:23:50","date_gmt":"2024-10-23T13:23:50","guid":{"rendered":"http:\/\/billigtrikots.com\/?post_type=product&#038;p=3894"},"modified":"2024-10-23T15:26:06","modified_gmt":"2024-10-23T13:26:06","slug":"la-galaxy-2021-2022-away-jersey-black-green-with-pavon-10-printing-short-shirt","status":"publish","type":"product","link":"https:\/\/www.billigtrikotde.com\/it\/la-galaxy-2021-2022-away-jersey-black-green-with-pavon-10-printing-short-shirt\/","title":{"rendered":"LA Galaxy 2021\/2022 Maglia da trasferta nero verde con stampa PAVON 10 Maglia corta"},"content":{"rendered":"<p>Sfoggia un nuovo look e mostra il tuo sostegno ai Galaxy con questa maglia da trasferta 2021 di adidas, sviluppata con la tecnologia Aeroready che assorbe l'umidit\u00e0 e si asciuga rapidamente per un comfort ottimale. Il design a righe della maglia rende omaggio alla citt\u00e0 in cui nulla \u00e8 regalato e bisogna guadagnarsi le strisce, mentre il marchio adidas e lo stemma del club completano il look elegante perfetto per ogni fan del club.<\/p>\n<p>Suggerimenti per la stampa: Se il nome e il numero dell'immagine sono esattamente quelli desiderati, non \u00e8 necessario inserirli nuovamente. In caso contrario, \u00e8 necessario inserire il nome e il numero desiderati.<\/p>\n<p>Consigli per il lavaggio: Si consiglia di lavare le magliette da calcio a mano. Se si desidera utilizzare la lavatrice, ricordarsi di capovolgere le magliette da calcio e poi lavarle. Riempire la macchina con acqua fredda e utilizzare un ciclo delicato per proteggere meglio i colori.<\/p>","protected":false},"excerpt":{"rendered":"<p>Get a bold new look and showcase your support for The Galaxy with this 2021 Away Shirt from adidas which benefits from being developed with Aeroready technology which absorbs moisture and dries quickly for optimal comfort. The jersey\u2019s striped design pays tribute to the city where nothing is given and you have to earn your [&hellip;]<\/p>","protected":false},"featured_media":3937,"comment_status":"open","ping_status":"closed","template":"","meta":[],"product_brand":[],"product_cat":[182],"product_tag":[20,21,22,23,24,183,184],"class_list":{"0":"post-3894","1":"product","2":"type-product","3":"status-publish","4":"has-post-thumbnail","6":"product_cat-la-galaxy","7":"product_tag-coole-fussballtrikots","8":"product_tag-fussballtrikot-fuer-herren","9":"product_tag-fussballtrikot-guenstig-kaufen","10":"product_tag-fussballtrikot-kurzarm","11":"product_tag-guenstiges-fussballtrikot","12":"product_tag-la-galaxy-away-shirt","13":"product_tag-la-galaxy-trikots","15":"first","16":"instock","17":"shipping-taxable","18":"purchasable","19":"product-type-variable"},"_links":{"self":[{"href":"https:\/\/www.billigtrikotde.com\/it\/wp-json\/wp\/v2\/product\/3894","targetHints":{"allow":["GET"]}}],"collection":[{"href":"https:\/\/www.billigtrikotde.com\/it\/wp-json\/wp\/v2\/product"}],"about":[{"href":"https:\/\/www.billigtrikotde.com\/it\/wp-json\/wp\/v2\/types\/product"}],"replies":[{"embeddable":true,"href":"https:\/\/www.billigtrikotde.com\/it\/wp-json\/wp\/v2\/comments?post=3894"}],"wp:featuredmedia":[{"embeddable":true,"href":"https:\/\/www.billigtrikotde.com\/it\/wp-json\/wp\/v2\/media\/3937"}],"wp:attachment":[{"href":"https:\/\/www.billigtrikotde.com\/it\/wp-json\/wp\/v2\/media?parent=3894"}],"wp:term":[{"taxonomy":"product_brand","embeddable":true,"href":"https:\/\/www.billigtrikotde.com\/it\/wp-json\/wp\/v2\/product_brand?post=3894"},{"taxonomy":"product_cat","embeddable":true,"href":"https:\/\/www.billigtrikotde.com\/it\/wp-json\/wp\/v2\/product_cat?post=3894"},{"taxonomy":"product_tag","embeddable":true,"href":"https:\/\/www.billigtrikotde.com\/it\/wp-json\/wp\/v2\/product_tag?post=3894"}],"curies":[{"name":"wp","href":"https:\/\/api.w.org\/{rel}","templated":true}]}}