{"id":3884,"date":"2024-10-23T15:23:18","date_gmt":"2024-10-23T13:23:18","guid":{"rendered":"http:\/\/billigtrikots.com\/?post_type=product&#038;p=3884"},"modified":"2024-10-23T15:25:30","modified_gmt":"2024-10-23T13:25:30","slug":"orlando-city-2021-22-home-thick-n-thin-kit-purple-gradient-design","status":"publish","type":"product","link":"https:\/\/www.billigtrikotde.com\/it\/orlando-city-2021-22-home-thick-n-thin-kit-purple-gradient-design\/","title":{"rendered":"Orlando City 2021\/22 Home Kit \"Thick N Thin\" Design viola sfumato"},"content":{"rendered":"<p>La maglia casalinga dell'Orlando City 2021 presenta una sfumatura di colore che combina due tonalit\u00e0 di viola: pi\u00f9 scuro nella parte superiore e pi\u00f9 chiaro e saturo nella parte inferiore.<\/p>\n<p>In termini di modello, la maglia dell'Orlando City 2021 ha lo stesso colletto della maglia home dei Portland Timbers.<\/p>\n<p>Vogliamo che i tifosi celebrino il loro fandom personalizzando alcuni prodotti. Per questi prodotti personalizzabili, comprese le maglie, chiediamo ai clienti di farci sapere come vorrebbero che apparisse il loro nome o altro testo preferito inserendolo nell'apposito campo. Tuttavia, solo perch\u00e9 un cliente pu\u00f2 inserire il testo di personalizzazione suggerito nella casella e completare l'ordine attraverso il sito web, non tutti i testi di personalizzazione suggeriti saranno accettati. Si noti che Fanatics pu\u00f2 rifiutare e annullare qualsiasi ordine personalizzato per qualsiasi motivo, compresi i messaggi ritenuti offensivi o inappropriati. Sei un grande tifoso degli Orlando City SC e ogni volta che scendono in campo sei acceso. Assicurati di essere adeguatamente equipaggiato con questa maglia personalizzata 2021 Thick N Thin! \u00c8 emozionante essere un fan sfegatato dell'Orlando City SC, e sarai il migliore con questa maglia adidas con grafica nitida della squadra e tecnologia innovativa per incitare la tua squadra alla vittoria.<\/p>","protected":false},"excerpt":{"rendered":"<p>Das Orlando City 2021 Heimtrikot weist einen Farbverlauf auf, der zwei Lilat\u00f6ne kombiniert \u2013 es ist oben dunkler und im unteren Teil heller und ges\u00e4ttigter. In Bezug auf das Template hat das Orlando City 2021 Trikot den gleichen Kragen wie das Portland Timbers Heimtrikot. Wir m\u00f6chten, dass Fans ihr Fandom feiern, indem sie bestimmte Produkte [&hellip;]<\/p>","protected":false},"featured_media":3925,"comment_status":"open","ping_status":"closed","template":"","meta":[],"product_brand":[],"product_cat":[179],"product_tag":[20,21,22,23,24,180,181],"class_list":{"0":"post-3884","1":"product","2":"type-product","3":"status-publish","4":"has-post-thumbnail","6":"product_cat-orlando-city-sc","7":"product_tag-coole-fussballtrikots","8":"product_tag-fussballtrikot-fuer-herren","9":"product_tag-fussballtrikot-guenstig-kaufen","10":"product_tag-fussballtrikot-kurzarm","11":"product_tag-guenstiges-fussballtrikot","12":"product_tag-orlando-city-heimtrikot","13":"product_tag-orlando-city-trikots","15":"first","16":"instock","17":"shipping-taxable","18":"purchasable","19":"product-type-variable"},"_links":{"self":[{"href":"https:\/\/www.billigtrikotde.com\/it\/wp-json\/wp\/v2\/product\/3884","targetHints":{"allow":["GET"]}}],"collection":[{"href":"https:\/\/www.billigtrikotde.com\/it\/wp-json\/wp\/v2\/product"}],"about":[{"href":"https:\/\/www.billigtrikotde.com\/it\/wp-json\/wp\/v2\/types\/product"}],"replies":[{"embeddable":true,"href":"https:\/\/www.billigtrikotde.com\/it\/wp-json\/wp\/v2\/comments?post=3884"}],"wp:featuredmedia":[{"embeddable":true,"href":"https:\/\/www.billigtrikotde.com\/it\/wp-json\/wp\/v2\/media\/3925"}],"wp:attachment":[{"href":"https:\/\/www.billigtrikotde.com\/it\/wp-json\/wp\/v2\/media?parent=3884"}],"wp:term":[{"taxonomy":"product_brand","embeddable":true,"href":"https:\/\/www.billigtrikotde.com\/it\/wp-json\/wp\/v2\/product_brand?post=3884"},{"taxonomy":"product_cat","embeddable":true,"href":"https:\/\/www.billigtrikotde.com\/it\/wp-json\/wp\/v2\/product_cat?post=3884"},{"taxonomy":"product_tag","embeddable":true,"href":"https:\/\/www.billigtrikotde.com\/it\/wp-json\/wp\/v2\/product_tag?post=3884"}],"curies":[{"name":"wp","href":"https:\/\/api.w.org\/{rel}","templated":true}]}}