{"id":3851,"date":"2024-10-23T15:21:40","date_gmt":"2024-10-23T13:21:40","guid":{"rendered":"http:\/\/billigtrikots.com\/?post_type=product&#038;p=3851"},"modified":"2024-10-23T15:24:18","modified_gmt":"2024-10-23T13:24:18","slug":"trikotsatz-kurzarm-tottenham-hotspur-heimtrikot-2021-22-weiss-mit-aufdruck-lukaks-27","status":"publish","type":"product","link":"https:\/\/www.billigtrikotde.com\/it\/trikotsatz-kurzarm-tottenham-hotspur-heimtrikot-2021-22-weiss-mit-aufdruck-lukaks-27\/","title":{"rendered":"Set di maglie Tottenham Hotspur Maglia casalinga 2021\/22 bianca con stampa LUKAKS 27"},"content":{"rendered":"<p>La maglietta di Nike in bianco ti permette di indossare i colori della tua squadra preferita e mostrare a tutti per cosa batte il tuo cuore. Per i veri tifosi dei Tottenham Hotspur, un must: la maglietta casalinga nel design originale, come indossata dai giocatori in Premier League. \u00c8 traspirante, comoda e leggera. A impreziosire l'aspetto fantastico di questa maglietta sportiva c'\u00e8 lo stemma della squadra sul petto. Questa maglietta sportiva \u00e8 stata creata per aumentare le tue prestazioni di un livello.<\/p>\n<p>Suggerimenti per la stampa: Se il nome e il numero dell'immagine sono esattamente quelli desiderati, non \u00e8 necessario inserirli nuovamente. In caso contrario, \u00e8 necessario inserire il nome e il numero desiderati.<\/p>\n<p>Consigli per il lavaggio: Si consiglia di lavare le magliette da calcio a mano. Se si desidera utilizzare la lavatrice, ricordarsi di capovolgere le magliette da calcio e poi lavarle. Riempire la macchina con acqua fredda e utilizzare un ciclo delicato per proteggere meglio i colori.<\/p>","protected":false},"excerpt":{"rendered":"<p>La maglia di Nike in bianco ti permette di indossare i colori della tua squadra del cuore e di mostrare a tutti per cosa batte il tuo cuore. Per i veri tifosi dei Tottenham Hotspur, un must: la maglia casalinga nel design originale, come quella indossata dai giocatori in Premier League. \u00c8 traspirante, comoda e leggera. A impreziosire l'aspetto fantastico del top sportivo c'\u00e8 lo stemma della societ\u00e0 [...]<\/p>","protected":false},"featured_media":3890,"comment_status":"open","ping_status":"closed","template":"","meta":[],"product_brand":[],"product_cat":[178],"product_tag":[20,21,22,23,24,106,104],"class_list":{"0":"post-3851","1":"product","2":"type-product","3":"status-publish","4":"has-post-thumbnail","6":"product_cat-tottenham-hotspur","7":"product_tag-coole-fussballtrikots","8":"product_tag-fussballtrikot-fuer-herren","9":"product_tag-fussballtrikot-guenstig-kaufen","10":"product_tag-fussballtrikot-kurzarm","11":"product_tag-guenstiges-fussballtrikot","12":"product_tag-tottenham-hotspur-heimtrikot","13":"product_tag-tottenham-hotspur-trikots","15":"first","16":"instock","17":"shipping-taxable","18":"purchasable","19":"product-type-variable"},"_links":{"self":[{"href":"https:\/\/www.billigtrikotde.com\/it\/wp-json\/wp\/v2\/product\/3851","targetHints":{"allow":["GET"]}}],"collection":[{"href":"https:\/\/www.billigtrikotde.com\/it\/wp-json\/wp\/v2\/product"}],"about":[{"href":"https:\/\/www.billigtrikotde.com\/it\/wp-json\/wp\/v2\/types\/product"}],"replies":[{"embeddable":true,"href":"https:\/\/www.billigtrikotde.com\/it\/wp-json\/wp\/v2\/comments?post=3851"}],"wp:featuredmedia":[{"embeddable":true,"href":"https:\/\/www.billigtrikotde.com\/it\/wp-json\/wp\/v2\/media\/3890"}],"wp:attachment":[{"href":"https:\/\/www.billigtrikotde.com\/it\/wp-json\/wp\/v2\/media?parent=3851"}],"wp:term":[{"taxonomy":"product_brand","embeddable":true,"href":"https:\/\/www.billigtrikotde.com\/it\/wp-json\/wp\/v2\/product_brand?post=3851"},{"taxonomy":"product_cat","embeddable":true,"href":"https:\/\/www.billigtrikotde.com\/it\/wp-json\/wp\/v2\/product_cat?post=3851"},{"taxonomy":"product_tag","embeddable":true,"href":"https:\/\/www.billigtrikotde.com\/it\/wp-json\/wp\/v2\/product_tag?post=3851"}],"curies":[{"name":"wp","href":"https:\/\/api.w.org\/{rel}","templated":true}]}}