{"id":3712,"date":"2024-10-23T15:15:26","date_gmt":"2024-10-23T13:15:26","guid":{"rendered":"http:\/\/billigtrikots.com\/?post_type=product&#038;p=3712"},"modified":"2024-10-23T15:17:32","modified_gmt":"2024-10-23T13:17:32","slug":"personalisierbar-fc-liverpool-ausweichtrikot-2021-22-gelb-rot-mit-aufdruck-virgil-4","status":"publish","type":"product","link":"https:\/\/www.billigtrikotde.com\/it\/personalisierbar-fc-liverpool-ausweichtrikot-2021-22-gelb-rot-mit-aufdruck-virgil-4\/","title":{"rendered":"Maglietta alternativa personalizzabile del FC Liverpool 2021\/22 giallo-rosso con stampa VIRGIL 4"},"content":{"rendered":"<p>epr\u00e4sentiere dein Team im Liverpool Ausweichtrikot. Das \u00e4u\u00dferst atmungsaktive Material leitet den Schwei\u00df von der Haut ab und sorgt damit f\u00fcr k\u00fchlen Tragekomfort \u0096 egal, ob auf dem Spielfeld oder der Trib\u00fcne.<\/p>\n<p>Comfort da indossare asciutto<\/p>\n<p>La tecnologia Nike Dri-FIT allontana il sudore dalla pelle, facendolo evaporare rapidamente e mantenendo l'asciutto e il comfort.<\/p>\n<p>Comfort da indossare pi\u00f9 fresco<\/p>\n<p>Il materiale Nike Breathe \u00e8 particolarmente traspirante e mantiene la pelle fresca.<\/p>\n<p>Suggerimenti per la stampa: Se il nome e il numero dell'immagine sono esattamente quelli desiderati, non \u00e8 necessario inserirli nuovamente. In caso contrario, \u00e8 necessario inserire il nome e il numero desiderati.<\/p>\n<p>Consigli per il lavaggio: Si consiglia di lavare le magliette da calcio a mano. Se si desidera utilizzare la lavatrice, ricordarsi di capovolgere le magliette da calcio e poi lavarle. Riempire la macchina con acqua fredda e utilizzare un ciclo delicato per proteggere meglio i colori.<\/p>","protected":false},"excerpt":{"rendered":"<p>Rappresenta la tua squadra con la maglia alternativa del Liverpool. Il materiale estremamente traspirante allontana il sudore dalla pelle e garantisce un comfort fresco durante l'uso \u2014 sia sul campo che in tribuna. Comfort di indossamento asciutto La tecnologia Nike Dri-FIT allontana il sudore dalla pelle, facendolo evaporare rapidamente, e permette un comfort di indossamento asciutto. Comfort di indossamento fresco Il [\u2026]<\/p>","protected":false},"featured_media":3746,"comment_status":"open","ping_status":"closed","template":"","meta":[],"product_brand":[],"product_cat":[176],"product_tag":[20,21,22,23,24,177,153],"class_list":{"0":"post-3712","1":"product","2":"type-product","3":"status-publish","4":"has-post-thumbnail","6":"product_cat-liverpool-fc","7":"product_tag-coole-fussballtrikots","8":"product_tag-fussballtrikot-fuer-herren","9":"product_tag-fussballtrikot-guenstig-kaufen","10":"product_tag-fussballtrikot-kurzarm","11":"product_tag-guenstiges-fussballtrikot","12":"product_tag-liverpool-ausweichtrikot","13":"product_tag-liverpool-trikots","15":"first","16":"instock","17":"shipping-taxable","18":"purchasable","19":"product-type-variable"},"_links":{"self":[{"href":"https:\/\/www.billigtrikotde.com\/it\/wp-json\/wp\/v2\/product\/3712","targetHints":{"allow":["GET"]}}],"collection":[{"href":"https:\/\/www.billigtrikotde.com\/it\/wp-json\/wp\/v2\/product"}],"about":[{"href":"https:\/\/www.billigtrikotde.com\/it\/wp-json\/wp\/v2\/types\/product"}],"replies":[{"embeddable":true,"href":"https:\/\/www.billigtrikotde.com\/it\/wp-json\/wp\/v2\/comments?post=3712"}],"wp:featuredmedia":[{"embeddable":true,"href":"https:\/\/www.billigtrikotde.com\/it\/wp-json\/wp\/v2\/media\/3746"}],"wp:attachment":[{"href":"https:\/\/www.billigtrikotde.com\/it\/wp-json\/wp\/v2\/media?parent=3712"}],"wp:term":[{"taxonomy":"product_brand","embeddable":true,"href":"https:\/\/www.billigtrikotde.com\/it\/wp-json\/wp\/v2\/product_brand?post=3712"},{"taxonomy":"product_cat","embeddable":true,"href":"https:\/\/www.billigtrikotde.com\/it\/wp-json\/wp\/v2\/product_cat?post=3712"},{"taxonomy":"product_tag","embeddable":true,"href":"https:\/\/www.billigtrikotde.com\/it\/wp-json\/wp\/v2\/product_tag?post=3712"}],"curies":[{"name":"wp","href":"https:\/\/api.w.org\/{rel}","templated":true}]}}