{"id":3678,"date":"2024-10-23T15:13:49","date_gmt":"2024-10-23T13:13:49","guid":{"rendered":"http:\/\/billigtrikots.com\/?post_type=product&#038;p=3678"},"modified":"2024-10-23T15:15:54","modified_gmt":"2024-10-23T13:15:54","slug":"personalisierbar-fc-liverpool-auswaertstrikot-2021-22-beige-mit-aufdruck-wijnaldum-5","status":"publish","type":"product","link":"https:\/\/www.billigtrikotde.com\/it\/personalisierbar-fc-liverpool-auswaertstrikot-2021-22-beige-mit-aufdruck-wijnaldum-5\/","title":{"rendered":"Kit da trasferta personalizzabile del Liverpool FC 2021\/22 beige con stampa WIJNALDUM 5"},"content":{"rendered":"<p>Arriva la maglia Nike in rosso che vi aiuter\u00e0 a sostenere il vostro club preferito in ogni situazione e a mostrare per cosa batte il vostro cuore. Ogni vero tifoso del Liverpool FC ha bisogno di questa maglia da trasferta, perch\u00e9 anche i giocatori la indossano in Premier League. Il modello leggero, traspirante e super confortevole \u00e8 vincente su tutti i fronti. Si distingue visivamente per lo stemma del club sul petto. Con questa maglia, potrete ottenere prestazioni ancora migliori e prepararvi per la prossima partita.<\/p>\n<p>Suggerimenti per la stampa: Se il nome e il numero dell'immagine sono esattamente quelli desiderati, non \u00e8 necessario inserirli nuovamente. In caso contrario, \u00e8 necessario inserire il nome e il numero desiderati.<\/p>\n<p>Consigli per il lavaggio: Si consiglia di lavare le magliette da calcio a mano. Se si desidera utilizzare la lavatrice, ricordarsi di capovolgere le magliette da calcio e poi lavarle. Riempire la macchina con acqua fredda e utilizzare un ciclo delicato per proteggere meglio i colori.<\/p>","protected":false},"excerpt":{"rendered":"<p>Hier kommt das Nike Shirt in Rot, das dir hilft, deinen Lieblingsverein in jeder Lage zu unterst\u00fctzen und zu zeigen, wof\u00fcr dein Herz schl\u00e4gt. Jeder waschechte FC Liverpool-Supporter ben\u00f6tigt dieses Ausw\u00e4rts-Shirt, denn auch die Spieler tragen es in der Premier League. Das leichte, schwei\u00dfableitende, atmungsaktive und super bequeme Modell \u00fcberzeugt auf ganzer Linie. Es besticht [&hellip;]<\/p>","protected":false},"featured_media":3719,"comment_status":"open","ping_status":"closed","template":"","meta":[],"product_brand":[],"product_cat":[176],"product_tag":[20,21,22,23,24,156,153],"class_list":{"0":"post-3678","1":"product","2":"type-product","3":"status-publish","4":"has-post-thumbnail","6":"product_cat-liverpool-fc","7":"product_tag-coole-fussballtrikots","8":"product_tag-fussballtrikot-fuer-herren","9":"product_tag-fussballtrikot-guenstig-kaufen","10":"product_tag-fussballtrikot-kurzarm","11":"product_tag-guenstiges-fussballtrikot","12":"product_tag-liverpool-auswaertstrikot","13":"product_tag-liverpool-trikots","15":"first","16":"instock","17":"shipping-taxable","18":"purchasable","19":"product-type-variable"},"_links":{"self":[{"href":"https:\/\/www.billigtrikotde.com\/it\/wp-json\/wp\/v2\/product\/3678","targetHints":{"allow":["GET"]}}],"collection":[{"href":"https:\/\/www.billigtrikotde.com\/it\/wp-json\/wp\/v2\/product"}],"about":[{"href":"https:\/\/www.billigtrikotde.com\/it\/wp-json\/wp\/v2\/types\/product"}],"replies":[{"embeddable":true,"href":"https:\/\/www.billigtrikotde.com\/it\/wp-json\/wp\/v2\/comments?post=3678"}],"wp:featuredmedia":[{"embeddable":true,"href":"https:\/\/www.billigtrikotde.com\/it\/wp-json\/wp\/v2\/media\/3719"}],"wp:attachment":[{"href":"https:\/\/www.billigtrikotde.com\/it\/wp-json\/wp\/v2\/media?parent=3678"}],"wp:term":[{"taxonomy":"product_brand","embeddable":true,"href":"https:\/\/www.billigtrikotde.com\/it\/wp-json\/wp\/v2\/product_brand?post=3678"},{"taxonomy":"product_cat","embeddable":true,"href":"https:\/\/www.billigtrikotde.com\/it\/wp-json\/wp\/v2\/product_cat?post=3678"},{"taxonomy":"product_tag","embeddable":true,"href":"https:\/\/www.billigtrikotde.com\/it\/wp-json\/wp\/v2\/product_tag?post=3678"}],"curies":[{"name":"wp","href":"https:\/\/api.w.org\/{rel}","templated":true}]}}