{"id":3663,"date":"2024-10-23T15:13:12","date_gmt":"2024-10-23T13:13:12","guid":{"rendered":"http:\/\/billigtrikots.com\/?post_type=product&#038;p=3663"},"modified":"2024-10-23T15:15:20","modified_gmt":"2024-10-23T13:15:20","slug":"fc-liverpool-herren-fussball-torwarttrikot-2021-2022-gruen-kurzarm-kurze-hosen","status":"publish","type":"product","link":"https:\/\/www.billigtrikotde.com\/it\/fc-liverpool-herren-fussball-torwarttrikot-2021-2022-gruen-kurzarm-kurze-hosen\/","title":{"rendered":"Kit portiere Liverpool FC uomo 2021\/2022 verde manica corta + pantaloncini"},"content":{"rendered":"<p>Mit dem bequemen Modell in Gr\u00fcn zeigst du deine bedingungslose Liebe zu deinem Verein. Nike ver\u00f6ffentlicht mit dem Torh\u00fcter-Trikot ein wirklich einmaliges Produkt. Mehr Unterst\u00fctzung geht kaum! Mit diesem FC Liverpool-Torh\u00fcter-Trikot erweiterst du deine Fan-Sammlung. Die schwei\u00dfableitende, atmungsaktive, leichte und bequeme Funktionsweise l\u00e4sst es \u00fcberzeugen. Mit diesem Trikot bist du f\u00fcr die n\u00e4chste Einheit perfekt ausgestattet. Dies ist ein Torh\u00fcter-Trikot, das durch das Vereinswappen auf der Brust garantiert trumpfen kann. Warte bei diesem gr\u00fcnen Torh\u00fcter-Trikot mit Karo-Muster nicht l\u00e4nger!<\/p>\n<p>Suggerimenti per la stampa: Se il nome e il numero dell'immagine sono esattamente quelli desiderati, non \u00e8 necessario inserirli nuovamente. In caso contrario, \u00e8 necessario inserire il nome e il numero desiderati.<\/p>\n<p>Consigli per il lavaggio: Si consiglia di lavare le magliette da calcio a mano. Se si desidera utilizzare la lavatrice, ricordarsi di capovolgere le magliette da calcio e poi lavarle. Riempire la macchina con acqua fredda e utilizzare un ciclo delicato per proteggere meglio i colori.<\/p>","protected":false},"excerpt":{"rendered":"<p>Con il modello confortevole in verde mostri il tuo amore incondizionato per il tuo club. Nike presenta con la maglia del portiere un prodotto davvero unico. Pi\u00f9 supporto \u00e8 difficile da ottenere! Con questa maglia del portiere del FC Liverpool arricchisci la tua collezione da tifoso. Il funzionamento che allontana il sudore, traspirante, leggero e confortevole la rende convincente. Con questa maglia sei perfetto per la prossima sessione [\u2026]<\/p>","protected":false},"featured_media":3707,"comment_status":"open","ping_status":"closed","template":"","meta":[],"product_brand":[],"product_cat":[176],"product_tag":[20,35,21,23,24,155],"class_list":{"0":"post-3663","1":"product","2":"type-product","3":"status-publish","4":"has-post-thumbnail","6":"product_cat-liverpool-fc","7":"product_tag-coole-fussballtrikots","8":"product_tag-fussball-torwarttrikots","9":"product_tag-fussballtrikot-fuer-herren","10":"product_tag-fussballtrikot-kurzarm","11":"product_tag-guenstiges-fussballtrikot","12":"product_tag-liverpool-torwarttrikot","14":"first","15":"instock","16":"shipping-taxable","17":"purchasable","18":"product-type-variable"},"_links":{"self":[{"href":"https:\/\/www.billigtrikotde.com\/it\/wp-json\/wp\/v2\/product\/3663","targetHints":{"allow":["GET"]}}],"collection":[{"href":"https:\/\/www.billigtrikotde.com\/it\/wp-json\/wp\/v2\/product"}],"about":[{"href":"https:\/\/www.billigtrikotde.com\/it\/wp-json\/wp\/v2\/types\/product"}],"replies":[{"embeddable":true,"href":"https:\/\/www.billigtrikotde.com\/it\/wp-json\/wp\/v2\/comments?post=3663"}],"wp:featuredmedia":[{"embeddable":true,"href":"https:\/\/www.billigtrikotde.com\/it\/wp-json\/wp\/v2\/media\/3707"}],"wp:attachment":[{"href":"https:\/\/www.billigtrikotde.com\/it\/wp-json\/wp\/v2\/media?parent=3663"}],"wp:term":[{"taxonomy":"product_brand","embeddable":true,"href":"https:\/\/www.billigtrikotde.com\/it\/wp-json\/wp\/v2\/product_brand?post=3663"},{"taxonomy":"product_cat","embeddable":true,"href":"https:\/\/www.billigtrikotde.com\/it\/wp-json\/wp\/v2\/product_cat?post=3663"},{"taxonomy":"product_tag","embeddable":true,"href":"https:\/\/www.billigtrikotde.com\/it\/wp-json\/wp\/v2\/product_tag?post=3663"}],"curies":[{"name":"wp","href":"https:\/\/api.w.org\/{rel}","templated":true}]}}