{"id":3637,"date":"2024-10-23T15:12:04","date_gmt":"2024-10-23T13:12:04","guid":{"rendered":"http:\/\/billigtrikots.com\/?post_type=product&#038;p=3637"},"modified":"2024-10-23T15:14:14","modified_gmt":"2024-10-23T13:14:14","slug":"fc-bayern-muenchen-3rd-herren-trikot-21-22-ausweichtrikot-weiss-mit-aufdruck-mueller-25","status":"publish","type":"product","link":"https:\/\/www.billigtrikotde.com\/it\/fc-bayern-muenchen-3rd-herren-trikot-21-22-ausweichtrikot-weiss-mit-aufdruck-mueller-25\/","title":{"rendered":"FC Bayern Monaco 3a maglia uomo 21\/22 away kit bianco con stampa M\u00fcller 25"},"content":{"rendered":"<p>Da Monaco non sono lontane le montagne. Non c'\u00e8 da stupirsi che l'abbigliamento di ausweis della adidas FC Bayern M\u00fcnchen sia ispirato alle Alpi. La maglia dei fan arriva con la tecnologia AEROREADY che assorbe l'umidit\u00e0 per una sensazione di comfort durante la vestibilit\u00e0. Ovviamente non pu\u00f2 mancare neanche lo slogan \u201eMia san mia\u201c nella zona del collo.<\/p>\n<p>Suggerimenti per la stampa: Se il nome e il numero dell'immagine sono esattamente quelli desiderati, non \u00e8 necessario inserirli nuovamente. In caso contrario, \u00e8 necessario inserire il nome e il numero desiderati.<\/p>\n<p>Consigli per il lavaggio: Si consiglia di lavare le magliette da calcio a mano. Se si desidera utilizzare la lavatrice, ricordarsi di capovolgere le magliette da calcio e poi lavarle. Riempire la macchina con acqua fredda e utilizzare un ciclo delicato per proteggere meglio i colori.<\/p>","protected":false},"excerpt":{"rendered":"<p>Da Monaco non sono lontane le montagne. Non c'\u00e8 da stupirsi che l'attrezzatura per l'identit\u00e0 adidas FC Bayern M\u00fcnchen sia ispirata dalle Alpi. La maglia dei tifosi arriva con la tecnologia AEROREADY che assorbe l'umidit\u00e0 per una sensazione di comfort durante l'indosso. Naturalmente non pu\u00f2 mancare nemmeno l'iscrizione \u00abMia san mia\u00bb nella zona della nuca. Consigli per la stampa: se il nome e il numero suonano su [\u2026]<\/p>","protected":false},"featured_media":3673,"comment_status":"open","ping_status":"closed","template":"","meta":[],"product_brand":[],"product_cat":[175],"product_tag":[139,137,20,21,22,23,24],"class_list":{"0":"post-3637","1":"product","2":"type-product","3":"status-publish","4":"has-post-thumbnail","6":"product_cat-bayern-munich","7":"product_tag-bayern-muenchen-ausweichtrikot","8":"product_tag-bayern-muenchen-trikots","9":"product_tag-coole-fussballtrikots","10":"product_tag-fussballtrikot-fuer-herren","11":"product_tag-fussballtrikot-guenstig-kaufen","12":"product_tag-fussballtrikot-kurzarm","13":"product_tag-guenstiges-fussballtrikot","15":"first","16":"instock","17":"shipping-taxable","18":"purchasable","19":"product-type-variable"},"_links":{"self":[{"href":"https:\/\/www.billigtrikotde.com\/it\/wp-json\/wp\/v2\/product\/3637","targetHints":{"allow":["GET"]}}],"collection":[{"href":"https:\/\/www.billigtrikotde.com\/it\/wp-json\/wp\/v2\/product"}],"about":[{"href":"https:\/\/www.billigtrikotde.com\/it\/wp-json\/wp\/v2\/types\/product"}],"replies":[{"embeddable":true,"href":"https:\/\/www.billigtrikotde.com\/it\/wp-json\/wp\/v2\/comments?post=3637"}],"wp:featuredmedia":[{"embeddable":true,"href":"https:\/\/www.billigtrikotde.com\/it\/wp-json\/wp\/v2\/media\/3673"}],"wp:attachment":[{"href":"https:\/\/www.billigtrikotde.com\/it\/wp-json\/wp\/v2\/media?parent=3637"}],"wp:term":[{"taxonomy":"product_brand","embeddable":true,"href":"https:\/\/www.billigtrikotde.com\/it\/wp-json\/wp\/v2\/product_brand?post=3637"},{"taxonomy":"product_cat","embeddable":true,"href":"https:\/\/www.billigtrikotde.com\/it\/wp-json\/wp\/v2\/product_cat?post=3637"},{"taxonomy":"product_tag","embeddable":true,"href":"https:\/\/www.billigtrikotde.com\/it\/wp-json\/wp\/v2\/product_tag?post=3637"}],"curies":[{"name":"wp","href":"https:\/\/api.w.org\/{rel}","templated":true}]}}