{"id":3600,"date":"2024-10-23T15:10:22","date_gmt":"2024-10-23T13:10:22","guid":{"rendered":"http:\/\/billigtrikots.com\/?post_type=product&#038;p=3600"},"modified":"2024-10-23T15:12:31","modified_gmt":"2024-10-23T13:12:31","slug":"dfb-deutschland-herren-torwarttrikot-em-2020-in-blau-mit-aufdruck-neuer-1","status":"publish","type":"product","link":"https:\/\/www.billigtrikotde.com\/it\/dfb-deutschland-herren-torwarttrikot-em-2020-in-blau-mit-aufdruck-neuer-1\/","title":{"rendered":"Maglia portiere DFB Germania uomo EM 2020 in blu con stampa Neuer 1"},"content":{"rendered":"<p>La superficie in mesh elegante \u00e8 integrata sui lati da inserti in stile batik. Questo design si ritrova anche sull'orlo del collo tondo. Le maniche lunghe si chiudono con polsini comodi aderenti. Le strisce sportive tipiche di adidas, il logo del marchio e l'emblema DFB non possono certo mancare anche sulla maglia sportiva. Abbina la tuta al tuo look sportivo o indossala durante la visione come parte del tuo look da tifoso.<\/p>\n<p>Suggerimenti per la stampa: Se il nome e il numero dell'immagine sono esattamente quelli desiderati, non \u00e8 necessario inserirli nuovamente. In caso contrario, \u00e8 necessario inserire il nome e il numero desiderati.<\/p>\n<p>Consigli per il lavaggio: Si consiglia di lavare le magliette da calcio a mano. Se si desidera utilizzare la lavatrice, ricordarsi di capovolgere le magliette da calcio e poi lavarle. Riempire la macchina con acqua fredda e utilizzare un ciclo delicato per proteggere meglio i colori.<\/p>","protected":false},"excerpt":{"rendered":"<p>Die coole Meshoberfl\u00e4che wird an den Seiten durch Eins\u00e4tze im Batikstil erg\u00e4nzt. Dieses Design findet sich auch am Rundhalsausschnitt wieder. Die langen \u00c4rmel schlie\u00dfen mit bequem anliegenden B\u00fcndchen ab. Die adidas-typischen Sportstreifen, das Markenlogo und das DFB-Emblem d\u00fcrfen bei dem Sportshirt nat\u00fcrlich auch nicht fehlen. Kombiniere das Trikot mit deinem Sportoutfit oder trag es beim [&hellip;]<\/p>","protected":false},"featured_media":3635,"comment_status":"open","ping_status":"closed","template":"","meta":[],"product_brand":[],"product_cat":[170],"product_tag":[20,171,172,21,22,23,24],"class_list":{"0":"post-3600","1":"product","2":"type-product","3":"status-publish","4":"has-post-thumbnail","6":"product_cat-deutschland-trikots","7":"product_tag-coole-fussballtrikots","8":"product_tag-deutschland-torwarttrikot","9":"product_tag-deutschland-trikots","10":"product_tag-fussballtrikot-fuer-herren","11":"product_tag-fussballtrikot-guenstig-kaufen","12":"product_tag-fussballtrikot-kurzarm","13":"product_tag-guenstiges-fussballtrikot","15":"first","16":"instock","17":"shipping-taxable","18":"purchasable","19":"product-type-variable"},"_links":{"self":[{"href":"https:\/\/www.billigtrikotde.com\/it\/wp-json\/wp\/v2\/product\/3600","targetHints":{"allow":["GET"]}}],"collection":[{"href":"https:\/\/www.billigtrikotde.com\/it\/wp-json\/wp\/v2\/product"}],"about":[{"href":"https:\/\/www.billigtrikotde.com\/it\/wp-json\/wp\/v2\/types\/product"}],"replies":[{"embeddable":true,"href":"https:\/\/www.billigtrikotde.com\/it\/wp-json\/wp\/v2\/comments?post=3600"}],"wp:featuredmedia":[{"embeddable":true,"href":"https:\/\/www.billigtrikotde.com\/it\/wp-json\/wp\/v2\/media\/3635"}],"wp:attachment":[{"href":"https:\/\/www.billigtrikotde.com\/it\/wp-json\/wp\/v2\/media?parent=3600"}],"wp:term":[{"taxonomy":"product_brand","embeddable":true,"href":"https:\/\/www.billigtrikotde.com\/it\/wp-json\/wp\/v2\/product_brand?post=3600"},{"taxonomy":"product_cat","embeddable":true,"href":"https:\/\/www.billigtrikotde.com\/it\/wp-json\/wp\/v2\/product_cat?post=3600"},{"taxonomy":"product_tag","embeddable":true,"href":"https:\/\/www.billigtrikotde.com\/it\/wp-json\/wp\/v2\/product_tag?post=3600"}],"curies":[{"name":"wp","href":"https:\/\/api.w.org\/{rel}","templated":true}]}}