{"id":3557,"date":"2024-10-23T15:08:17","date_gmt":"2024-10-23T13:08:17","guid":{"rendered":"http:\/\/billigtrikots.com\/?post_type=product&#038;p=3557"},"modified":"2025-06-09T04:42:53","modified_gmt":"2025-06-09T02:42:53","slug":"fc-arsenal-heimtrikot-2021-2022-fuer-kinder-weiss-rot-mit-odegaard-8-aufdruck","status":"publish","type":"product","link":"https:\/\/www.billigtrikotde.com\/it\/fc-arsenal-heimtrikot-2021-2022-fuer-kinder-weiss-rot-mit-odegaard-8-aufdruck\/","title":{"rendered":"Maglia casalinga FC Arsenal 2021\/2022 per bambini bianco\/rosso con stampa \u00d8degaard 8"},"content":{"rendered":"<p>La nuova maglia home dell'Arsenal di adidas si presenta nei tipici colori rosso e bianco della casa ed \u00e8 impreziosita da dettagli orgogliosi della squadra, come il logo originale del club. Inoltre, il logo adidas e il marchio dello sponsor completano la maglia.<\/p>\n<p>Realizzata in materiale Aeroready traspirante, la nuova maglia da bambino dell'Arsenal offre un comfort asciutto e fresco. La maglia home \u00e8 inoltre realizzata con fibre di poliestere riciclato 100% (Primegreen), che la rendono non solo dimensionalmente stabile e resistente, ma anche sostenibile! Tagliata leggermente pi\u00f9 larga rispetto alla maglia dei giocatori, garantisce anche una vestibilit\u00e0 di prima classe e una libert\u00e0 di movimento ottimale in tutte le direzioni.<\/p>\n<p>Da vero tifoso, non puoi non avere la maglia adidas FC Arsenal Kids Home 2021\/22! Acquistatela oggi stesso!<\/p>\n<p>Suggerimenti per la stampa: Se il nome e il numero dell'immagine sono esattamente quelli desiderati, non \u00e8 necessario inserirli nuovamente. In caso contrario, \u00e8 necessario inserire il nome e il numero desiderati.<\/p>\n<p>Consigli per il lavaggio: Si consiglia di lavare le magliette da calcio a mano. Se si desidera utilizzare la lavatrice, ricordarsi di capovolgere le magliette da calcio e poi lavarle. Riempire la macchina con acqua fredda e utilizzare un ciclo delicato per proteggere meglio i colori.<\/p>","protected":false},"excerpt":{"rendered":"<p>Das neue Arsenal Heim Trikot von adidas kommt in typischer rot-wei\u00dfer Heimfarbe und ist mit stolzen Teamdetails, wie dem originalen Clublogo geschm\u00fcckt. Au\u00dferdem f\u00fcgen sich das adidas Logo, sowie Sponsorenbrandings passend ein und machen das Trikot komplett. Gefertigt aus feuchtigkeitsableitendem Aeroready Material, bietet dir das neue Arsenal Kinder Trikot einen trockenen, k\u00fchlen Tragekomfort. Zudem besteht [&hellip;]<\/p>","protected":false},"featured_media":3597,"comment_status":"open","ping_status":"closed","template":"","meta":[],"product_brand":[],"product_cat":[167],"product_tag":[20,56,57,168,94],"class_list":{"0":"post-3557","1":"product","2":"type-product","3":"status-publish","4":"has-post-thumbnail","6":"product_cat-arsenal-kindertrikot","7":"product_tag-coole-fussballtrikots","8":"product_tag-fc-arsenal-heimtrikot","9":"product_tag-fc-arsenal-trikots","10":"product_tag-fc-arsenal-trikotsatz-fuer-kinder","11":"product_tag-kinder-fussball-trikotsatz","13":"first","14":"instock","15":"shipping-taxable","16":"purchasable","17":"product-type-variable"},"_links":{"self":[{"href":"https:\/\/www.billigtrikotde.com\/it\/wp-json\/wp\/v2\/product\/3557","targetHints":{"allow":["GET"]}}],"collection":[{"href":"https:\/\/www.billigtrikotde.com\/it\/wp-json\/wp\/v2\/product"}],"about":[{"href":"https:\/\/www.billigtrikotde.com\/it\/wp-json\/wp\/v2\/types\/product"}],"replies":[{"embeddable":true,"href":"https:\/\/www.billigtrikotde.com\/it\/wp-json\/wp\/v2\/comments?post=3557"}],"wp:featuredmedia":[{"embeddable":true,"href":"https:\/\/www.billigtrikotde.com\/it\/wp-json\/wp\/v2\/media\/3597"}],"wp:attachment":[{"href":"https:\/\/www.billigtrikotde.com\/it\/wp-json\/wp\/v2\/media?parent=3557"}],"wp:term":[{"taxonomy":"product_brand","embeddable":true,"href":"https:\/\/www.billigtrikotde.com\/it\/wp-json\/wp\/v2\/product_brand?post=3557"},{"taxonomy":"product_cat","embeddable":true,"href":"https:\/\/www.billigtrikotde.com\/it\/wp-json\/wp\/v2\/product_cat?post=3557"},{"taxonomy":"product_tag","embeddable":true,"href":"https:\/\/www.billigtrikotde.com\/it\/wp-json\/wp\/v2\/product_tag?post=3557"}],"curies":[{"name":"wp","href":"https:\/\/api.w.org\/{rel}","templated":true}]}}