{"id":355,"date":"2024-10-23T12:15:26","date_gmt":"2024-10-23T10:15:26","guid":{"rendered":"http:\/\/billigtrikots.com\/?post_type=product&#038;p=355"},"modified":"2024-10-23T12:47:51","modified_gmt":"2024-10-23T10:47:51","slug":"fc-barcelona-21-22-herren-heimtrikot-blau-rot-mit-a-iniesta-8-individualdruck-gelb","status":"publish","type":"product","link":"https:\/\/www.billigtrikotde.com\/it\/fc-barcelona-21-22-herren-heimtrikot-blau-rot-mit-a-iniesta-8-individualdruck-gelb\/","title":{"rendered":"FC Barcelona 21\/22 maglia da uomo blu\/rosso con stampa individuale A.Iniesta 8 giallo"},"content":{"rendered":"<p>Ecco la maglia da uomo in casa del Nike FC Barcelona 2021\/22, con un design classico in un nuovo look. Affrettati e procurati la maglia che ti permette di stare molto vicino ai tuoi idoli!<\/p>\n<p>Con la nuova maglia nel look originale dei tuoi eroi Messi, Su\u00e1rez, Demb\u00e9l\u00e9 e Co., rendi omaggio alla tua squadra preferita. La maglia si presenta nei colori tradizionali di casa con dettagli ufficiali del club. Cos\u00ec mostri subito a prima vista per quale squadra batte il tuo cuore. Naturalmente non pu\u00f2 mancare il leggendario Nike Swoosh, che in un colore a contrasto adatto crea un ulteriore punto focale.<\/p>\n<p>Ma non \u00e8 solo il design a conquistare. La vestibilit\u00e0 regolare \u00e8 leggermente pi\u00f9 ampia rispetto alla maglia da giocatore. La maglia Stadium Jersey ti offre il massimo comfort di indossamento, cos\u00ec come libert\u00e0 di movimento assoluta per performare sempre al meglio. La qualit\u00e0 Dri-Fit che assorbe il sudore ti garantisce anche un comfort di prima classe e ti mantiene asciutto anche in situazioni turbolente \u2013 sia durante l'entusiasmo dei tifosi che durante il tuo allenamento.<\/p>\n<p>Quindi non aspettare oltre e ordina subito! La maglia da uomo in casa del Nike FC Barcelona 2021\/22 non pu\u00f2 mancare tra le tue cose se sei un vero tifoso! Con essa mostri sempre il tuo riconoscimento e il tuo orgoglio per la tua squadra!<\/p>\n<p>Suggerimenti per la stampa: Se il nome e il numero dell'immagine sono esattamente quelli desiderati, non \u00e8 necessario inserirli nuovamente. In caso contrario, \u00e8 necessario inserire il nome e il numero desiderati.<\/p>\n<p>Consigli per il lavaggio: Si consiglia di lavare le magliette da calcio a mano. Se si desidera utilizzare la lavatrice, ricordarsi di capovolgere le magliette da calcio e poi lavarle. Riempire la macchina con acqua fredda e utilizzare un ciclo delicato per proteggere meglio i colori.<\/p>","protected":false},"excerpt":{"rendered":"<p>Hier kommt das Nike FC Barcelona Herren Heim Trikot 2021\/22 und mit ihm ein klassisches Design im neuen Look. Greif gleich zu und hol dir das Trikot, das dich deinen Idolen ganz nah sein l\u00e4sst! Mit dem neuen Trikot im Original Look deiner Helden Messi, Su\u00e1rez, Demb\u00e9l\u00e9 und Co, zollst du deiner Lieblingself vollen Tribut. [&hellip;]<\/p>","protected":false},"featured_media":404,"comment_status":"open","ping_status":"closed","template":"","meta":[],"product_brand":[],"product_cat":[31],"product_tag":[32,20,33,21,22,23,24],"class_list":{"0":"post-355","1":"product","2":"type-product","3":"status-publish","4":"has-post-thumbnail","6":"product_cat-fc-barcelona","7":"product_tag-barcelona-heimtrikot","8":"product_tag-coole-fussballtrikots","9":"product_tag-fc-barcelona-trikots","10":"product_tag-fussballtrikot-fuer-herren","11":"product_tag-fussballtrikot-guenstig-kaufen","12":"product_tag-fussballtrikot-kurzarm","13":"product_tag-guenstiges-fussballtrikot","15":"first","16":"instock","17":"shipping-taxable","18":"purchasable","19":"product-type-variable"},"_links":{"self":[{"href":"https:\/\/www.billigtrikotde.com\/it\/wp-json\/wp\/v2\/product\/355","targetHints":{"allow":["GET"]}}],"collection":[{"href":"https:\/\/www.billigtrikotde.com\/it\/wp-json\/wp\/v2\/product"}],"about":[{"href":"https:\/\/www.billigtrikotde.com\/it\/wp-json\/wp\/v2\/types\/product"}],"replies":[{"embeddable":true,"href":"https:\/\/www.billigtrikotde.com\/it\/wp-json\/wp\/v2\/comments?post=355"}],"wp:featuredmedia":[{"embeddable":true,"href":"https:\/\/www.billigtrikotde.com\/it\/wp-json\/wp\/v2\/media\/404"}],"wp:attachment":[{"href":"https:\/\/www.billigtrikotde.com\/it\/wp-json\/wp\/v2\/media?parent=355"}],"wp:term":[{"taxonomy":"product_brand","embeddable":true,"href":"https:\/\/www.billigtrikotde.com\/it\/wp-json\/wp\/v2\/product_brand?post=355"},{"taxonomy":"product_cat","embeddable":true,"href":"https:\/\/www.billigtrikotde.com\/it\/wp-json\/wp\/v2\/product_cat?post=355"},{"taxonomy":"product_tag","embeddable":true,"href":"https:\/\/www.billigtrikotde.com\/it\/wp-json\/wp\/v2\/product_tag?post=355"}],"curies":[{"name":"wp","href":"https:\/\/api.w.org\/{rel}","templated":true}]}}