{"id":3505,"date":"2024-10-23T15:05:55","date_gmt":"2024-10-23T13:05:55","guid":{"rendered":"http:\/\/billigtrikots.com\/?post_type=product&#038;p=3505"},"modified":"2025-10-16T16:04:43","modified_gmt":"2025-10-16T14:04:43","slug":"personalisierbar-kinder-heimtrikot-real-madrid-home-trikot-weiss-blau-2021-22","status":"publish","type":"product","link":"https:\/\/www.billigtrikotde.com\/it\/personalisierbar-kinder-heimtrikot-real-madrid-home-trikot-weiss-blau-2021-22\/","title":{"rendered":"Maglia da bambino personalizzabile Real Madrid Home Jersey bianco blu 2021\/22"},"content":{"rendered":"<p>Ecco la nuovissima e altamente ufficiale adidas Real Madrid Bambini Pantaloncini da casa 2021\/22 e con essi l'aspetto autentico della tua squadra preferita! In questo short i tuoi grandi idoli disputano tutte le loro partite casalinghe \u2013 resta sempre vicino e assicurateli subito!<\/p>\n<p>Nel nuovo Pantaloncino casalingo junior dei \u201eK\u00f6niglichen\u201c dimostri sempre la tua connessione e lealt\u00e0 all'intero team intorno a Bale, Benzema, Ramos e Co. Porta sulla coscia destra il marchio della societ\u00e0 inconfondibile ed \u00e8 decorato con il design a 3 strisce adidas e il logo adidas. Cos\u00ec chiunque capir\u00e0 al primo sguardo per quale squadra pulsa il tuo cuore calcistico!<\/p>\n<p>Realizzato in poliestere funzionale, riciclato e quindi altamente sostenibile e dotato della tecnologia adidas AEROREADY, il Short Real Madrid ti offre anche una gestione ottimale del calore e dell'umidit\u00e0. Una inserto a mesh garantisce inoltre la massima traspirabilit\u00e0. Cos\u00ec la gonnellina corta ti assicura sempre un comfort di portata leggera e asciutto \u2013 sia durante l'esultanza dei tifosi che nell'allenamento personale!<\/p>\n<p>Suggerimenti per la stampa: Se il nome e il numero dell'immagine sono esattamente quelli desiderati, non \u00e8 necessario inserirli nuovamente. In caso contrario, \u00e8 necessario inserire il nome e il numero desiderati.<\/p>\n<p>Consigli per il lavaggio: Si consiglia di lavare le magliette da calcio a mano. Se si desidera utilizzare la lavatrice, ricordarsi di capovolgere le magliette da calcio e poi lavarle. Riempire la macchina con acqua fredda e utilizzare un ciclo delicato per proteggere meglio i colori.<\/p>","protected":false},"excerpt":{"rendered":"<p>Hier kommt die brandneue und hoch offizielle adidas Real Madrid Kinder Heim Short 2021\/22 und mit ihr der authentische Look deiner Lieblingself! In dieser Short bestreiten deine gro\u00dfen Idole alle ihre Heimspiele \u2013 sei stets hautnah dabei und sichere sie dir gleich! In der neuen Junior Heimshort der \u201eK\u00f6niglichen\u201c zeigst du stets deine Verbundenheit und [&hellip;]<\/p>","protected":false},"featured_media":3545,"comment_status":"open","ping_status":"closed","template":"","meta":[],"product_brand":[],"product_cat":[165],"product_tag":[20,21,22,23,24,94,46,47,166],"class_list":{"0":"post-3505","1":"product","2":"type-product","3":"status-publish","4":"has-post-thumbnail","6":"product_cat-real-madrid-kindertrikot","7":"product_tag-coole-fussballtrikots","8":"product_tag-fussballtrikot-fuer-herren","9":"product_tag-fussballtrikot-guenstig-kaufen","10":"product_tag-fussballtrikot-kurzarm","11":"product_tag-guenstiges-fussballtrikot","12":"product_tag-kinder-fussball-trikotsatz","13":"product_tag-real-madrid-heimtrikot","14":"product_tag-real-madrid-trikots","15":"product_tag-real-madrid-trikotsatz-fuer-kinder","17":"first","18":"instock","19":"shipping-taxable","20":"purchasable","21":"product-type-variable"},"_links":{"self":[{"href":"https:\/\/www.billigtrikotde.com\/it\/wp-json\/wp\/v2\/product\/3505","targetHints":{"allow":["GET"]}}],"collection":[{"href":"https:\/\/www.billigtrikotde.com\/it\/wp-json\/wp\/v2\/product"}],"about":[{"href":"https:\/\/www.billigtrikotde.com\/it\/wp-json\/wp\/v2\/types\/product"}],"replies":[{"embeddable":true,"href":"https:\/\/www.billigtrikotde.com\/it\/wp-json\/wp\/v2\/comments?post=3505"}],"wp:featuredmedia":[{"embeddable":true,"href":"https:\/\/www.billigtrikotde.com\/it\/wp-json\/wp\/v2\/media\/3545"}],"wp:attachment":[{"href":"https:\/\/www.billigtrikotde.com\/it\/wp-json\/wp\/v2\/media?parent=3505"}],"wp:term":[{"taxonomy":"product_brand","embeddable":true,"href":"https:\/\/www.billigtrikotde.com\/it\/wp-json\/wp\/v2\/product_brand?post=3505"},{"taxonomy":"product_cat","embeddable":true,"href":"https:\/\/www.billigtrikotde.com\/it\/wp-json\/wp\/v2\/product_cat?post=3505"},{"taxonomy":"product_tag","embeddable":true,"href":"https:\/\/www.billigtrikotde.com\/it\/wp-json\/wp\/v2\/product_tag?post=3505"}],"curies":[{"name":"wp","href":"https:\/\/api.w.org\/{rel}","templated":true}]}}