{"id":3481,"date":"2024-10-23T15:04:43","date_gmt":"2024-10-23T13:04:43","guid":{"rendered":"http:\/\/billigtrikots.com\/?post_type=product&#038;p=3481"},"modified":"2025-10-16T16:04:49","modified_gmt":"2025-10-16T14:04:49","slug":"kinder-junior-fussballtrikot-real-madrid-2021-22-heimtrikot-weiss-blau-mit-aufdruck-marcelo-12","status":"publish","type":"product","link":"https:\/\/www.billigtrikotde.com\/it\/kinder-junior-fussballtrikot-real-madrid-2021-22-heimtrikot-weiss-blau-mit-aufdruck-marcelo-12\/","title":{"rendered":"Maglia calcio bambino Real Madrid 2021\/22 Home Shirt bianco blu con stampa Marcelo 12"},"content":{"rendered":"<p>Vincono sul campo.<\/p>\n<p>Ma sulla Plaza de Cibeles celebrano con la loro famiglia di calcio.<\/p>\n<p>I cerchi concentrici e il motivo a spirale della fontana nel famoso quadrato di Madrid hanno ispirato il design di questa maglia adidas Real Madrid per junior.<\/p>\n<p>Questa maglia \u00e8 fatta per i fan e offre comfort con materiale morbido e AEROREADY che assorbe l'umidit\u00e0.<\/p>\n<p>Questo prodotto \u00e8 costituito da Primegreen, una gamma di materiali riciclati ad alte prestazioni.<\/p>\n<p>Suggerimenti per la stampa: Se il nome e il numero dell'immagine sono esattamente quelli desiderati, non \u00e8 necessario inserirli nuovamente. In caso contrario, \u00e8 necessario inserire il nome e il numero desiderati.<\/p>\n<p>Consigli per il lavaggio: Si consiglia di lavare le magliette da calcio a mano. Se si desidera utilizzare la lavatrice, ricordarsi di capovolgere le magliette da calcio e poi lavarle. Riempire la macchina con acqua fredda e utilizzare un ciclo delicato per proteggere meglio i colori.<\/p>","protected":false},"excerpt":{"rendered":"<p>Sie gewinnen auf dem Platz. Aber auf der Plaza de Cibeles feiern sie mit ihrer Fu\u00dfballfamilie. Die konzentrischen Kreise und das spiralf\u00f6rmige Muster des Brunnens in Madrids ber\u00fchmtem Quadrat haben das Design dieses adidas Real Madrid Trikots f\u00fcr Junioren inspiriert. Dieses Shirt wurde f\u00fcr Fans gemacht und sorgt mit weichem Material und feuchtigkeitstransportierendem AEROREADY f\u00fcr [&hellip;]<\/p>","protected":false},"featured_media":3522,"comment_status":"open","ping_status":"closed","template":"","meta":[],"product_brand":[],"product_cat":[165],"product_tag":[20,21,22,23,24,94,46,47,166],"class_list":{"0":"post-3481","1":"product","2":"type-product","3":"status-publish","4":"has-post-thumbnail","6":"product_cat-real-madrid-kindertrikot","7":"product_tag-coole-fussballtrikots","8":"product_tag-fussballtrikot-fuer-herren","9":"product_tag-fussballtrikot-guenstig-kaufen","10":"product_tag-fussballtrikot-kurzarm","11":"product_tag-guenstiges-fussballtrikot","12":"product_tag-kinder-fussball-trikotsatz","13":"product_tag-real-madrid-heimtrikot","14":"product_tag-real-madrid-trikots","15":"product_tag-real-madrid-trikotsatz-fuer-kinder","17":"first","18":"instock","19":"shipping-taxable","20":"purchasable","21":"product-type-variable"},"_links":{"self":[{"href":"https:\/\/www.billigtrikotde.com\/it\/wp-json\/wp\/v2\/product\/3481","targetHints":{"allow":["GET"]}}],"collection":[{"href":"https:\/\/www.billigtrikotde.com\/it\/wp-json\/wp\/v2\/product"}],"about":[{"href":"https:\/\/www.billigtrikotde.com\/it\/wp-json\/wp\/v2\/types\/product"}],"replies":[{"embeddable":true,"href":"https:\/\/www.billigtrikotde.com\/it\/wp-json\/wp\/v2\/comments?post=3481"}],"wp:featuredmedia":[{"embeddable":true,"href":"https:\/\/www.billigtrikotde.com\/it\/wp-json\/wp\/v2\/media\/3522"}],"wp:attachment":[{"href":"https:\/\/www.billigtrikotde.com\/it\/wp-json\/wp\/v2\/media?parent=3481"}],"wp:term":[{"taxonomy":"product_brand","embeddable":true,"href":"https:\/\/www.billigtrikotde.com\/it\/wp-json\/wp\/v2\/product_brand?post=3481"},{"taxonomy":"product_cat","embeddable":true,"href":"https:\/\/www.billigtrikotde.com\/it\/wp-json\/wp\/v2\/product_cat?post=3481"},{"taxonomy":"product_tag","embeddable":true,"href":"https:\/\/www.billigtrikotde.com\/it\/wp-json\/wp\/v2\/product_tag?post=3481"}],"curies":[{"name":"wp","href":"https:\/\/api.w.org\/{rel}","templated":true}]}}