{"id":3448,"date":"2024-10-23T15:02:57","date_gmt":"2024-10-23T13:02:57","guid":{"rendered":"http:\/\/billigtrikots.com\/?post_type=product&#038;p=3448"},"modified":"2025-10-16T16:04:53","modified_gmt":"2025-10-16T14:04:53","slug":"real-madrid-2021-22-heimtrikot-kinder-junior-weiss-blau-mit-aufdruck-carvajal-2","status":"publish","type":"product","link":"https:\/\/www.billigtrikotde.com\/it\/real-madrid-2021-22-heimtrikot-kinder-junior-weiss-blau-mit-aufdruck-carvajal-2\/","title":{"rendered":"Maglia Real Madrid 2021\/22 Home Kids Junior bianco blu con stampa Carvajal 2"},"content":{"rendered":"<p>La squadra vince e ottiene successi sul campo. Vengono festeggiati in Plaza de Cibeles davanti ai tifosi festanti. Non c'\u00e8 da stupirsi che questa maglia adidas Real Madrid nella versione per bambini e ragazzi, con il suo motivo a cerchi e spirali, sia ispirata a questo luogo e alle sue fontane. Il design per i tifosi \u00e8 realizzato in morbido materiale con tecnologia AEROREADY che assorbe l'umidit\u00e0 e garantisce una sensazione di piacevole asciutto e comfort. Una maglia da festeggiare per i tifosi. Logo del club Real Madrid intessuto. Scollo rotondo a coste. Polsini a coste. Assorbimento dell'umidit\u00e0. Vestibilit\u00e0 regolare. Questo prodotto \u00e8 Primegreen: realizzato con diversi materiali funzionali riciclati. Materiale: poliestere 100%.<\/p>\n<p>Suggerimenti per la stampa: Se il nome e il numero dell'immagine sono esattamente quelli desiderati, non \u00e8 necessario inserirli nuovamente. In caso contrario, \u00e8 necessario inserire il nome e il numero desiderati.<\/p>\n<p>Consigli per il lavaggio: Si consiglia di lavare le magliette da calcio a mano. Se si desidera utilizzare la lavatrice, ricordarsi di capovolgere le magliette da calcio e poi lavarle. Riempire la macchina con acqua fredda e utilizzare un ciclo delicato per proteggere meglio i colori.<\/p>","protected":false},"excerpt":{"rendered":"<p>Die Siege und Erfolge f\u00e4hrt die Mannschaft auf dem Spielfeld ein. Gefeiert werden sie auf dem Plaza de Cibeles vor den jubelnden Fans. Kein Wunder, dass dieses adidas Real Madrid Trikot in der Version f\u00fcr Kinder und Teens mit seinem Kreis- und Spiralmuster von diesem Ort und seinen Brunnenfont\u00e4nen inspiriert ist. Das Design f\u00fcr Fans [&hellip;]<\/p>","protected":false},"featured_media":3489,"comment_status":"open","ping_status":"closed","template":"","meta":[],"product_brand":[],"product_cat":[165],"product_tag":[20,21,22,23,24,94,46,47,166],"class_list":{"0":"post-3448","1":"product","2":"type-product","3":"status-publish","4":"has-post-thumbnail","6":"product_cat-real-madrid-kindertrikot","7":"product_tag-coole-fussballtrikots","8":"product_tag-fussballtrikot-fuer-herren","9":"product_tag-fussballtrikot-guenstig-kaufen","10":"product_tag-fussballtrikot-kurzarm","11":"product_tag-guenstiges-fussballtrikot","12":"product_tag-kinder-fussball-trikotsatz","13":"product_tag-real-madrid-heimtrikot","14":"product_tag-real-madrid-trikots","15":"product_tag-real-madrid-trikotsatz-fuer-kinder","17":"first","18":"instock","19":"shipping-taxable","20":"purchasable","21":"product-type-variable"},"_links":{"self":[{"href":"https:\/\/www.billigtrikotde.com\/it\/wp-json\/wp\/v2\/product\/3448","targetHints":{"allow":["GET"]}}],"collection":[{"href":"https:\/\/www.billigtrikotde.com\/it\/wp-json\/wp\/v2\/product"}],"about":[{"href":"https:\/\/www.billigtrikotde.com\/it\/wp-json\/wp\/v2\/types\/product"}],"replies":[{"embeddable":true,"href":"https:\/\/www.billigtrikotde.com\/it\/wp-json\/wp\/v2\/comments?post=3448"}],"wp:featuredmedia":[{"embeddable":true,"href":"https:\/\/www.billigtrikotde.com\/it\/wp-json\/wp\/v2\/media\/3489"}],"wp:attachment":[{"href":"https:\/\/www.billigtrikotde.com\/it\/wp-json\/wp\/v2\/media?parent=3448"}],"wp:term":[{"taxonomy":"product_brand","embeddable":true,"href":"https:\/\/www.billigtrikotde.com\/it\/wp-json\/wp\/v2\/product_brand?post=3448"},{"taxonomy":"product_cat","embeddable":true,"href":"https:\/\/www.billigtrikotde.com\/it\/wp-json\/wp\/v2\/product_cat?post=3448"},{"taxonomy":"product_tag","embeddable":true,"href":"https:\/\/www.billigtrikotde.com\/it\/wp-json\/wp\/v2\/product_tag?post=3448"}],"curies":[{"name":"wp","href":"https:\/\/api.w.org\/{rel}","templated":true}]}}