{"id":3385,"date":"2024-10-23T15:00:02","date_gmt":"2024-10-23T13:00:02","guid":{"rendered":"http:\/\/billigtrikots.com\/?post_type=product&#038;p=3385"},"modified":"2024-10-23T15:02:19","modified_gmt":"2024-10-23T13:02:19","slug":"personalisierbar-fc-chelsea-auswaertstrikot-2021-22-kinder-gelb-mit-aufdruck-kovacic-17","status":"publish","type":"product","link":"https:\/\/www.billigtrikotde.com\/it\/personalisierbar-fc-chelsea-auswaertstrikot-2021-22-kinder-gelb-mit-aufdruck-kovacic-17\/","title":{"rendered":"Kit da trasferta personalizzabile del Chelsea FC 2021\/22 bambino giallo con stampa Kovacic 17"},"content":{"rendered":"<p>Sostieni il FC Chelsea nella stagione 2021\/2022 e mostra il tuo orgoglio con la maglia ufficiale replica da trasferta Nike. Il design autentico della maglia da trasferta per bambini si basa sulle divise da gioco dei professionisti. Il materiale leggero e funzionale con tecnologia Dri-FIT \u00e8 particolarmente traspirante e garantisce una sensazione di freschezza durante l'uso. Lo stemma della squadra sul petto mostra il tuo entusiasmo per la tua squadra, sia in campo che per strada.<\/p>\n<p>Suggerimenti per la stampa: Se il nome e il numero dell'immagine sono esattamente quelli desiderati, non \u00e8 necessario inserirli nuovamente. In caso contrario, \u00e8 necessario inserire il nome e il numero desiderati.<\/p>\n<p>Consigli per il lavaggio: Si consiglia di lavare le magliette da calcio a mano. Se si desidera utilizzare la lavatrice, ricordarsi di capovolgere le magliette da calcio e poi lavarle. Riempire la macchina con acqua fredda e utilizzare un ciclo delicato per proteggere meglio i colori.<\/p>","protected":false},"excerpt":{"rendered":"<p>Unterst\u00fctze den FC Chelsea in der Saison 2021\/2022 und zeige deinen Stolz im offiziellen Nike Replica Ausw\u00e4rtstrikot. Das authentische Design des Away Jerseys f\u00fcr Kinder basiert auf den Spieltrikots der Profis. Das leichte Funktionsmaterial mit Dri-FIT-Technologie ist besonders atmungsaktiv und sorgt f\u00fcr ein k\u00fchles Tragegef\u00fchl. Das Vereinswappen auf der Brust zeigt deine Begeisterung f\u00fcr dein [&hellip;]<\/p>","protected":false},"featured_media":3420,"comment_status":"open","ping_status":"closed","template":"","meta":[],"product_brand":[],"product_cat":[162],"product_tag":[20,76,73,163,21,22,23,24,94],"class_list":{"0":"post-3385","1":"product","2":"type-product","3":"status-publish","4":"has-post-thumbnail","6":"product_cat-chelsea-kindertrikot","7":"product_tag-coole-fussballtrikots","8":"product_tag-chelsea-auswaertstrikot","9":"product_tag-chelsea-trikots","10":"product_tag-chelsea-trikotsatz-fuer-kinder","11":"product_tag-fussballtrikot-fuer-herren","12":"product_tag-fussballtrikot-guenstig-kaufen","13":"product_tag-fussballtrikot-kurzarm","14":"product_tag-guenstiges-fussballtrikot","15":"product_tag-kinder-fussball-trikotsatz","17":"first","18":"instock","19":"shipping-taxable","20":"purchasable","21":"product-type-variable"},"_links":{"self":[{"href":"https:\/\/www.billigtrikotde.com\/it\/wp-json\/wp\/v2\/product\/3385","targetHints":{"allow":["GET"]}}],"collection":[{"href":"https:\/\/www.billigtrikotde.com\/it\/wp-json\/wp\/v2\/product"}],"about":[{"href":"https:\/\/www.billigtrikotde.com\/it\/wp-json\/wp\/v2\/types\/product"}],"replies":[{"embeddable":true,"href":"https:\/\/www.billigtrikotde.com\/it\/wp-json\/wp\/v2\/comments?post=3385"}],"wp:featuredmedia":[{"embeddable":true,"href":"https:\/\/www.billigtrikotde.com\/it\/wp-json\/wp\/v2\/media\/3420"}],"wp:attachment":[{"href":"https:\/\/www.billigtrikotde.com\/it\/wp-json\/wp\/v2\/media?parent=3385"}],"wp:term":[{"taxonomy":"product_brand","embeddable":true,"href":"https:\/\/www.billigtrikotde.com\/it\/wp-json\/wp\/v2\/product_brand?post=3385"},{"taxonomy":"product_cat","embeddable":true,"href":"https:\/\/www.billigtrikotde.com\/it\/wp-json\/wp\/v2\/product_cat?post=3385"},{"taxonomy":"product_tag","embeddable":true,"href":"https:\/\/www.billigtrikotde.com\/it\/wp-json\/wp\/v2\/product_tag?post=3385"}],"curies":[{"name":"wp","href":"https:\/\/api.w.org\/{rel}","templated":true}]}}