{"id":3271,"date":"2024-10-23T14:54:29","date_gmt":"2024-10-23T12:54:29","guid":{"rendered":"http:\/\/billigtrikots.com\/?post_type=product&#038;p=3271"},"modified":"2024-10-23T14:56:45","modified_gmt":"2024-10-23T12:56:45","slug":"atletico-de-madrid-heimtrikot-in-rot-2021-2022-fuer-kinder-mit-aufdruck-saul-8","status":"publish","type":"product","link":"https:\/\/www.billigtrikotde.com\/it\/atletico-de-madrid-heimtrikot-in-rot-2021-2022-fuer-kinder-mit-aufdruck-saul-8\/","title":{"rendered":"Maglia Atl\u00e9tico de Madrid home in rosso 2021\/2022 per bambini con stampa Sa\u00fal 8"},"content":{"rendered":"<p>Con questo modello leggero in rosso, anche i tifosi pi\u00f9 giovani possono dimostrare il loro affetto per il loro club preferito. La maglia Nike da bambino \u00e8 la scelta giusta. Un must per i veri tifosi dell'Atletico Madrid: la maglia da casa con il design originale indossato dai giocatori della Primera Division. Comodissima, traspirante, leggera e traspirante, non mancher\u00e0 di stupire. Con questa maglia potrete mostrare il vostro spirito di squadra e fare una figura sportiva ovunque andiate.<\/p>\n<p>Suggerimenti per la stampa: Se il nome e il numero dell'immagine sono esattamente quelli desiderati, non \u00e8 necessario inserirli nuovamente. In caso contrario, \u00e8 necessario inserire il nome e il numero desiderati.<\/p>\n<p>Consigli per il lavaggio: Si consiglia di lavare le magliette da calcio a mano. Se si desidera utilizzare la lavatrice, ricordarsi di capovolgere le magliette da calcio e poi lavarle. Riempire la macchina con acqua fredda e utilizzare un ciclo delicato per proteggere meglio i colori.<\/p>","protected":false},"excerpt":{"rendered":"<p>Mit dem leichten Modell in Rot zeigen auch die j\u00fcngsten Fans ihre Zuneigung zu ihrem Lieblingsverein. Das Nike Kinder-Shirt ist die richtige Wahl. F\u00fcr wahre Atletico Madrid-Fans ein Must-Have: das Heim-Shirt im Originaldesign, wie es die Spieler in der Primera Division tragen. Die super bequeme, atmungsaktive, leichte und schwei\u00dfableitende Funktionsweise l\u00e4sst es \u00fcberzeugen. Mit diesem [&hellip;]<\/p>","protected":false},"featured_media":3306,"comment_status":"open","ping_status":"closed","template":"","meta":[],"product_brand":[],"product_cat":[157],"product_tag":[89,90,158,20,21,22,23,24,94],"class_list":{"0":"post-3271","1":"product","2":"type-product","3":"status-publish","4":"has-post-thumbnail","6":"product_cat-atletico-madrid-kindertrikot","7":"product_tag-atletico-madrid-heimtrikot","8":"product_tag-atletico-madrid-trikots","9":"product_tag-atletico-madrid-trikotsatz-fuer-kinder","10":"product_tag-coole-fussballtrikots","11":"product_tag-fussballtrikot-fuer-herren","12":"product_tag-fussballtrikot-guenstig-kaufen","13":"product_tag-fussballtrikot-kurzarm","14":"product_tag-guenstiges-fussballtrikot","15":"product_tag-kinder-fussball-trikotsatz","17":"first","18":"instock","19":"shipping-taxable","20":"purchasable","21":"product-type-variable"},"_links":{"self":[{"href":"https:\/\/www.billigtrikotde.com\/it\/wp-json\/wp\/v2\/product\/3271","targetHints":{"allow":["GET"]}}],"collection":[{"href":"https:\/\/www.billigtrikotde.com\/it\/wp-json\/wp\/v2\/product"}],"about":[{"href":"https:\/\/www.billigtrikotde.com\/it\/wp-json\/wp\/v2\/types\/product"}],"replies":[{"embeddable":true,"href":"https:\/\/www.billigtrikotde.com\/it\/wp-json\/wp\/v2\/comments?post=3271"}],"wp:featuredmedia":[{"embeddable":true,"href":"https:\/\/www.billigtrikotde.com\/it\/wp-json\/wp\/v2\/media\/3306"}],"wp:attachment":[{"href":"https:\/\/www.billigtrikotde.com\/it\/wp-json\/wp\/v2\/media?parent=3271"}],"wp:term":[{"taxonomy":"product_brand","embeddable":true,"href":"https:\/\/www.billigtrikotde.com\/it\/wp-json\/wp\/v2\/product_brand?post=3271"},{"taxonomy":"product_cat","embeddable":true,"href":"https:\/\/www.billigtrikotde.com\/it\/wp-json\/wp\/v2\/product_cat?post=3271"},{"taxonomy":"product_tag","embeddable":true,"href":"https:\/\/www.billigtrikotde.com\/it\/wp-json\/wp\/v2\/product_tag?post=3271"}],"curies":[{"name":"wp","href":"https:\/\/api.w.org\/{rel}","templated":true}]}}