{"id":3240,"date":"2024-10-23T14:52:54","date_gmt":"2024-10-23T12:52:54","guid":{"rendered":"http:\/\/billigtrikots.com\/?post_type=product&#038;p=3240"},"modified":"2024-10-23T14:55:00","modified_gmt":"2024-10-23T12:55:00","slug":"fussball-trikot-liverpool-fc-2021-22-heimtrikot-rot-fuer-kinder-mit-aufdruck-firmino-9","status":"publish","type":"product","link":"https:\/\/www.billigtrikotde.com\/it\/fussball-trikot-liverpool-fc-2021-22-heimtrikot-rot-fuer-kinder-mit-aufdruck-firmino-9\/","title":{"rendered":"Maglia Liverpool FC 2021\/22 da bambino con stampa FIRMINO 9"},"content":{"rendered":"<p>Con il modello super comodo in rosso, anche i fan pi\u00f9 giovani mostrano il loro affetto per la loro squadra del cuore. Il marchio Nike lancia sul mercato la maglietta per bambini, un prodotto unico. Ogni vero sostenitore del FC Liverpool ha bisogno di questa maglietta casalinga, perch\u00e9 anche i giocatori la indossano in Premier League. Il modello traspirante, super comodo, leggero e che assorbe il sudore convince sotto ogni aspetto. Si distingue visivamente per uno stemma della squadra sul petto. Con questa maglietta sportiva puoi diventare ancora pi\u00f9 performante e prepararti alla prossima partita.<\/p>\n<p>Suggerimenti per la stampa: Se il nome e il numero dell'immagine sono esattamente quelli desiderati, non \u00e8 necessario inserirli nuovamente. In caso contrario, \u00e8 necessario inserire il nome e il numero desiderati.<\/p>\n<p>Consigli per il lavaggio: Si consiglia di lavare le magliette da calcio a mano. Se si desidera utilizzare la lavatrice, ricordarsi di capovolgere le magliette da calcio e poi lavarle. Riempire la macchina con acqua fredda e utilizzare un ciclo delicato per proteggere meglio i colori.<\/p>","protected":false},"excerpt":{"rendered":"<p>Mit dem super bequemen Modell in Rot zeigen auch die j\u00fcngsten Fans ihre Zuneigung zu ihrem Lieblingsverein. Die Marke Nike bringt mit dem Kinder-Shirt ein einmaliges Produkt auf den Markt. Jeder waschechte FC Liverpool-Unterst\u00fctzer ben\u00f6tigt dieses Heim-Shirt, denn auch die Spieler tragen es in der Premier League. Das schwei\u00dfableitende, super bequeme, atmungsaktive und leichte Modell [&hellip;]<\/p>","protected":false},"featured_media":3280,"comment_status":"open","ping_status":"closed","template":"","meta":[],"product_brand":[],"product_cat":[151],"product_tag":[20,21,22,23,24,94,152,153,154],"class_list":{"0":"post-3240","1":"product","2":"type-product","3":"status-publish","4":"has-post-thumbnail","6":"product_cat-liverpool-kindertrikot","7":"product_tag-coole-fussballtrikots","8":"product_tag-fussballtrikot-fuer-herren","9":"product_tag-fussballtrikot-guenstig-kaufen","10":"product_tag-fussballtrikot-kurzarm","11":"product_tag-guenstiges-fussballtrikot","12":"product_tag-kinder-fussball-trikotsatz","13":"product_tag-liverpool-heimtrikot","14":"product_tag-liverpool-trikots","15":"product_tag-liverpool-trikotsatz-fuer-kinder","17":"first","18":"instock","19":"shipping-taxable","20":"purchasable","21":"product-type-variable"},"_links":{"self":[{"href":"https:\/\/www.billigtrikotde.com\/it\/wp-json\/wp\/v2\/product\/3240","targetHints":{"allow":["GET"]}}],"collection":[{"href":"https:\/\/www.billigtrikotde.com\/it\/wp-json\/wp\/v2\/product"}],"about":[{"href":"https:\/\/www.billigtrikotde.com\/it\/wp-json\/wp\/v2\/types\/product"}],"replies":[{"embeddable":true,"href":"https:\/\/www.billigtrikotde.com\/it\/wp-json\/wp\/v2\/comments?post=3240"}],"wp:featuredmedia":[{"embeddable":true,"href":"https:\/\/www.billigtrikotde.com\/it\/wp-json\/wp\/v2\/media\/3280"}],"wp:attachment":[{"href":"https:\/\/www.billigtrikotde.com\/it\/wp-json\/wp\/v2\/media?parent=3240"}],"wp:term":[{"taxonomy":"product_brand","embeddable":true,"href":"https:\/\/www.billigtrikotde.com\/it\/wp-json\/wp\/v2\/product_brand?post=3240"},{"taxonomy":"product_cat","embeddable":true,"href":"https:\/\/www.billigtrikotde.com\/it\/wp-json\/wp\/v2\/product_cat?post=3240"},{"taxonomy":"product_tag","embeddable":true,"href":"https:\/\/www.billigtrikotde.com\/it\/wp-json\/wp\/v2\/product_tag?post=3240"}],"curies":[{"name":"wp","href":"https:\/\/api.w.org\/{rel}","templated":true}]}}