{"id":3226,"date":"2024-10-23T14:52:19","date_gmt":"2024-10-23T12:52:19","guid":{"rendered":"http:\/\/billigtrikots.com\/?post_type=product&#038;p=3226"},"modified":"2024-10-23T14:54:25","modified_gmt":"2024-10-23T12:54:25","slug":"kinder-fussball-trikot-liverpool-fc-stadium-away-2021-22-mit-aufdruck-alexander-arnold-66","status":"publish","type":"product","link":"https:\/\/www.billigtrikotde.com\/it\/kinder-fussball-trikot-liverpool-fc-stadium-away-2021-22-mit-aufdruck-alexander-arnold-66\/","title":{"rendered":"Maglia da calcio per bambini Liverpool FC Stadium Away 2021\/22 con stampa Alexander-Arnold 66"},"content":{"rendered":"<p>Con il modello traspirante in beige, anche i fan pi\u00f9 giovani mostrano il loro affetto per la loro squadra preferita. La maglietta Nike per bambini \u00e8 la scelta perfetta. Da vero tifoso del FC Liverpool hai bisogno di questa maglietta in trasferta, indossata dai giocatori in Premier League. Il modello leggero, traspirante e comodo convince sotto ogni aspetto. Cos\u00ec sei ancora pi\u00f9 performante e puoi dare il massimo in ogni sessione. A sottolineare la splendida estetica della maglia \u00e8 lo stemma del club sul petto.<\/p>\n<p>Suggerimenti per la stampa: Se il nome e il numero dell'immagine sono esattamente quelli desiderati, non \u00e8 necessario inserirli nuovamente. In caso contrario, \u00e8 necessario inserire il nome e il numero desiderati.<\/p>\n<p>Consigli per il lavaggio: Si consiglia di lavare le magliette da calcio a mano. Se si desidera utilizzare la lavatrice, ricordarsi di capovolgere le magliette da calcio e poi lavarle. Riempire la macchina con acqua fredda e utilizzare un ciclo delicato per proteggere meglio i colori.<\/p>","protected":false},"excerpt":{"rendered":"<p>Mit dem schwei\u00dfableitenden Modell in Beige zeigen auch die j\u00fcngsten Fans ihre Zuneigung zu ihrem Lieblingsverein. Das Nike Kinder-Shirt ist die perfekte Wahl. Als echter FC Liverpool-Fan brauchst du dieses Ausw\u00e4rts-Shirt, das die Spieler in der Premier League tragen. Das leichte, schwei\u00dfableitende, atmungsaktive und bequeme Modell \u00fcberzeugt auf ganzer Linie. So bist du noch leistungsf\u00e4higer [&hellip;]<\/p>","protected":false},"featured_media":3267,"comment_status":"open","ping_status":"closed","template":"","meta":[],"product_brand":[],"product_cat":[151],"product_tag":[20,21,22,23,24,94,156,153,154],"class_list":{"0":"post-3226","1":"product","2":"type-product","3":"status-publish","4":"has-post-thumbnail","6":"product_cat-liverpool-kindertrikot","7":"product_tag-coole-fussballtrikots","8":"product_tag-fussballtrikot-fuer-herren","9":"product_tag-fussballtrikot-guenstig-kaufen","10":"product_tag-fussballtrikot-kurzarm","11":"product_tag-guenstiges-fussballtrikot","12":"product_tag-kinder-fussball-trikotsatz","13":"product_tag-liverpool-auswaertstrikot","14":"product_tag-liverpool-trikots","15":"product_tag-liverpool-trikotsatz-fuer-kinder","17":"first","18":"instock","19":"shipping-taxable","20":"purchasable","21":"product-type-variable"},"_links":{"self":[{"href":"https:\/\/www.billigtrikotde.com\/it\/wp-json\/wp\/v2\/product\/3226","targetHints":{"allow":["GET"]}}],"collection":[{"href":"https:\/\/www.billigtrikotde.com\/it\/wp-json\/wp\/v2\/product"}],"about":[{"href":"https:\/\/www.billigtrikotde.com\/it\/wp-json\/wp\/v2\/types\/product"}],"replies":[{"embeddable":true,"href":"https:\/\/www.billigtrikotde.com\/it\/wp-json\/wp\/v2\/comments?post=3226"}],"wp:featuredmedia":[{"embeddable":true,"href":"https:\/\/www.billigtrikotde.com\/it\/wp-json\/wp\/v2\/media\/3267"}],"wp:attachment":[{"href":"https:\/\/www.billigtrikotde.com\/it\/wp-json\/wp\/v2\/media?parent=3226"}],"wp:term":[{"taxonomy":"product_brand","embeddable":true,"href":"https:\/\/www.billigtrikotde.com\/it\/wp-json\/wp\/v2\/product_brand?post=3226"},{"taxonomy":"product_cat","embeddable":true,"href":"https:\/\/www.billigtrikotde.com\/it\/wp-json\/wp\/v2\/product_cat?post=3226"},{"taxonomy":"product_tag","embeddable":true,"href":"https:\/\/www.billigtrikotde.com\/it\/wp-json\/wp\/v2\/product_tag?post=3226"}],"curies":[{"name":"wp","href":"https:\/\/api.w.org\/{rel}","templated":true}]}}