{"id":3218,"date":"2024-10-23T14:51:52","date_gmt":"2024-10-23T12:51:52","guid":{"rendered":"http:\/\/billigtrikots.com\/?post_type=product&#038;p=3218"},"modified":"2024-10-23T14:53:52","modified_gmt":"2024-10-23T12:53:52","slug":"kinder-fc-liverpool-torwarttrikot-in-orange-mit-aufdruck-a-becker-1","status":"publish","type":"product","link":"https:\/\/www.billigtrikotde.com\/it\/kinder-fc-liverpool-torwarttrikot-in-orange-mit-aufdruck-a-becker-1\/","title":{"rendered":"Maglia da portiere FC Liverpool da bambino in arancione con stampa A.BECKER 1"},"content":{"rendered":"<p>Ecco la maglietta Nike in arancione, che ti aiuta a sostenere la tua squadra del cuore in ogni situazione e a mostrare ci\u00f2 per cui il tuo cuore batte. Per i veri tifosi del FC Liverpool, un must: la maglietta nel design originale. \u00c8 traspirante, comoda e leggera. Con questa maglietta sei ben equipaggiato per ogni sessione. Con questa maglietta puoi contare sul logo della squadra sul petto.<\/p>\n<p>Suggerimenti per la stampa: Se il nome e il numero dell'immagine sono esattamente quelli desiderati, non \u00e8 necessario inserirli nuovamente. In caso contrario, \u00e8 necessario inserire il nome e il numero desiderati.<\/p>\n<p>Consigli per il lavaggio: Si consiglia di lavare le magliette da calcio a mano. Se si desidera utilizzare la lavatrice, ricordarsi di capovolgere le magliette da calcio e poi lavarle. Riempire la macchina con acqua fredda e utilizzare un ciclo delicato per proteggere meglio i colori.<\/p>","protected":false},"excerpt":{"rendered":"<p>Hier kommt das Nike Shirt in Orange, das dir hilft, deinen Lieblingsverein in jeder Lage zu supporten und zu zeigen, wof\u00fcr dein Herz schl\u00e4gt. F\u00fcr wahre FC Liverpool-Fans ein Muss: das Shirt im Originaldesign. Es ist atmungsaktiv, bequem und leicht. Mit diesem Shirt bist du f\u00fcr jede Einheit bestens ausgestattet. Bei diesem Trikot kannst du [&hellip;]<\/p>","protected":false},"featured_media":3258,"comment_status":"open","ping_status":"closed","template":"","meta":[],"product_brand":[],"product_cat":[151],"product_tag":[20,35,21,23,24,94,155,153,154],"class_list":{"0":"post-3218","1":"product","2":"type-product","3":"status-publish","4":"has-post-thumbnail","6":"product_cat-liverpool-kindertrikot","7":"product_tag-coole-fussballtrikots","8":"product_tag-fussball-torwarttrikots","9":"product_tag-fussballtrikot-fuer-herren","10":"product_tag-fussballtrikot-kurzarm","11":"product_tag-guenstiges-fussballtrikot","12":"product_tag-kinder-fussball-trikotsatz","13":"product_tag-liverpool-torwarttrikot","14":"product_tag-liverpool-trikots","15":"product_tag-liverpool-trikotsatz-fuer-kinder","17":"first","18":"instock","19":"shipping-taxable","20":"purchasable","21":"product-type-variable"},"_links":{"self":[{"href":"https:\/\/www.billigtrikotde.com\/it\/wp-json\/wp\/v2\/product\/3218","targetHints":{"allow":["GET"]}}],"collection":[{"href":"https:\/\/www.billigtrikotde.com\/it\/wp-json\/wp\/v2\/product"}],"about":[{"href":"https:\/\/www.billigtrikotde.com\/it\/wp-json\/wp\/v2\/types\/product"}],"replies":[{"embeddable":true,"href":"https:\/\/www.billigtrikotde.com\/it\/wp-json\/wp\/v2\/comments?post=3218"}],"wp:featuredmedia":[{"embeddable":true,"href":"https:\/\/www.billigtrikotde.com\/it\/wp-json\/wp\/v2\/media\/3258"}],"wp:attachment":[{"href":"https:\/\/www.billigtrikotde.com\/it\/wp-json\/wp\/v2\/media?parent=3218"}],"wp:term":[{"taxonomy":"product_brand","embeddable":true,"href":"https:\/\/www.billigtrikotde.com\/it\/wp-json\/wp\/v2\/product_brand?post=3218"},{"taxonomy":"product_cat","embeddable":true,"href":"https:\/\/www.billigtrikotde.com\/it\/wp-json\/wp\/v2\/product_cat?post=3218"},{"taxonomy":"product_tag","embeddable":true,"href":"https:\/\/www.billigtrikotde.com\/it\/wp-json\/wp\/v2\/product_tag?post=3218"}],"curies":[{"name":"wp","href":"https:\/\/api.w.org\/{rel}","templated":true}]}}