{"id":3061,"date":"2024-10-23T14:44:31","date_gmt":"2024-10-23T12:44:31","guid":{"rendered":"http:\/\/billigtrikots.com\/?post_type=product&#038;p=3061"},"modified":"2024-10-23T14:46:44","modified_gmt":"2024-10-23T12:46:44","slug":"kinder-fussballtrikot-fc-barcelona-2021-22-stadium-away-mit-aufdruck-kun-agueero-19","status":"publish","type":"product","link":"https:\/\/www.billigtrikotde.com\/it\/kinder-fussballtrikot-fc-barcelona-2021-22-stadium-away-mit-aufdruck-kun-agueero-19\/","title":{"rendered":"Maglia da calcio per bambini FC Barcellona 2021\/22 Stadium Away con stampa Kun Ag\u00fcero 19"},"content":{"rendered":"<p>Als offizielle Fan-Edition des aktuellen FC Barcelona Ausw\u00e4rtstrikots gl\u00e4nzt das 2021\/22 Stadium Away Fu\u00dfballtrikot von Nike im authentischen Design mit originalgetreuen Vereins- und Logo-Details. Ein Must-have f\u00fcr alle, deren Fan-Herz f\u00fcr den FCB aus Katalonien schl\u00e4gt!<\/p>\n<p>Suggerimenti per la stampa: Se il nome e il numero dell'immagine sono esattamente quelli desiderati, non \u00e8 necessario inserirli nuovamente. In caso contrario, \u00e8 necessario inserire il nome e il numero desiderati.<\/p>\n<p>Consigli per il lavaggio: Si consiglia di lavare le magliette da calcio a mano. Se si desidera utilizzare la lavatrice, ricordarsi di capovolgere le magliette da calcio e poi lavarle. Riempire la macchina con acqua fredda e utilizzare un ciclo delicato per proteggere meglio i colori.<\/p>","protected":false},"excerpt":{"rendered":"<p>In quanto versione ufficiale da tifoso della maglia da trasferta attuale del FC Barcelona, la maglia da viaggio Stadium Away 2021\/22 di Nike brilla nel design autentico con dettagli del club e del logo fedeli all\u2019originale. Una tappa obbligata per tutti quelli il cui cuore da tifoso batte per il FCB dalla Catalogna! Consigli per la stampa: se il nome e il numero sull\u2019immagine corrispondono esattamente alle vostre preferenze, dovete ...<\/p>","protected":false},"featured_media":3102,"comment_status":"open","ping_status":"closed","template":"","meta":[],"product_brand":[],"product_cat":[146],"product_tag":[36,147,20,33,21,22,23,24,94],"class_list":{"0":"post-3061","1":"product","2":"type-product","3":"status-publish","4":"has-post-thumbnail","6":"product_cat-barcelona-kindertrikot","7":"product_tag-barcelona-auswaertstrikot","8":"product_tag-barcelona-trikotsatz-fuer-kinder","9":"product_tag-coole-fussballtrikots","10":"product_tag-fc-barcelona-trikots","11":"product_tag-fussballtrikot-fuer-herren","12":"product_tag-fussballtrikot-guenstig-kaufen","13":"product_tag-fussballtrikot-kurzarm","14":"product_tag-guenstiges-fussballtrikot","15":"product_tag-kinder-fussball-trikotsatz","17":"first","18":"instock","19":"shipping-taxable","20":"purchasable","21":"product-type-variable"},"_links":{"self":[{"href":"https:\/\/www.billigtrikotde.com\/it\/wp-json\/wp\/v2\/product\/3061","targetHints":{"allow":["GET"]}}],"collection":[{"href":"https:\/\/www.billigtrikotde.com\/it\/wp-json\/wp\/v2\/product"}],"about":[{"href":"https:\/\/www.billigtrikotde.com\/it\/wp-json\/wp\/v2\/types\/product"}],"replies":[{"embeddable":true,"href":"https:\/\/www.billigtrikotde.com\/it\/wp-json\/wp\/v2\/comments?post=3061"}],"wp:featuredmedia":[{"embeddable":true,"href":"https:\/\/www.billigtrikotde.com\/it\/wp-json\/wp\/v2\/media\/3102"}],"wp:attachment":[{"href":"https:\/\/www.billigtrikotde.com\/it\/wp-json\/wp\/v2\/media?parent=3061"}],"wp:term":[{"taxonomy":"product_brand","embeddable":true,"href":"https:\/\/www.billigtrikotde.com\/it\/wp-json\/wp\/v2\/product_brand?post=3061"},{"taxonomy":"product_cat","embeddable":true,"href":"https:\/\/www.billigtrikotde.com\/it\/wp-json\/wp\/v2\/product_cat?post=3061"},{"taxonomy":"product_tag","embeddable":true,"href":"https:\/\/www.billigtrikotde.com\/it\/wp-json\/wp\/v2\/product_tag?post=3061"}],"curies":[{"name":"wp","href":"https:\/\/api.w.org\/{rel}","templated":true}]}}