{"id":3033,"date":"2024-10-23T14:43:26","date_gmt":"2024-10-23T12:43:26","guid":{"rendered":"http:\/\/billigtrikots.com\/?post_type=product&#038;p=3033"},"modified":"2024-10-23T14:45:30","modified_gmt":"2024-10-23T12:45:30","slug":"manchester-city-auswaertstrikot-replica-2022-fuer-kinder","status":"publish","type":"product","link":"https:\/\/www.billigtrikotde.com\/it\/manchester-city-auswaertstrikot-replica-2022-fuer-kinder\/","title":{"rendered":"Maglia Manchester City away replica 2022 per bambini"},"content":{"rendered":"<p>Un must-have per i tifosi del Manchester City. Questa maglia da calcio eccezionale \u00e8 una replica autentica della maglia che i giocatori star della squadra indossano nelle partite in trasferta. La cosa migliore \u00e8 che la tecnologia dryCELL di PUMA per il trasporto dell'umidit\u00e0 ti mantiene asciutto e la maglia \u00e8 realizzata con fibre riciclate, cos\u00ec puoi mostrare il tuo supporto con orgoglio e coscienza pulita.<\/p>\n<p>Suggerimenti per la stampa: Se il nome e il numero dell'immagine sono esattamente quelli desiderati, non \u00e8 necessario inserirli nuovamente. In caso contrario, \u00e8 necessario inserire il nome e il numero desiderati.<\/p>\n<p>Consigli per il lavaggio: Si consiglia di lavare le magliette da calcio a mano. Se si desidera utilizzare la lavatrice, ricordarsi di capovolgere le magliette da calcio e poi lavarle. Riempire la macchina con acqua fredda e utilizzare un ciclo delicato per proteggere meglio i colori.<\/p>","protected":false},"excerpt":{"rendered":"<p>Un must-have per i tifosi del Manchester City. Questa maglia da calcio eccezionale \u00e8 una replica autentica della maglia che i giocatori star della squadra indossano nelle partite in trasferta. La cosa migliore \u00e8 che la tecnologia dryCELL di PUMA per il trasporto dell'umidit\u00e0 ti mantiene asciutto e la maglia \u00e8 realizzata con fibre riciclate, cos\u00ec puoi mostrare il tuo supporto con orgoglio e coscienza pulita.<\/p>","protected":false},"featured_media":3067,"comment_status":"open","ping_status":"closed","template":"","meta":[],"product_brand":[],"product_cat":[144],"product_tag":[20,94,83,84,145],"class_list":{"0":"post-3033","1":"product","2":"type-product","3":"status-publish","4":"has-post-thumbnail","6":"product_cat-manchester-city-kindertrikot","7":"product_tag-coole-fussballtrikots","8":"product_tag-kinder-fussball-trikotsatz","9":"product_tag-manchester-city-auswaertstrikot","10":"product_tag-manchester-city-trikots","11":"product_tag-manchester-city-trikotsatz-fuer-kinder","13":"first","14":"instock","15":"shipping-taxable","16":"purchasable","17":"product-type-variable"},"_links":{"self":[{"href":"https:\/\/www.billigtrikotde.com\/it\/wp-json\/wp\/v2\/product\/3033","targetHints":{"allow":["GET"]}}],"collection":[{"href":"https:\/\/www.billigtrikotde.com\/it\/wp-json\/wp\/v2\/product"}],"about":[{"href":"https:\/\/www.billigtrikotde.com\/it\/wp-json\/wp\/v2\/types\/product"}],"replies":[{"embeddable":true,"href":"https:\/\/www.billigtrikotde.com\/it\/wp-json\/wp\/v2\/comments?post=3033"}],"wp:featuredmedia":[{"embeddable":true,"href":"https:\/\/www.billigtrikotde.com\/it\/wp-json\/wp\/v2\/media\/3067"}],"wp:attachment":[{"href":"https:\/\/www.billigtrikotde.com\/it\/wp-json\/wp\/v2\/media?parent=3033"}],"wp:term":[{"taxonomy":"product_brand","embeddable":true,"href":"https:\/\/www.billigtrikotde.com\/it\/wp-json\/wp\/v2\/product_brand?post=3033"},{"taxonomy":"product_cat","embeddable":true,"href":"https:\/\/www.billigtrikotde.com\/it\/wp-json\/wp\/v2\/product_cat?post=3033"},{"taxonomy":"product_tag","embeddable":true,"href":"https:\/\/www.billigtrikotde.com\/it\/wp-json\/wp\/v2\/product_tag?post=3033"}],"curies":[{"name":"wp","href":"https:\/\/api.w.org\/{rel}","templated":true}]}}