{"id":2997,"date":"2024-10-23T14:41:49","date_gmt":"2024-10-23T12:41:49","guid":{"rendered":"http:\/\/billigtrikots.com\/?post_type=product&#038;p=2997"},"modified":"2024-10-23T14:43:53","modified_gmt":"2024-10-23T12:43:53","slug":"kindertrikot-manchester-city-2022-auswaertstrikot-weiss-fuer-kinder-walker-2","status":"publish","type":"product","link":"https:\/\/www.billigtrikotde.com\/it\/kindertrikot-manchester-city-2022-auswaertstrikot-weiss-fuer-kinder-walker-2\/","title":{"rendered":"Kit Manchester City 2022 bianco per bambini Walker 2"},"content":{"rendered":"<p>Il modello traspirante in bianco permette ai giovani tifosi di mostrare la propria fedelt\u00e0 alla squadra del cuore. Con questa maglia sportiva per bambini, PUMA realizza un prodotto davvero unico. Ogni vero tifoso del Manchester City ha bisogno di questa maglia sportiva da trasferta, perch\u00e9 anche i giocatori la indossano in Premier League. Consigliamo questo modello leggero, confortevole, traspirante e traspirante, con una sensazione piacevole al tatto. Si distingue visivamente per lo stemma del club sul petto. Con questa maglia sarete equipaggiati al meglio per ogni allenamento e partita.<\/p>\n<p>Suggerimenti per la stampa: Se il nome e il numero dell'immagine sono esattamente quelli desiderati, non \u00e8 necessario inserirli nuovamente. In caso contrario, \u00e8 necessario inserire il nome e il numero desiderati.<\/p>\n<p>Consigli per il lavaggio: Si consiglia di lavare le magliette da calcio a mano. Se si desidera utilizzare la lavatrice, ricordarsi di capovolgere le magliette da calcio e poi lavarle. Riempire la macchina con acqua fredda e utilizzare un ciclo delicato per proteggere meglio i colori.<\/p>","protected":false},"excerpt":{"rendered":"<p>Das atmungsaktive Modell in Wei\u00df l\u00e4sst auch junge Fans ihre Zugeh\u00f6rigkeit zum Lieblingsteam zeigen. PUMA ver\u00f6ffentlicht mit dem Kinder-Sportshirt ein wirklich einmaliges Produkt. Jeder wahre Manchester City-Supporter ben\u00f6tigt dieses Ausw\u00e4rts-Sportshirt, denn auch die Spieler tragen es in der Premier League. Wir empfehlen dieses leichte, bequeme, atmungsaktive und schwei\u00dfableitende Modell mit dem angenehmen Tragegef\u00fchl. Es besticht [&hellip;]<\/p>","protected":false},"featured_media":3040,"comment_status":"open","ping_status":"closed","template":"","meta":[],"product_brand":[],"product_cat":[144],"product_tag":[20,94,83,84,145],"class_list":{"0":"post-2997","1":"product","2":"type-product","3":"status-publish","4":"has-post-thumbnail","6":"product_cat-manchester-city-kindertrikot","7":"product_tag-coole-fussballtrikots","8":"product_tag-kinder-fussball-trikotsatz","9":"product_tag-manchester-city-auswaertstrikot","10":"product_tag-manchester-city-trikots","11":"product_tag-manchester-city-trikotsatz-fuer-kinder","13":"first","14":"instock","15":"shipping-taxable","16":"purchasable","17":"product-type-variable"},"_links":{"self":[{"href":"https:\/\/www.billigtrikotde.com\/it\/wp-json\/wp\/v2\/product\/2997","targetHints":{"allow":["GET"]}}],"collection":[{"href":"https:\/\/www.billigtrikotde.com\/it\/wp-json\/wp\/v2\/product"}],"about":[{"href":"https:\/\/www.billigtrikotde.com\/it\/wp-json\/wp\/v2\/types\/product"}],"replies":[{"embeddable":true,"href":"https:\/\/www.billigtrikotde.com\/it\/wp-json\/wp\/v2\/comments?post=2997"}],"wp:featuredmedia":[{"embeddable":true,"href":"https:\/\/www.billigtrikotde.com\/it\/wp-json\/wp\/v2\/media\/3040"}],"wp:attachment":[{"href":"https:\/\/www.billigtrikotde.com\/it\/wp-json\/wp\/v2\/media?parent=2997"}],"wp:term":[{"taxonomy":"product_brand","embeddable":true,"href":"https:\/\/www.billigtrikotde.com\/it\/wp-json\/wp\/v2\/product_brand?post=2997"},{"taxonomy":"product_cat","embeddable":true,"href":"https:\/\/www.billigtrikotde.com\/it\/wp-json\/wp\/v2\/product_cat?post=2997"},{"taxonomy":"product_tag","embeddable":true,"href":"https:\/\/www.billigtrikotde.com\/it\/wp-json\/wp\/v2\/product_tag?post=2997"}],"curies":[{"name":"wp","href":"https:\/\/api.w.org\/{rel}","templated":true}]}}