{"id":2989,"date":"2024-10-23T14:41:21","date_gmt":"2024-10-23T12:41:21","guid":{"rendered":"http:\/\/billigtrikots.com\/?post_type=product&#038;p=2989"},"modified":"2024-10-23T14:43:22","modified_gmt":"2024-10-23T12:43:22","slug":"manchester-united-auswaertstrikot-2022-fuer-kinder-weiss-mit-aufdruck-cavani-21","status":"publish","type":"product","link":"https:\/\/www.billigtrikotde.com\/it\/manchester-united-auswaertstrikot-2022-fuer-kinder-weiss-mit-aufdruck-cavani-21\/","title":{"rendered":"Manchester United kit away 2022 per bambini bianco con stampa Cavani 21"},"content":{"rendered":"<p>Non dimenticare mai da dove vieni! La lettera \u00abM\u00bb per la citt\u00e0 natale della squadra ha gi\u00e0 spesso trovato il suo posto sulle leggendarie divise del Manchester United. Questa maglia da calcio adidas nella versione per bambini e adolescenti riprende la lettera e presenta un look moderno, che ricorda una maglia classica degli anni '90. Il materiale doppio tessuto morbido e la tecnologia AEROREADY assorbente l'umidit\u00e0 garantiscono una sensazione di comfort asciutto. Il logo della squadra tessuto mostra inoltre che sei un vero tifoso del Manchester United. Questo prodotto \u00e8 Primegreen: realizzato con vari materiali riciclati funzionali.<\/p>\n<p>Suggerimenti per la stampa: Se il nome e il numero dell'immagine sono esattamente quelli desiderati, non \u00e8 necessario inserirli nuovamente. In caso contrario, \u00e8 necessario inserire il nome e il numero desiderati.<\/p>\n<p>Consigli per il lavaggio: Si consiglia di lavare le magliette da calcio a mano. Se si desidera utilizzare la lavatrice, ricordarsi di capovolgere le magliette da calcio e poi lavarle. Riempire la macchina con acqua fredda e utilizzare un ciclo delicato per proteggere meglio i colori.<\/p>","protected":false},"excerpt":{"rendered":"<p>Vergiss nie, wo du herkommst! Der Buchstabe \u201eM\u201c f\u00fcr die Heimatstadt des Vereins hat schon oft seinen Weg auf die legend\u00e4ren Ausr\u00fcstungen von Manchester United gefunden. Dieses adidas Fu\u00dfballtrikot in der Version f\u00fcr Kinder und Teens greift den Buchstaben wieder auf und kommt mit einem modernen Look, der an ein klassisches Trikot aus den fr\u00fchen [&hellip;]<\/p>","protected":false},"featured_media":3029,"comment_status":"open","ping_status":"closed","template":"","meta":[],"product_brand":[],"product_cat":[140],"product_tag":[20,94,51,52,142],"class_list":{"0":"post-2989","1":"product","2":"type-product","3":"status-publish","4":"has-post-thumbnail","6":"product_cat-manchester-united-kindertrikot","7":"product_tag-coole-fussballtrikots","8":"product_tag-kinder-fussball-trikotsatz","9":"product_tag-manchester-united-auswaertstrikot","10":"product_tag-manchester-united-trikots","11":"product_tag-manchester-united-trikotsatz-fuer-kinder","13":"first","14":"instock","15":"shipping-taxable","16":"purchasable","17":"product-type-variable"},"_links":{"self":[{"href":"https:\/\/www.billigtrikotde.com\/it\/wp-json\/wp\/v2\/product\/2989","targetHints":{"allow":["GET"]}}],"collection":[{"href":"https:\/\/www.billigtrikotde.com\/it\/wp-json\/wp\/v2\/product"}],"about":[{"href":"https:\/\/www.billigtrikotde.com\/it\/wp-json\/wp\/v2\/types\/product"}],"replies":[{"embeddable":true,"href":"https:\/\/www.billigtrikotde.com\/it\/wp-json\/wp\/v2\/comments?post=2989"}],"wp:featuredmedia":[{"embeddable":true,"href":"https:\/\/www.billigtrikotde.com\/it\/wp-json\/wp\/v2\/media\/3029"}],"wp:attachment":[{"href":"https:\/\/www.billigtrikotde.com\/it\/wp-json\/wp\/v2\/media?parent=2989"}],"wp:term":[{"taxonomy":"product_brand","embeddable":true,"href":"https:\/\/www.billigtrikotde.com\/it\/wp-json\/wp\/v2\/product_brand?post=2989"},{"taxonomy":"product_cat","embeddable":true,"href":"https:\/\/www.billigtrikotde.com\/it\/wp-json\/wp\/v2\/product_cat?post=2989"},{"taxonomy":"product_tag","embeddable":true,"href":"https:\/\/www.billigtrikotde.com\/it\/wp-json\/wp\/v2\/product_tag?post=2989"}],"curies":[{"name":"wp","href":"https:\/\/api.w.org\/{rel}","templated":true}]}}