{"id":2941,"date":"2024-10-23T14:39:06","date_gmt":"2024-10-23T12:39:06","guid":{"rendered":"http:\/\/billigtrikots.com\/?post_type=product&#038;p=2941"},"modified":"2024-10-23T14:41:13","modified_gmt":"2024-10-23T12:41:13","slug":"trikotsatz-manchester-united-heimtrikot-2022-kinder-rot-mit-aufdruck-martial-9","status":"publish","type":"product","link":"https:\/\/www.billigtrikotde.com\/it\/trikotsatz-manchester-united-heimtrikot-2022-kinder-rot-mit-aufdruck-martial-9\/","title":{"rendered":"Manchester United home kit 2022 bambini rosso con stampa MARTIAL 9"},"content":{"rendered":"<p>Giovani talenti, mordente e la giusta dose di ambizione. Questi tre pilastri portano a Manchester United da pi\u00f9 di un secolo successi sfrenati. Questa maglia adidas Manchester United per bambini e adolescenti \u00e8 ispirata alla leggendaria attrezzatura con il suo design pulito rosso e il colletto rotondo a coste bianco, con cui la squadra ha conquistato alcuni dei suoi trionfi pi\u00f9 indimenticabili. Il design per i tifosi \u00e8 realizzato in materiale morbido con tecnologia assorbente di umidit\u00e0 AEROREADY e garantisce una sensazione di comfort asciutta e piacevole. Il dettaglio sul retro mostra inoltre che sei un vero tifoso. Questo prodotto \u00e8 Primegreen: realizzato con vari materiali riciclati funzionali.<\/p>\n<p>Suggerimenti per la stampa: Se il nome e il numero dell'immagine sono esattamente quelli desiderati, non \u00e8 necessario inserirli nuovamente. In caso contrario, \u00e8 necessario inserire il nome e il numero desiderati.<\/p>\n<p>Consigli per il lavaggio: Si consiglia di lavare le magliette da calcio a mano. Se si desidera utilizzare la lavatrice, ricordarsi di capovolgere le magliette da calcio e poi lavarle. Riempire la macchina con acqua fredda e utilizzare un ciclo delicato per proteggere meglio i colori.<\/p>","protected":false},"excerpt":{"rendered":"<p>Junge Talente, Biss und die n\u00f6tige Portion Ehrgeiz. Diese drei S\u00e4ulen bescheren Manchester United schon mehr als ein Jahrhundert lang rauschende Erfolge. Dieses adidas Manchester United Trikot f\u00fcr Kinder und Teens ist mit seinem cleanen roten Design und dem wei\u00dfen, gerippten Rundhalsausschnitt von der legend\u00e4ren Ausr\u00fcstung inspiriert, mit der die Mannschaft einige ihrer unvergesslichsten Triumphe [&hellip;]<\/p>","protected":false},"featured_media":2980,"comment_status":"open","ping_status":"closed","template":"","meta":[],"product_brand":[],"product_cat":[140],"product_tag":[20,94,141,52,142],"class_list":{"0":"post-2941","1":"product","2":"type-product","3":"status-publish","4":"has-post-thumbnail","6":"product_cat-manchester-united-kindertrikot","7":"product_tag-coole-fussballtrikots","8":"product_tag-kinder-fussball-trikotsatz","9":"product_tag-manchester-united-heimtrikot","10":"product_tag-manchester-united-trikots","11":"product_tag-manchester-united-trikotsatz-fuer-kinder","13":"first","14":"instock","15":"shipping-taxable","16":"purchasable","17":"product-type-variable"},"_links":{"self":[{"href":"https:\/\/www.billigtrikotde.com\/it\/wp-json\/wp\/v2\/product\/2941","targetHints":{"allow":["GET"]}}],"collection":[{"href":"https:\/\/www.billigtrikotde.com\/it\/wp-json\/wp\/v2\/product"}],"about":[{"href":"https:\/\/www.billigtrikotde.com\/it\/wp-json\/wp\/v2\/types\/product"}],"replies":[{"embeddable":true,"href":"https:\/\/www.billigtrikotde.com\/it\/wp-json\/wp\/v2\/comments?post=2941"}],"wp:featuredmedia":[{"embeddable":true,"href":"https:\/\/www.billigtrikotde.com\/it\/wp-json\/wp\/v2\/media\/2980"}],"wp:attachment":[{"href":"https:\/\/www.billigtrikotde.com\/it\/wp-json\/wp\/v2\/media?parent=2941"}],"wp:term":[{"taxonomy":"product_brand","embeddable":true,"href":"https:\/\/www.billigtrikotde.com\/it\/wp-json\/wp\/v2\/product_brand?post=2941"},{"taxonomy":"product_cat","embeddable":true,"href":"https:\/\/www.billigtrikotde.com\/it\/wp-json\/wp\/v2\/product_cat?post=2941"},{"taxonomy":"product_tag","embeddable":true,"href":"https:\/\/www.billigtrikotde.com\/it\/wp-json\/wp\/v2\/product_tag?post=2941"}],"curies":[{"name":"wp","href":"https:\/\/api.w.org\/{rel}","templated":true}]}}