{"id":2839,"date":"2024-10-23T14:34:49","date_gmt":"2024-10-23T12:34:49","guid":{"rendered":"http:\/\/billigtrikots.com\/?post_type=product&#038;p=2839"},"modified":"2024-10-23T14:36:50","modified_gmt":"2024-10-23T12:36:50","slug":"kindertrikot-as-roma-heim-trikot-2022-rot-fuer-kinder-kumbulla-24-trikotsatz","status":"publish","type":"product","link":"https:\/\/www.billigtrikotde.com\/it\/kindertrikot-as-roma-heim-trikot-2022-rot-fuer-kinder-kumbulla-24-trikotsatz\/","title":{"rendered":"Maglia Bambini Maglia AS Roma Home 2022 rosso per bambini KUMBULLA 24 Set di maglie"},"content":{"rendered":"<p>Con la nuova maglia home della Roma nel look originale dei vostri eroi, potrete non solo rendere insicuro lo stadio, ma anche mettervi in mostra nei vostri allenamenti! \u00c8 disponibile nei tradizionali colori casalinghi rosso e giallo ed \u00e8 impreziosita dai dettagli ufficiali del club e dai loghi degli sponsor. Per la prima volta, i giallorossi saranno equipaggiati da New Balance per la prossima stagione!<\/p>\n<p>Oltre al design, anche il materiale e il taglio hanno molto da offrire. La maglia home \u00e8 di ottima qualit\u00e0 ed \u00e8 realizzata in poliestere resistente 100%. Inoltre, il materiale NB Dry allontana immediatamente il sudore dal corpo, mantenendovi sempre asciutti e freschi. La vestibilit\u00e0 comoda e regolare offre ampia libert\u00e0 di movimento e il morbido scollo a V si adatta perfettamente alla pelle.<\/p>\n<p>Suggerimenti per la stampa: Se il nome e il numero dell'immagine sono esattamente quelli desiderati, non \u00e8 necessario inserirli nuovamente. In caso contrario, \u00e8 necessario inserire il nome e il numero desiderati.<\/p>\n<p>Consigli per il lavaggio: Si consiglia di lavare le magliette da calcio a mano. Se si desidera utilizzare la lavatrice, ricordarsi di capovolgere le magliette da calcio e poi lavarle. Riempire la macchina con acqua fredda e utilizzare un ciclo delicato per proteggere meglio i colori.<\/p>","protected":false},"excerpt":{"rendered":"<p>Con la nuova maglia home della Roma nel look originale dei vostri eroi, potrete non solo rendere insicuro lo stadio, ma anche mettervi in mostra nei vostri allenamenti! \u00c8 disponibile nei tradizionali colori casalinghi rosso e giallo ed \u00e8 impreziosita dai dettagli ufficiali del club e dai loghi degli sponsor. Per la prima volta, i giallorossi saranno equipaggiati da New Balance per la prossima stagione!<\/p>","protected":false},"featured_media":2879,"comment_status":"open","ping_status":"closed","template":"","meta":[],"product_brand":[],"product_cat":[133],"product_tag":[86,87,134,20,94],"class_list":{"0":"post-2839","1":"product","2":"type-product","3":"status-publish","4":"has-post-thumbnail","6":"product_cat-as-roma-kindertrikot","7":"product_tag-as-roma-heimtrikot","8":"product_tag-as-roma-trikots","9":"product_tag-as-roma-trikotsatz-fuer-kinder","10":"product_tag-coole-fussballtrikots","11":"product_tag-kinder-fussball-trikotsatz","13":"first","14":"instock","15":"shipping-taxable","16":"purchasable","17":"product-type-variable"},"_links":{"self":[{"href":"https:\/\/www.billigtrikotde.com\/it\/wp-json\/wp\/v2\/product\/2839","targetHints":{"allow":["GET"]}}],"collection":[{"href":"https:\/\/www.billigtrikotde.com\/it\/wp-json\/wp\/v2\/product"}],"about":[{"href":"https:\/\/www.billigtrikotde.com\/it\/wp-json\/wp\/v2\/types\/product"}],"replies":[{"embeddable":true,"href":"https:\/\/www.billigtrikotde.com\/it\/wp-json\/wp\/v2\/comments?post=2839"}],"wp:featuredmedia":[{"embeddable":true,"href":"https:\/\/www.billigtrikotde.com\/it\/wp-json\/wp\/v2\/media\/2879"}],"wp:attachment":[{"href":"https:\/\/www.billigtrikotde.com\/it\/wp-json\/wp\/v2\/media?parent=2839"}],"wp:term":[{"taxonomy":"product_brand","embeddable":true,"href":"https:\/\/www.billigtrikotde.com\/it\/wp-json\/wp\/v2\/product_brand?post=2839"},{"taxonomy":"product_cat","embeddable":true,"href":"https:\/\/www.billigtrikotde.com\/it\/wp-json\/wp\/v2\/product_cat?post=2839"},{"taxonomy":"product_tag","embeddable":true,"href":"https:\/\/www.billigtrikotde.com\/it\/wp-json\/wp\/v2\/product_tag?post=2839"}],"curies":[{"name":"wp","href":"https:\/\/api.w.org\/{rel}","templated":true}]}}