{"id":2726,"date":"2024-10-23T14:29:51","date_gmt":"2024-10-23T12:29:51","guid":{"rendered":"http:\/\/billigtrikots.com\/?post_type=product&#038;p=2726"},"modified":"2024-10-23T14:31:57","modified_gmt":"2024-10-23T12:31:57","slug":"personalisierbar-herren-kurzarm-t-shirt-frankreich-trikot-home-em-2022-blau","status":"publish","type":"product","link":"https:\/\/www.billigtrikotde.com\/it\/personalisierbar-herren-kurzarm-t-shirt-frankreich-trikot-home-em-2022-blau\/","title":{"rendered":"Maglietta personalizzabile a manica corta da uomo France Shirt Home EM 2022 Blu"},"content":{"rendered":"<p>Unterst\u00fctze dein Team als 12. Mann mit dem schwei\u00dfableitenden Modell in Blau. Das Nike Sportshirt sorgt f\u00fcr wahrhaftige Begeisterung. Das Heim-Sportshirt, wie es die Spieler bei der Europameisterschaft tragen, sorgt bei echten England-Anh\u00e4ngern f\u00fcr absolute Begeisterung. Das schwei\u00dfableitende, atmungsaktive und leichte Modell \u00fcberzeugt auf ganzer Linie. Dieses Trikot wurde geschaffen, um deine Leistung um ein Level zu erh\u00f6hen. Unterstrichen wird die tolle Optik des Sportshirts durch das Verbandslogo auf der Brust.<\/p>\n<p>Suggerimenti per la stampa: Se il nome e il numero dell'immagine sono esattamente quelli desiderati, non \u00e8 necessario inserirli nuovamente. In caso contrario, \u00e8 necessario inserire il nome e il numero desiderati.<\/p>\n<p>Consigli per il lavaggio: Si consiglia di lavare le magliette da calcio a mano. Se si desidera utilizzare la lavatrice, ricordarsi di capovolgere le magliette da calcio e poi lavarle. Riempire la macchina con acqua fredda e utilizzare un ciclo delicato per proteggere meglio i colori.<\/p>","protected":false},"excerpt":{"rendered":"<p>Unterst\u00fctze dein Team als 12. Mann mit dem schwei\u00dfableitenden Modell in Blau. Das Nike Sportshirt sorgt f\u00fcr wahrhaftige Begeisterung. Das Heim-Sportshirt, wie es die Spieler bei der Europameisterschaft tragen, sorgt bei echten England-Anh\u00e4ngern f\u00fcr absolute Begeisterung. Das schwei\u00dfableitende, atmungsaktive und leichte Modell \u00fcberzeugt auf ganzer Linie. Dieses Trikot wurde geschaffen, um deine Leistung um ein [&hellip;]<\/p>","protected":false},"featured_media":2767,"comment_status":"open","ping_status":"closed","template":"","meta":[],"product_brand":[],"product_cat":[117],"product_tag":[120,20,121,119,21,22,23,24],"class_list":{"0":"post-2726","1":"product","2":"type-product","3":"status-publish","4":"has-post-thumbnail","6":"product_cat-frankreich-trikots","7":"product_tag-belgien-trikots","8":"product_tag-coole-fussballtrikots","9":"product_tag-frankreich-heimtrikot","10":"product_tag-frankreich-trikots","11":"product_tag-fussballtrikot-fuer-herren","12":"product_tag-fussballtrikot-guenstig-kaufen","13":"product_tag-fussballtrikot-kurzarm","14":"product_tag-guenstiges-fussballtrikot","16":"first","17":"instock","18":"shipping-taxable","19":"purchasable","20":"product-type-variable"},"_links":{"self":[{"href":"https:\/\/www.billigtrikotde.com\/it\/wp-json\/wp\/v2\/product\/2726","targetHints":{"allow":["GET"]}}],"collection":[{"href":"https:\/\/www.billigtrikotde.com\/it\/wp-json\/wp\/v2\/product"}],"about":[{"href":"https:\/\/www.billigtrikotde.com\/it\/wp-json\/wp\/v2\/types\/product"}],"replies":[{"embeddable":true,"href":"https:\/\/www.billigtrikotde.com\/it\/wp-json\/wp\/v2\/comments?post=2726"}],"wp:featuredmedia":[{"embeddable":true,"href":"https:\/\/www.billigtrikotde.com\/it\/wp-json\/wp\/v2\/media\/2767"}],"wp:attachment":[{"href":"https:\/\/www.billigtrikotde.com\/it\/wp-json\/wp\/v2\/media?parent=2726"}],"wp:term":[{"taxonomy":"product_brand","embeddable":true,"href":"https:\/\/www.billigtrikotde.com\/it\/wp-json\/wp\/v2\/product_brand?post=2726"},{"taxonomy":"product_cat","embeddable":true,"href":"https:\/\/www.billigtrikotde.com\/it\/wp-json\/wp\/v2\/product_cat?post=2726"},{"taxonomy":"product_tag","embeddable":true,"href":"https:\/\/www.billigtrikotde.com\/it\/wp-json\/wp\/v2\/product_tag?post=2726"}],"curies":[{"name":"wp","href":"https:\/\/api.w.org\/{rel}","templated":true}]}}