{"id":2724,"date":"2024-10-23T14:29:49","date_gmt":"2024-10-23T12:29:49","guid":{"rendered":"http:\/\/billigtrikots.com\/?post_type=product&#038;p=2724"},"modified":"2024-10-23T14:31:57","modified_gmt":"2024-10-23T12:31:57","slug":"personalisierbar-trikots-nationalteams-frankreich-trikot-away-em-2022-weiss-dunkelblau","status":"publish","type":"product","link":"https:\/\/www.billigtrikotde.com\/it\/personalisierbar-trikots-nationalteams-frankreich-trikot-away-em-2022-weiss-dunkelblau\/","title":{"rendered":"Maglie della nazionale personalizzabili Francia away shirt Euro 2022 bianco \/ blu scuro"},"content":{"rendered":"<p>Con la maglia ufficiale away della Francia da uomo mostri i tuoi colori e sostieni la tua squadra agli Europei 2021. Il materiale Nike Breathe con tecnologia Dri-FIT offre una sensazione di asciutto e comfort, sia in campo che sugli spalti a fare il tifo. Dettagli autentici come lo stemma della federazione ricamato sul petto non lasciano dubbi su chi sostieni al campionato europeo.<\/p>\n<p>Suggerimenti per la stampa: Se il nome e il numero dell'immagine sono esattamente quelli desiderati, non \u00e8 necessario inserirli nuovamente. In caso contrario, \u00e8 necessario inserire il nome e il numero desiderati.<\/p>\n<p>Consigli per il lavaggio: Si consiglia di lavare le magliette da calcio a mano. Se si desidera utilizzare la lavatrice, ricordarsi di capovolgere le magliette da calcio e poi lavarle. Riempire la macchina con acqua fredda e utilizzare un ciclo delicato per proteggere meglio i colori.<\/p>","protected":false},"excerpt":{"rendered":"<p>Mit dem offiziellen Frankreich Ausw\u00e4rtstrikot f\u00fcr Herren bekennst du Farbe und unterst\u00fctzt dein Team bei der EM 2021. Das Nike Breathe-Material mit Dri-FIT-Technologie bietet ein angenehm trockenes Tragegef\u00fchl, ganz egal ob auf dem Platz oder beim Jubeln von der Trib\u00fcne aus. Authentische Details wie das aufgestickte Verbandswappen auf der Brust lassen keine Zweifel offen, wen [&hellip;]<\/p>","protected":false},"featured_media":2765,"comment_status":"open","ping_status":"closed","template":"","meta":[],"product_brand":[],"product_cat":[117],"product_tag":[20,118,119,21,22,23,24],"class_list":{"0":"post-2724","1":"product","2":"type-product","3":"status-publish","4":"has-post-thumbnail","6":"product_cat-frankreich-trikots","7":"product_tag-coole-fussballtrikots","8":"product_tag-frankreich-auswaertstrikot","9":"product_tag-frankreich-trikots","10":"product_tag-fussballtrikot-fuer-herren","11":"product_tag-fussballtrikot-guenstig-kaufen","12":"product_tag-fussballtrikot-kurzarm","13":"product_tag-guenstiges-fussballtrikot","15":"first","16":"instock","17":"shipping-taxable","18":"purchasable","19":"product-type-variable"},"_links":{"self":[{"href":"https:\/\/www.billigtrikotde.com\/it\/wp-json\/wp\/v2\/product\/2724","targetHints":{"allow":["GET"]}}],"collection":[{"href":"https:\/\/www.billigtrikotde.com\/it\/wp-json\/wp\/v2\/product"}],"about":[{"href":"https:\/\/www.billigtrikotde.com\/it\/wp-json\/wp\/v2\/types\/product"}],"replies":[{"embeddable":true,"href":"https:\/\/www.billigtrikotde.com\/it\/wp-json\/wp\/v2\/comments?post=2724"}],"wp:featuredmedia":[{"embeddable":true,"href":"https:\/\/www.billigtrikotde.com\/it\/wp-json\/wp\/v2\/media\/2765"}],"wp:attachment":[{"href":"https:\/\/www.billigtrikotde.com\/it\/wp-json\/wp\/v2\/media?parent=2724"}],"wp:term":[{"taxonomy":"product_brand","embeddable":true,"href":"https:\/\/www.billigtrikotde.com\/it\/wp-json\/wp\/v2\/product_brand?post=2724"},{"taxonomy":"product_cat","embeddable":true,"href":"https:\/\/www.billigtrikotde.com\/it\/wp-json\/wp\/v2\/product_cat?post=2724"},{"taxonomy":"product_tag","embeddable":true,"href":"https:\/\/www.billigtrikotde.com\/it\/wp-json\/wp\/v2\/product_tag?post=2724"}],"curies":[{"name":"wp","href":"https:\/\/api.w.org\/{rel}","templated":true}]}}