{"id":2590,"date":"2024-10-23T14:23:50","date_gmt":"2024-10-23T12:23:50","guid":{"rendered":"http:\/\/billigtrikots.com\/?post_type=product&#038;p=2590"},"modified":"2024-10-23T14:25:57","modified_gmt":"2024-10-23T12:25:57","slug":"ronaldinho-10-brasilien-fussball-herren-heimtrikot-2022-in-gelb","status":"publish","type":"product","link":"https:\/\/www.billigtrikotde.com\/it\/ronaldinho-10-brasilien-fussball-herren-heimtrikot-2022-in-gelb\/","title":{"rendered":"Ronaldinho 10 Brasile Calcio Uomo Home Shirt 2022 in giallo"},"content":{"rendered":"<p>Le maglie per Brasile 2020 sono le prime a presentare il nuovo logo dell'associazione, svelato nell'aprile 2019.<\/p>\n<p>La maglia da calcio home della Copa America 2020 del Brasile \u00e8 prevalentemente gialla, abbinata al verde del colletto e dei polsini. Per celebrare il 50\u00b0 anniversario della vittoria della Coppa del Mondo del 1970, il design della maglia home Nike Brazil 2020 si ispira a quello indossato durante i Mondiali di mezzo secolo fa.<\/p>\n<p>Suggerimenti per la stampa: Se il nome e il numero dell'immagine sono esattamente quelli desiderati, non \u00e8 necessario inserirli nuovamente. In caso contrario, \u00e8 necessario inserire il nome e il numero desiderati.<\/p>\n<p>Consigli per il lavaggio: Si consiglia di lavare le magliette da calcio a mano. Se si desidera utilizzare la lavatrice, ricordarsi di capovolgere le magliette da calcio e poi lavarle. Riempire la macchina con acqua fredda e utilizzare un ciclo delicato per proteggere meglio i colori.<\/p>","protected":false},"excerpt":{"rendered":"<p>Die Trikots f\u00fcr Brasilien 2020 sind die ersten mit dem brandneuen Verbandslogo, das im April 2019 enth\u00fcllt wurde. Das brasilianische Copa America 2020-Heimfu\u00dfballtrikot ist \u00fcberwiegend gelb, kombiniert mit gr\u00fcn f\u00fcr Kragen und Manschetten. Zur Feier des 50. Jahrestages des Sieges bei der Weltmeisterschaft 1970 ist das Design des Nike Brasilien 2020 Heimtrikots von demjenigen inspiriert, [&hellip;]<\/p>","protected":false},"featured_media":2625,"comment_status":"open","ping_status":"closed","template":"","meta":[],"product_brand":[],"product_cat":[112],"product_tag":[20,113,114,21,22,23,24],"class_list":{"0":"post-2590","1":"product","2":"type-product","3":"status-publish","4":"has-post-thumbnail","6":"product_cat-brasilien-trikots","7":"product_tag-coole-fussballtrikots","8":"product_tag-brasilien-heimtrikot","9":"product_tag-brasilien-trikots","10":"product_tag-fussballtrikot-fuer-herren","11":"product_tag-fussballtrikot-guenstig-kaufen","12":"product_tag-fussballtrikot-kurzarm","13":"product_tag-guenstiges-fussballtrikot","15":"first","16":"instock","17":"shipping-taxable","18":"purchasable","19":"product-type-variable"},"_links":{"self":[{"href":"https:\/\/www.billigtrikotde.com\/it\/wp-json\/wp\/v2\/product\/2590","targetHints":{"allow":["GET"]}}],"collection":[{"href":"https:\/\/www.billigtrikotde.com\/it\/wp-json\/wp\/v2\/product"}],"about":[{"href":"https:\/\/www.billigtrikotde.com\/it\/wp-json\/wp\/v2\/types\/product"}],"replies":[{"embeddable":true,"href":"https:\/\/www.billigtrikotde.com\/it\/wp-json\/wp\/v2\/comments?post=2590"}],"wp:featuredmedia":[{"embeddable":true,"href":"https:\/\/www.billigtrikotde.com\/it\/wp-json\/wp\/v2\/media\/2625"}],"wp:attachment":[{"href":"https:\/\/www.billigtrikotde.com\/it\/wp-json\/wp\/v2\/media?parent=2590"}],"wp:term":[{"taxonomy":"product_brand","embeddable":true,"href":"https:\/\/www.billigtrikotde.com\/it\/wp-json\/wp\/v2\/product_brand?post=2590"},{"taxonomy":"product_cat","embeddable":true,"href":"https:\/\/www.billigtrikotde.com\/it\/wp-json\/wp\/v2\/product_cat?post=2590"},{"taxonomy":"product_tag","embeddable":true,"href":"https:\/\/www.billigtrikotde.com\/it\/wp-json\/wp\/v2\/product_tag?post=2590"}],"curies":[{"name":"wp","href":"https:\/\/api.w.org\/{rel}","templated":true}]}}