{"id":2555,"date":"2024-10-23T14:22:08","date_gmt":"2024-10-23T12:22:08","guid":{"rendered":"http:\/\/billigtrikots.com\/?post_type=product&#038;p=2555"},"modified":"2024-10-23T14:24:18","modified_gmt":"2024-10-23T12:24:18","slug":"bvb-borussia-dortmund-heimtrikot-in-gelbe-2022-trikotsatz-fuer-kinder-mit-aufdruck-witsel-28","status":"publish","type":"product","link":"https:\/\/www.billigtrikotde.com\/it\/bvb-borussia-dortmund-heimtrikot-in-gelbe-2022-trikotsatz-fuer-kinder-mit-aufdruck-witsel-28\/","title":{"rendered":"BVB Borussia Dortmund maglia home in giallo 2022 set di maglie per bambini con stampa Witsel 28"},"content":{"rendered":"<p>Maglie da bambino in stile BVB<br \/>\nUna maglietta della squadra di calcio preferita \u00e8 un sogno per ogni giovane talento. Se tuo figlio \u00e8 un grande fan del BVB, qui troverai una vasta selezione di maglie per avvolgerlo o lei nei colori giallo e nero. Le maglie sono disponibili in molte varianti diverse. Qualunque tu scelga, riceverai una parte superiore che si distingue per i seguenti attributi:<\/p>\n<p>Lavorazione di alta qualit\u00e0<br \/>\nStabilit\u00e0<br \/>\nAutenticit\u00e0<br \/>\nBuona qualit\u00e0 dei materiali<br \/>\nSorprendi i tuoi giovani con una maglietta fantastica, perch\u00e9 nei colori della squadra del cuore il divertimento nel gioco \u00e8 doppio. Indossare una maglietta \u00e8 anche molto adatto in molte altre occasioni. Soprattutto i bambini, che di solito non sono soggetti a un dress code, indossano volentieri le magliette della loro squadra anche nella vita quotidiana. Le indossano volentieri a scuola e nel tempo libero. E se hanno anche la fortuna di vedere la loro squadra dal vivo allo stadio, una maglietta \u00e8 sempre la prima scelta.<\/p>\n<p>Suggerimenti per la stampa: Se il nome e il numero dell'immagine sono esattamente quelli desiderati, non \u00e8 necessario inserirli nuovamente. In caso contrario, \u00e8 necessario inserire il nome e il numero desiderati.<\/p>\n<p>Consigli per il lavaggio: Si consiglia di lavare le magliette da calcio a mano. Se si desidera utilizzare la lavatrice, ricordarsi di capovolgere le magliette da calcio e poi lavarle. Riempire la macchina con acqua fredda e utilizzare un ciclo delicato per proteggere meglio i colori.<\/p>","protected":false},"excerpt":{"rendered":"<p>Kindertrikots im BVB-Design Ein Trikot des Lieblingsfu\u00dfballvereins ist ein Traum f\u00fcr jeden kleinen Nachwuchsstar. Wenn dein Kind ein gro\u00dfer BVB-Fan ist, findest du hier eine gro\u00dfe Auswahl an Trikots, um sie oder ihn in Gelb und Schwarz zu h\u00fcllen. Die Trikots findest du hier in vielen verschiedenen Ausf\u00fchrungen. Egal f\u00fcr welches du dich entscheidest, du [&hellip;]<\/p>","protected":false},"featured_media":2597,"comment_status":"open","ping_status":"closed","template":"","meta":[],"product_brand":[],"product_cat":[108],"product_tag":[20,110,65,109,66,94],"class_list":{"0":"post-2555","1":"product","2":"type-product","3":"status-publish","4":"has-post-thumbnail","6":"product_cat-borussia-dortmund-kindertrikot","7":"product_tag-coole-fussballtrikots","8":"product_tag-borussia-dortmund-heimtrikot","9":"product_tag-borussia-dortmund-trikots","10":"product_tag-borussia-dortmund-trikotsatz-fuer-kinder","11":"product_tag-bvb-trikots","12":"product_tag-kinder-fussball-trikotsatz","14":"first","15":"instock","16":"shipping-taxable","17":"purchasable","18":"product-type-variable"},"_links":{"self":[{"href":"https:\/\/www.billigtrikotde.com\/it\/wp-json\/wp\/v2\/product\/2555","targetHints":{"allow":["GET"]}}],"collection":[{"href":"https:\/\/www.billigtrikotde.com\/it\/wp-json\/wp\/v2\/product"}],"about":[{"href":"https:\/\/www.billigtrikotde.com\/it\/wp-json\/wp\/v2\/types\/product"}],"replies":[{"embeddable":true,"href":"https:\/\/www.billigtrikotde.com\/it\/wp-json\/wp\/v2\/comments?post=2555"}],"wp:featuredmedia":[{"embeddable":true,"href":"https:\/\/www.billigtrikotde.com\/it\/wp-json\/wp\/v2\/media\/2597"}],"wp:attachment":[{"href":"https:\/\/www.billigtrikotde.com\/it\/wp-json\/wp\/v2\/media?parent=2555"}],"wp:term":[{"taxonomy":"product_brand","embeddable":true,"href":"https:\/\/www.billigtrikotde.com\/it\/wp-json\/wp\/v2\/product_brand?post=2555"},{"taxonomy":"product_cat","embeddable":true,"href":"https:\/\/www.billigtrikotde.com\/it\/wp-json\/wp\/v2\/product_cat?post=2555"},{"taxonomy":"product_tag","embeddable":true,"href":"https:\/\/www.billigtrikotde.com\/it\/wp-json\/wp\/v2\/product_tag?post=2555"}],"curies":[{"name":"wp","href":"https:\/\/api.w.org\/{rel}","templated":true}]}}