{"id":2429,"date":"2024-10-23T14:16:31","date_gmt":"2024-10-23T12:16:31","guid":{"rendered":"http:\/\/billigtrikots.com\/?post_type=product&#038;p=2429"},"modified":"2024-10-23T14:18:36","modified_gmt":"2024-10-23T12:18:36","slug":"ac-mailand-auswaertstrikot-2022-beige-rot-fuer-kinder-mit-aufdruck-theo-19","status":"publish","type":"product","link":"https:\/\/www.billigtrikotde.com\/it\/ac-mailand-auswaertstrikot-2022-beige-rot-fuer-kinder-mit-aufdruck-theo-19\/","title":{"rendered":"Maglia da trasferta AC Milan 2022 Beige Rosso per bambini con stampa THEO 19"},"content":{"rendered":"<p>La maglietta sportiva per bambini di PUMA in beige ti permette di indossare i colori della tua squadra preferita e mostrare a tutti per cosa batte il tuo cuore. Per i veri tifosi dell'AC Milan, un must-have: la maglietta da trasferta in design originale, come quella indossata dai giocatori in Serie A. \u00c8 traspirante, super comoda e leggera. Si distingue visivamente per uno stemma della societ\u00e0 sul petto. Con questa maglietta sei perfettamente equipaggiato per ogni allenamento.<\/p>\n<p>Suggerimenti per la stampa: Se il nome e il numero dell'immagine sono esattamente quelli desiderati, non \u00e8 necessario inserirli nuovamente. In caso contrario, \u00e8 necessario inserire il nome e il numero desiderati.<\/p>\n<p>Consigli per il lavaggio: Si consiglia di lavare le magliette da calcio a mano. Se si desidera utilizzare la lavatrice, ricordarsi di capovolgere le magliette da calcio e poi lavarle. Riempire la macchina con acqua fredda e utilizzare un ciclo delicato per proteggere meglio i colori.<\/p>","protected":false},"excerpt":{"rendered":"<p>Das Kinder-Sportshirt von PUMA in Beige l\u00e4sst dich die Farben deines Lieblingsclubs tragen und allen zeigen, wof\u00fcr dein Herz schl\u00e4gt. F\u00fcr wahre AC Mailand-Fans ein Must-Have: das Ausw\u00e4rts-Sportshirt im Originaldesign, wie es die Spieler in der Serie A tragen. Es ist atmungsaktiv, super bequem und leicht. Es besticht optisch mit einem Vereinswappen auf der Brust. [&hellip;]<\/p>","protected":false},"featured_media":2471,"comment_status":"open","ping_status":"closed","template":"","meta":[],"product_brand":[],"product_cat":[92],"product_tag":[19,93,20,94],"class_list":{"0":"post-2429","1":"product","2":"type-product","3":"status-publish","4":"has-post-thumbnail","6":"product_cat-ac-mailand-kindertrikot","7":"product_tag-ac-milan-auswaertstrikot","8":"product_tag-ac-milan-trikotsatz-fuer-kinder","9":"product_tag-coole-fussballtrikots","10":"product_tag-kinder-fussball-trikotsatz","12":"first","13":"instock","14":"shipping-taxable","15":"purchasable","16":"product-type-variable"},"_links":{"self":[{"href":"https:\/\/www.billigtrikotde.com\/it\/wp-json\/wp\/v2\/product\/2429","targetHints":{"allow":["GET"]}}],"collection":[{"href":"https:\/\/www.billigtrikotde.com\/it\/wp-json\/wp\/v2\/product"}],"about":[{"href":"https:\/\/www.billigtrikotde.com\/it\/wp-json\/wp\/v2\/types\/product"}],"replies":[{"embeddable":true,"href":"https:\/\/www.billigtrikotde.com\/it\/wp-json\/wp\/v2\/comments?post=2429"}],"wp:featuredmedia":[{"embeddable":true,"href":"https:\/\/www.billigtrikotde.com\/it\/wp-json\/wp\/v2\/media\/2471"}],"wp:attachment":[{"href":"https:\/\/www.billigtrikotde.com\/it\/wp-json\/wp\/v2\/media?parent=2429"}],"wp:term":[{"taxonomy":"product_brand","embeddable":true,"href":"https:\/\/www.billigtrikotde.com\/it\/wp-json\/wp\/v2\/product_brand?post=2429"},{"taxonomy":"product_cat","embeddable":true,"href":"https:\/\/www.billigtrikotde.com\/it\/wp-json\/wp\/v2\/product_cat?post=2429"},{"taxonomy":"product_tag","embeddable":true,"href":"https:\/\/www.billigtrikotde.com\/it\/wp-json\/wp\/v2\/product_tag?post=2429"}],"curies":[{"name":"wp","href":"https:\/\/api.w.org\/{rel}","templated":true}]}}