{"id":2322,"date":"2024-10-23T14:12:00","date_gmt":"2024-10-23T12:12:00","guid":{"rendered":"http:\/\/billigtrikots.com\/?post_type=product&#038;p=2322"},"modified":"2024-10-23T14:13:38","modified_gmt":"2024-10-23T12:13:38","slug":"manchester-city-auswaertstrikot-2022-weiss-hellblau-mit-aufdruck-g-jesus-9","status":"publish","type":"product","link":"https:\/\/www.billigtrikotde.com\/it\/manchester-city-auswaertstrikot-2022-weiss-hellblau-mit-aufdruck-g-jesus-9\/","title":{"rendered":"Manchester City away kit 2022 bianco\/azzurro con stampa G.Jesus 9"},"content":{"rendered":"<p>L'ultima maglia da trasferta Puma MCFC da uomo \u00e8 disponibile in un colore insolitamente brillante ed \u00e8 quindi davvero unica! \u00c8 naturalmente ornata dal fiero logo del club, dai dettagli degli sponsor ufficiali e dal leggendario gatto Puma. Non lasciatevi sfuggire questo design unico!<\/p>\n<p>\u00c8 realizzata in poliestere riciclato 100% e, grazie alla tecnologia dryCELL, garantisce una buona gestione del calore e dell'umidit\u00e0. In questo modo il corpo rimane asciutto e fresco, con la certezza di una qualit\u00e0 sostenibile. Il taglio speciale della replica si differenzia leggermente dalle maglie da giocatore pi\u00f9 aderenti e garantisce la massima libert\u00e0 di movimento in tutte le direzioni.<\/p>\n<p>Mostra la tua fedelt\u00e0 e il tuo attaccamento a prescindere da quando e dove i Citizens scendono in campo! Acquistate la maglia da trasferta ufficiale Puma Manchester City 2021\/22 e festeggiate il grande successo della squadra!<\/p>\n<p>Suggerimenti per la stampa: Se il nome e il numero dell'immagine sono esattamente quelli desiderati, non \u00e8 necessario inserirli nuovamente. In caso contrario, \u00e8 necessario inserire il nome e il numero desiderati.<\/p>\n<p>Consigli per il lavaggio: Si consiglia di lavare le magliette da calcio a mano. Se si desidera utilizzare la lavatrice, ricordarsi di capovolgere le magliette da calcio e poi lavarle. Riempire la macchina con acqua fredda e utilizzare un ciclo delicato per proteggere meglio i colori.<\/p>","protected":false},"excerpt":{"rendered":"<p>Das aktuelle Puma MCFC Herren Ausw\u00e4rts Trikot zeigt sich in einer ungew\u00f6hnlich hellen Farbe und ist somit ein echtes Unikat! Es ist nat\u00fcrlich mit dem stolzen Vereinslogo, offiziellen Sponsorendetails und der legend\u00e4ren Puma Cat geschm\u00fcckt. Dieses einzigartige Design darfst du dir nicht entgehen lassen! Gefertigt wird es aus 100% recyceltem Polyester und dank der dryCELL [&hellip;]<\/p>","protected":false},"featured_media":2352,"comment_status":"open","ping_status":"closed","template":"","meta":[],"product_brand":[],"product_cat":[82],"product_tag":[20,21,22,23,24,83,84],"class_list":{"0":"post-2322","1":"product","2":"type-product","3":"status-publish","4":"has-post-thumbnail","6":"product_cat-manchester-city","7":"product_tag-coole-fussballtrikots","8":"product_tag-fussballtrikot-fuer-herren","9":"product_tag-fussballtrikot-guenstig-kaufen","10":"product_tag-fussballtrikot-kurzarm","11":"product_tag-guenstiges-fussballtrikot","12":"product_tag-manchester-city-auswaertstrikot","13":"product_tag-manchester-city-trikots","15":"first","16":"instock","17":"shipping-taxable","18":"purchasable","19":"product-type-variable"},"_links":{"self":[{"href":"https:\/\/www.billigtrikotde.com\/it\/wp-json\/wp\/v2\/product\/2322","targetHints":{"allow":["GET"]}}],"collection":[{"href":"https:\/\/www.billigtrikotde.com\/it\/wp-json\/wp\/v2\/product"}],"about":[{"href":"https:\/\/www.billigtrikotde.com\/it\/wp-json\/wp\/v2\/types\/product"}],"replies":[{"embeddable":true,"href":"https:\/\/www.billigtrikotde.com\/it\/wp-json\/wp\/v2\/comments?post=2322"}],"wp:featuredmedia":[{"embeddable":true,"href":"https:\/\/www.billigtrikotde.com\/it\/wp-json\/wp\/v2\/media\/2352"}],"wp:attachment":[{"href":"https:\/\/www.billigtrikotde.com\/it\/wp-json\/wp\/v2\/media?parent=2322"}],"wp:term":[{"taxonomy":"product_brand","embeddable":true,"href":"https:\/\/www.billigtrikotde.com\/it\/wp-json\/wp\/v2\/product_brand?post=2322"},{"taxonomy":"product_cat","embeddable":true,"href":"https:\/\/www.billigtrikotde.com\/it\/wp-json\/wp\/v2\/product_cat?post=2322"},{"taxonomy":"product_tag","embeddable":true,"href":"https:\/\/www.billigtrikotde.com\/it\/wp-json\/wp\/v2\/product_tag?post=2322"}],"curies":[{"name":"wp","href":"https:\/\/api.w.org\/{rel}","templated":true}]}}