{"id":21986,"date":"2025-05-30T16:12:44","date_gmt":"2025-05-30T14:12:44","guid":{"rendered":"https:\/\/www.billigtrikotde.com\/?post_type=product&#038;p=21986"},"modified":"2025-06-11T13:55:46","modified_gmt":"2025-06-11T11:55:46","slug":"guenstige-manchester-united-trikot-andre-onana-24-torwart-3rd-trikot-kinder","status":"publish","type":"product","link":"https:\/\/www.billigtrikotde.com\/it\/guenstige-manchester-united-trikot-andre-onana-24-torwart-3rd-trikot-kinder\/","title":{"rendered":"Manchester United Maglie da portiere economiche Andre Onana #24 maglia 3\u00aa da portiere per bambini 2024-25"},"content":{"rendered":"<h3>Costume Manchester United economico Andre Onana #24 Portiere 3\u00aa maglia bambini 2024-25<\/h3>\n<p>Suggerimenti per la stampa: Se il nome e il numero dell'immagine sono esattamente quelli desiderati, non \u00e8 necessario inserirli nuovamente. In caso contrario, \u00e8 necessario inserire il nome e il numero desiderati.<br \/>\nConsigli per il lavaggio: Si consiglia di lavare le magliette da calcio a mano. Se si desidera utilizzare la lavatrice, ricordarsi di capovolgere le magliette da calcio e poi lavarle. Riempire la macchina con acqua fredda e utilizzare un ciclo delicato per proteggere meglio i colori.<\/p>","protected":false},"excerpt":{"rendered":"<p>G\u00fcnstige Manchester United trikot Andre Onana #24 Torwart 3rd trikot Kinder 2024-25 Tipps zum Drucken: Wenn der Name und die Nummer auf dem Bild genau Ihren W\u00fcnschen entsprechen, m\u00fcssen Sie sie nicht erneut eingeben. Wenn nicht, sollten Sie Ihren gew\u00fcnschten Namen und Ihre Nummer eingeben. Tipps zum Waschen: Es wird empfohlen, Fu\u00dfballtrikots von Hand zu [&hellip;]<\/p>","protected":false},"featured_media":21988,"comment_status":"open","ping_status":"closed","template":"","meta":[],"product_brand":[],"product_cat":[140],"product_tag":[1506,1507,1504,1505],"class_list":{"0":"post-21986","1":"product","2":"type-product","3":"status-publish","4":"has-post-thumbnail","6":"product_cat-manchester-united-kindertrikot","7":"product_tag-andre-onana-trikot-kinder-kaufen","8":"product_tag-guenstige-andre-onana-trikot-kinder","9":"product_tag-guenstige-manchester-united-torwarttrikot-kinder","10":"product_tag-manchester-united-torwartbekleidung-fussball-kinder","12":"first","13":"instock","14":"shipping-taxable","15":"purchasable","16":"product-type-variable"},"_links":{"self":[{"href":"https:\/\/www.billigtrikotde.com\/it\/wp-json\/wp\/v2\/product\/21986","targetHints":{"allow":["GET"]}}],"collection":[{"href":"https:\/\/www.billigtrikotde.com\/it\/wp-json\/wp\/v2\/product"}],"about":[{"href":"https:\/\/www.billigtrikotde.com\/it\/wp-json\/wp\/v2\/types\/product"}],"replies":[{"embeddable":true,"href":"https:\/\/www.billigtrikotde.com\/it\/wp-json\/wp\/v2\/comments?post=21986"}],"wp:featuredmedia":[{"embeddable":true,"href":"https:\/\/www.billigtrikotde.com\/it\/wp-json\/wp\/v2\/media\/21988"}],"wp:attachment":[{"href":"https:\/\/www.billigtrikotde.com\/it\/wp-json\/wp\/v2\/media?parent=21986"}],"wp:term":[{"taxonomy":"product_brand","embeddable":true,"href":"https:\/\/www.billigtrikotde.com\/it\/wp-json\/wp\/v2\/product_brand?post=21986"},{"taxonomy":"product_cat","embeddable":true,"href":"https:\/\/www.billigtrikotde.com\/it\/wp-json\/wp\/v2\/product_cat?post=21986"},{"taxonomy":"product_tag","embeddable":true,"href":"https:\/\/www.billigtrikotde.com\/it\/wp-json\/wp\/v2\/product_tag?post=21986"}],"curies":[{"name":"wp","href":"https:\/\/api.w.org\/{rel}","templated":true}]}}