{"id":21879,"date":"2025-05-16T14:44:19","date_gmt":"2025-05-16T12:44:19","guid":{"rendered":"https:\/\/www.billigtrikotde.com\/?post_type=product&#038;p=21879"},"modified":"2025-05-16T14:44:20","modified_gmt":"2025-05-16T12:44:20","slug":"aston-villa-torwart-heimtrikot-kinder-mit-namen-emiliano-martinez-23","status":"publish","type":"product","link":"https:\/\/www.billigtrikotde.com\/it\/aston-villa-torwart-heimtrikot-kinder-mit-namen-emiliano-martinez-23\/","title":{"rendered":"Aston Villa Emiliano Martinez #23 portiere maglia casalinga bambini 2024-25 maniche lunghe (+ pantaloncini)"},"content":{"rendered":"<h3>Aston Villa Guanti portiere casalinghi bambini con nome Emiliano Martinez 23<\/h3>\n<p>Suggerimenti per la stampa: Se il nome e il numero dell'immagine sono esattamente quelli desiderati, non \u00e8 necessario inserirli nuovamente. In caso contrario, \u00e8 necessario inserire il nome e il numero desiderati.<\/p>\n<p>Consigli per il lavaggio: Si consiglia di lavare le magliette da calcio a mano. Se si desidera utilizzare la lavatrice, ricordarsi di capovolgere le magliette da calcio e poi lavarle. Riempire la macchina con acqua fredda e utilizzare un ciclo delicato per proteggere meglio i colori.<\/p>","protected":false},"excerpt":{"rendered":"<p>Aston Villa Torwart Heimtrikot Kinder mit Namen Emiliano Martinez 23 Tipps zum Drucken: Wenn der Name und die Nummer auf dem Bild genau Ihren W\u00fcnschen entsprechen, m\u00fcssen Sie sie nicht erneut eingeben. Wenn nicht, sollten Sie Ihren gew\u00fcnschten Namen und Ihre Nummer eingeben. Tipps zum Waschen: Es wird empfohlen, Fu\u00dfballtrikots von Hand zu waschen. Wenn [&hellip;]<\/p>","protected":false},"featured_media":21881,"comment_status":"open","ping_status":"closed","template":"","meta":[],"product_brand":[],"product_cat":[893],"product_tag":[1493,1494,1492,1491,1495],"class_list":{"0":"post-21879","1":"product","2":"type-product","3":"status-publish","4":"has-post-thumbnail","6":"product_cat-aston-villa-kindertrikot","7":"product_tag-aston-villa-torwartbekleidung-fussball-kinder","8":"product_tag-emiliano-martinez-trikot-kinder-kaufen","9":"product_tag-guenstige-aston-villa-torwarttrikot-kinder","10":"product_tag-guenstige-aston-villa-trikot-kinder","11":"product_tag-guenstige-emiliano-martinez-trikot-kinder","13":"first","14":"instock","15":"shipping-taxable","16":"purchasable","17":"product-type-variable"},"_links":{"self":[{"href":"https:\/\/www.billigtrikotde.com\/it\/wp-json\/wp\/v2\/product\/21879","targetHints":{"allow":["GET"]}}],"collection":[{"href":"https:\/\/www.billigtrikotde.com\/it\/wp-json\/wp\/v2\/product"}],"about":[{"href":"https:\/\/www.billigtrikotde.com\/it\/wp-json\/wp\/v2\/types\/product"}],"replies":[{"embeddable":true,"href":"https:\/\/www.billigtrikotde.com\/it\/wp-json\/wp\/v2\/comments?post=21879"}],"wp:featuredmedia":[{"embeddable":true,"href":"https:\/\/www.billigtrikotde.com\/it\/wp-json\/wp\/v2\/media\/21881"}],"wp:attachment":[{"href":"https:\/\/www.billigtrikotde.com\/it\/wp-json\/wp\/v2\/media?parent=21879"}],"wp:term":[{"taxonomy":"product_brand","embeddable":true,"href":"https:\/\/www.billigtrikotde.com\/it\/wp-json\/wp\/v2\/product_brand?post=21879"},{"taxonomy":"product_cat","embeddable":true,"href":"https:\/\/www.billigtrikotde.com\/it\/wp-json\/wp\/v2\/product_cat?post=21879"},{"taxonomy":"product_tag","embeddable":true,"href":"https:\/\/www.billigtrikotde.com\/it\/wp-json\/wp\/v2\/product_tag?post=21879"}],"curies":[{"name":"wp","href":"https:\/\/api.w.org\/{rel}","templated":true}]}}