{"id":21736,"date":"2025-05-12T13:45:51","date_gmt":"2025-05-12T11:45:51","guid":{"rendered":"https:\/\/www.billigtrikotde.com\/?post_type=product&#038;p=21736"},"modified":"2025-05-22T13:54:38","modified_gmt":"2025-05-22T11:54:38","slug":"guenstige-inter-milan-torwart-3rd-trikot-kinder-2024-25-schwarz-fussball-trikotsatz","status":"publish","type":"product","link":"https:\/\/www.billigtrikotde.com\/it\/guenstige-inter-milan-torwart-3rd-trikot-kinder-2024-25-schwarz-fussball-trikotsatz\/","title":{"rendered":"Inter Milan Portiere Maglia terza bambini 2024-25 Set di maglie da calcio"},"content":{"rendered":"<h3>Maglietta da portiere Inter Milan 3\u00aa maglia per bambini 2024-25 Nero set di maglie da calcio<\/h3>\n<p>Suggerimenti per la stampa: Se il nome e il numero dell'immagine sono esattamente quelli desiderati, non \u00e8 necessario inserirli nuovamente. In caso contrario, \u00e8 necessario inserire il nome e il numero desiderati.<\/p>\n<p>Consigli per il lavaggio: Si consiglia di lavare le magliette da calcio a mano. Se si desidera utilizzare la lavatrice, ricordarsi di capovolgere le magliette da calcio e poi lavarle. Riempire la macchina con acqua fredda e utilizzare un ciclo delicato per proteggere meglio i colori.<\/p>","protected":false},"excerpt":{"rendered":"<p>G\u00fcnstige Inter Milan Torwart 3rd trikot Kinder 2024-25 Schwarz Fu\u00dfball trikotsatz Tipps zum Drucken: Wenn der Name und die Nummer auf dem Bild genau Ihren W\u00fcnschen entsprechen, m\u00fcssen Sie sie nicht erneut eingeben. Wenn nicht, sollten Sie Ihren gew\u00fcnschten Namen und Ihre Nummer eingeben. Tipps zum Waschen: Es wird empfohlen, Fu\u00dfballtrikots von Hand zu waschen. [&hellip;]<\/p>","protected":false},"featured_media":21738,"comment_status":"open","ping_status":"closed","template":"","meta":[],"product_brand":[],"product_cat":[779],"product_tag":[20,215,1488,780,1489,781,94],"class_list":{"0":"post-21736","1":"product","2":"type-product","3":"status-publish","4":"has-post-thumbnail","6":"product_cat-inter-milan-kindertrikot","7":"product_tag-coole-fussballtrikots","8":"product_tag-fussball-trikot-kurzarm","9":"product_tag-guenstige-inter-milan-torwarttrikot-kinder","10":"product_tag-inter-milan-fussballtrikots-kinder","11":"product_tag-inter-milan-torwartbekleidung-fussball-kinder","12":"product_tag-inter-milan-trikot-fuer-kinder","13":"product_tag-kinder-fussball-trikotsatz","15":"first","16":"instock","17":"shipping-taxable","18":"purchasable","19":"product-type-variable"},"_links":{"self":[{"href":"https:\/\/www.billigtrikotde.com\/it\/wp-json\/wp\/v2\/product\/21736","targetHints":{"allow":["GET"]}}],"collection":[{"href":"https:\/\/www.billigtrikotde.com\/it\/wp-json\/wp\/v2\/product"}],"about":[{"href":"https:\/\/www.billigtrikotde.com\/it\/wp-json\/wp\/v2\/types\/product"}],"replies":[{"embeddable":true,"href":"https:\/\/www.billigtrikotde.com\/it\/wp-json\/wp\/v2\/comments?post=21736"}],"wp:featuredmedia":[{"embeddable":true,"href":"https:\/\/www.billigtrikotde.com\/it\/wp-json\/wp\/v2\/media\/21738"}],"wp:attachment":[{"href":"https:\/\/www.billigtrikotde.com\/it\/wp-json\/wp\/v2\/media?parent=21736"}],"wp:term":[{"taxonomy":"product_brand","embeddable":true,"href":"https:\/\/www.billigtrikotde.com\/it\/wp-json\/wp\/v2\/product_brand?post=21736"},{"taxonomy":"product_cat","embeddable":true,"href":"https:\/\/www.billigtrikotde.com\/it\/wp-json\/wp\/v2\/product_cat?post=21736"},{"taxonomy":"product_tag","embeddable":true,"href":"https:\/\/www.billigtrikotde.com\/it\/wp-json\/wp\/v2\/product_tag?post=21736"}],"curies":[{"name":"wp","href":"https:\/\/api.w.org\/{rel}","templated":true}]}}