{"id":21444,"date":"2025-04-10T10:24:37","date_gmt":"2025-04-10T08:24:37","guid":{"rendered":"https:\/\/www.billigtrikotde.com\/?post_type=product&#038;p=21444"},"modified":"2025-04-10T10:40:18","modified_gmt":"2025-04-10T08:40:18","slug":"kinder-real-madrid-fussballtrikots-heim-trikotsatz-2025-26-weiss","status":"publish","type":"product","link":"https:\/\/www.billigtrikotde.com\/it\/kinder-real-madrid-fussballtrikots-heim-trikotsatz-2025-26-weiss\/","title":{"rendered":"Maglia da calcio Real Madrid bambino Home Kit 2025-26 bianco"},"content":{"rendered":"<h3>Descrizione della maglia da calcio Real Madrid per bambini, maglia casalinga set 2025-26 bianca:<\/h3>\n<ul>\n<li>Il nostro pacchetto contiene esattamente ci\u00f2 che era visibile nelle immagini del prodotto al momento dell'ordine.<\/li>\n<li>Questa \u00e8 la maglia casalinga del Real Madrid per bambini della stagione 2025\/26, nel classico design bianco della societ\u00e0.<\/li>\n<li>La maglia ha strisce nere sulle spalle e bordature gialle, che conferiscono un tocco moderno all'aspetto classico.<\/li>\n<li>La tecnologia AEROREADY garantisce trasporto dell'umidit\u00e0 e traspirabilit\u00e0 per i giovani tifosi.<\/li>\n<li>Ideale per i giovani tifosi che vogliono sostenere la loro squadra in modo ecologico e alla moda, rimanendo freschi e comodi durante il gioco.<\/li>\n<\/ul>\n<p>Suggerimenti per la stampa: Se il nome e il numero dell'immagine sono esattamente quelli desiderati, non \u00e8 necessario inserirli nuovamente. In caso contrario, \u00e8 necessario inserire il nome e il numero desiderati.<\/p>\n<p>Consigli per il lavaggio: Si consiglia di lavare le magliette da calcio a mano. Se si desidera utilizzare la lavatrice, ricordarsi di capovolgere le magliette da calcio e poi lavarle. Riempire la macchina con acqua fredda e utilizzare un ciclo delicato per proteggere meglio i colori.<\/p>","protected":false},"excerpt":{"rendered":"<p>Beschreibung des Kinder Real Madrid Fu\u00dfballtrikots Heim Trikotsatz 2025-26 wei\u00df: Unser Paket enth\u00e4lt genau das, was zum Zeitpunkt Ihrer Bestellung auf den Produktbildern zu sehen war. Dies ist das Real Madrid Heimtrikot f\u00fcr Kinder der Saison 2025\/26 im ikonischen wei\u00dfen Vereinsdesign. Das Trikot hat schwarze Streifen an den Schultern und gelbe Paspeln, die dem klassischen [&hellip;]<\/p>","protected":false},"featured_media":21446,"comment_status":"open","ping_status":"closed","template":"","meta":[],"product_brand":[],"product_cat":[165],"product_tag":[20,574,1453,24,879,880,1455,47,166],"class_list":{"0":"post-21444","1":"product","2":"type-product","3":"status-publish","4":"has-post-thumbnail","6":"product_cat-real-madrid-kindertrikot","7":"product_tag-coole-fussballtrikots","8":"product_tag-fussballtrikot-deutschland","9":"product_tag-fussballtrikots-real-madrid","10":"product_tag-guenstiges-fussballtrikot","11":"product_tag-real-madrid-fussballtrikots-kinder","12":"product_tag-real-madrid-trikot-fuer-kinder","13":"product_tag-real-madrid-trikot-kaufen","14":"product_tag-real-madrid-trikots","15":"product_tag-real-madrid-trikotsatz-fuer-kinder","17":"first","18":"instock","19":"shipping-taxable","20":"purchasable","21":"product-type-variable"},"_links":{"self":[{"href":"https:\/\/www.billigtrikotde.com\/it\/wp-json\/wp\/v2\/product\/21444","targetHints":{"allow":["GET"]}}],"collection":[{"href":"https:\/\/www.billigtrikotde.com\/it\/wp-json\/wp\/v2\/product"}],"about":[{"href":"https:\/\/www.billigtrikotde.com\/it\/wp-json\/wp\/v2\/types\/product"}],"replies":[{"embeddable":true,"href":"https:\/\/www.billigtrikotde.com\/it\/wp-json\/wp\/v2\/comments?post=21444"}],"wp:featuredmedia":[{"embeddable":true,"href":"https:\/\/www.billigtrikotde.com\/it\/wp-json\/wp\/v2\/media\/21446"}],"wp:attachment":[{"href":"https:\/\/www.billigtrikotde.com\/it\/wp-json\/wp\/v2\/media?parent=21444"}],"wp:term":[{"taxonomy":"product_brand","embeddable":true,"href":"https:\/\/www.billigtrikotde.com\/it\/wp-json\/wp\/v2\/product_brand?post=21444"},{"taxonomy":"product_cat","embeddable":true,"href":"https:\/\/www.billigtrikotde.com\/it\/wp-json\/wp\/v2\/product_cat?post=21444"},{"taxonomy":"product_tag","embeddable":true,"href":"https:\/\/www.billigtrikotde.com\/it\/wp-json\/wp\/v2\/product_tag?post=21444"}],"curies":[{"name":"wp","href":"https:\/\/api.w.org\/{rel}","templated":true}]}}