{"id":21422,"date":"2025-03-28T15:55:18","date_gmt":"2025-03-28T14:55:18","guid":{"rendered":"https:\/\/www.billigtrikotde.com\/?post_type=product&#038;p=21422"},"modified":"2025-04-29T13:36:07","modified_gmt":"2025-04-29T11:36:07","slug":"guenstige-fussballtrikots-inter-miami-heimtrikot-2024-25-kurzarm","status":"publish","type":"product","link":"https:\/\/www.billigtrikotde.com\/it\/guenstige-fussballtrikots-inter-miami-heimtrikot-2024-25-kurzarm\/","title":{"rendered":"Magliette Calcio Economiche Inter Miami Home Shirt 2024-25 Manica Corta"},"content":{"rendered":"<p>Semplice ma piena di orgoglio per Lionel Messi dell'Inter Miami FC: la maglia casalinga del club \u00e8 rosa chiaro. Il colore rosa puro \u00e8 pi\u00f9 scuro rispetto alla maglia della scorsa stagione, con dettagli neri su colletto, orlo, lati e logo. Lo stemma dell'Inter Miami \u00e8 ricamato al centro della maglia ed \u00e8 stampato lo sponsor Royal Caribbean. Sul retro della maglia sono riportati il nome ufficiale \"Messi\" e il numero di squadra \"10\".<\/p>\n<p>Questa maglia da calcio \u00e8 ideale per le partite, dimostra fedelt\u00e0 a Messi e all'Inter Miami e combina comfort e prestazioni. Presenta un girocollo a costine, maniche corte e vestibilit\u00e0 slim. La tecnologia Aeroready integrata mantiene la pelle fresca, asciutta e confortevole, sia quando si gioca che quando si guarda il calcio.<\/p>\n<p>Suggerimenti per la stampa: Se il nome e il numero dell'immagine sono esattamente quelli desiderati, non \u00e8 necessario inserirli nuovamente. In caso contrario, \u00e8 necessario inserire il nome e il numero desiderati.<\/p>\n<p>Consigli per il lavaggio: Si consiglia di lavare le magliette da calcio a mano. Se si desidera utilizzare la lavatrice, ricordarsi di capovolgere le magliette da calcio e poi lavarle. Riempire la macchina con acqua fredda e utilizzare un ciclo delicato per proteggere meglio i colori.<\/p>","protected":false},"excerpt":{"rendered":"<p>Schlicht und doch voller Stolz f\u00fcr Lionel Messi von Inter Miami FC: Das Heimtrikot des Vereins ist schlicht rosa. Die reine Rosafarbe ist dunkler als das Trikot der letzten Saison, mit schwarzen Details an Kragen, Saum, Seiten und Logo. Das Wappen von Inter Miami ist in die Mitte des Trikots gestickt und mit dem Sponsor [&hellip;]<\/p>","protected":false},"featured_media":21424,"comment_status":"open","ping_status":"closed","template":"","meta":[],"product_brand":[],"product_cat":[557],"product_tag":[1462,20,22,24,639,1466,1464,1465],"class_list":{"0":"post-21422","1":"product","2":"type-product","3":"status-publish","4":"has-post-thumbnail","6":"product_cat-inter-miami","7":"product_tag-billige-deutschland-trikots","8":"product_tag-coole-fussballtrikots","9":"product_tag-fussballtrikot-guenstig-kaufen","10":"product_tag-guenstiges-fussballtrikot","11":"product_tag-inter-miami-fussballtrikots-kinder-mit-eigenem-namen","12":"product_tag-inter-miami-heimtrikot","13":"product_tag-inter-miami-trikot-2024-25","14":"product_tag-inter-miami-trikots","16":"first","17":"instock","18":"shipping-taxable","19":"purchasable","20":"product-type-variable"},"_links":{"self":[{"href":"https:\/\/www.billigtrikotde.com\/it\/wp-json\/wp\/v2\/product\/21422","targetHints":{"allow":["GET"]}}],"collection":[{"href":"https:\/\/www.billigtrikotde.com\/it\/wp-json\/wp\/v2\/product"}],"about":[{"href":"https:\/\/www.billigtrikotde.com\/it\/wp-json\/wp\/v2\/types\/product"}],"replies":[{"embeddable":true,"href":"https:\/\/www.billigtrikotde.com\/it\/wp-json\/wp\/v2\/comments?post=21422"}],"wp:featuredmedia":[{"embeddable":true,"href":"https:\/\/www.billigtrikotde.com\/it\/wp-json\/wp\/v2\/media\/21424"}],"wp:attachment":[{"href":"https:\/\/www.billigtrikotde.com\/it\/wp-json\/wp\/v2\/media?parent=21422"}],"wp:term":[{"taxonomy":"product_brand","embeddable":true,"href":"https:\/\/www.billigtrikotde.com\/it\/wp-json\/wp\/v2\/product_brand?post=21422"},{"taxonomy":"product_cat","embeddable":true,"href":"https:\/\/www.billigtrikotde.com\/it\/wp-json\/wp\/v2\/product_cat?post=21422"},{"taxonomy":"product_tag","embeddable":true,"href":"https:\/\/www.billigtrikotde.com\/it\/wp-json\/wp\/v2\/product_tag?post=21422"}],"curies":[{"name":"wp","href":"https:\/\/api.w.org\/{rel}","templated":true}]}}