{"id":21367,"date":"2025-03-23T16:53:46","date_gmt":"2025-03-23T15:53:46","guid":{"rendered":"https:\/\/www.billigtrikotde.com\/?post_type=product&#038;p=21367"},"modified":"2025-03-23T16:56:46","modified_gmt":"2025-03-23T15:56:46","slug":"guenstige-kindertrikots-ajax-auswaertstrikot-2024-25-jordan-henderson-6","status":"publish","type":"product","link":"https:\/\/www.billigtrikotde.com\/it\/guenstige-kindertrikots-ajax-auswaertstrikot-2024-25-jordan-henderson-6\/","title":{"rendered":"Maglie bambini economici Ajax away kit 2024-25 Jordan Henderson 6"},"content":{"rendered":"<p><strong>Maglie bambini economici Ajax away kit 2024-25 Jordan Henderson 6<\/strong><\/p>\n<p>Le maglie economiche dell'Ajax rendono omaggio alla ricca storia dell'Ajax, apportando al contempo elementi moderni ed energia. La maglia della squadra di calcio dell'Ajax si presenta come una tavolozza blu in cui si intrecciano armoniosamente diverse tonalit\u00e0 di blu, profondamente radicate nell'identit\u00e0 del club. Tuttavia, la vera attrazione di questa maglia dell'Ajax \u00e8 il colore giallo brillante, che aggiunge un contrasto audace e accattivante al look complessivo.<\/p>\n<p>Suggerimenti per la stampa: Se il nome e il numero dell'immagine sono esattamente quelli desiderati, non \u00e8 necessario inserirli nuovamente. In caso contrario, \u00e8 necessario inserire il nome e il numero desiderati.<\/p>\n<p>Consigli per il lavaggio: Si consiglia di lavare le magliette da calcio a mano. Se si desidera utilizzare la lavatrice, ricordarsi di capovolgere le magliette da calcio e poi lavarle. Riempire la macchina con acqua fredda e utilizzare un ciclo delicato per proteggere meglio i colori.<\/p>","protected":false},"excerpt":{"rendered":"<p>Maglie economiche per bambini Ajax Maglia in trasferta 2024-25 Jordan Henderson 6 Le Maglie Economiche di Ajax sono un omaggio alla ricca storia dell'Ajax e portano allo stesso tempo elementi moderni ed energia in questa maglia dell'Ajax. La maglia della squadra di calcio dell'Ajax sembra una tavolozza di blu, in cui diverse tonalit\u00e0 di blu sono profondamente radicate nell'identit\u00e0 del club [\u2026]<\/p>","protected":false},"featured_media":21369,"comment_status":"open","ping_status":"closed","template":"","meta":[],"product_brand":[],"product_cat":[680],"product_tag":[1372,681,682,1456,301,20,22,23,24,1458],"class_list":{"0":"post-21367","1":"product","2":"type-product","3":"status-publish","4":"has-post-thumbnail","6":"product_cat-ajax-kindertrikot","7":"product_tag-ajax-amsterdam-trikot","8":"product_tag-ajax-fussballtrikots-kinder-mit-eigenem-namen","9":"product_tag-ajax-trikot-fuer-kinder","10":"product_tag-ajax-trikot-kinder","11":"product_tag-ajax-trikots","12":"product_tag-coole-fussballtrikots","13":"product_tag-fussballtrikot-guenstig-kaufen","14":"product_tag-fussballtrikot-kurzarm","15":"product_tag-guenstiges-fussballtrikot","16":"product_tag-jordan-henderson-trikots","18":"first","19":"instock","20":"shipping-taxable","21":"purchasable","22":"product-type-variable"},"_links":{"self":[{"href":"https:\/\/www.billigtrikotde.com\/it\/wp-json\/wp\/v2\/product\/21367","targetHints":{"allow":["GET"]}}],"collection":[{"href":"https:\/\/www.billigtrikotde.com\/it\/wp-json\/wp\/v2\/product"}],"about":[{"href":"https:\/\/www.billigtrikotde.com\/it\/wp-json\/wp\/v2\/types\/product"}],"replies":[{"embeddable":true,"href":"https:\/\/www.billigtrikotde.com\/it\/wp-json\/wp\/v2\/comments?post=21367"}],"wp:featuredmedia":[{"embeddable":true,"href":"https:\/\/www.billigtrikotde.com\/it\/wp-json\/wp\/v2\/media\/21369"}],"wp:attachment":[{"href":"https:\/\/www.billigtrikotde.com\/it\/wp-json\/wp\/v2\/media?parent=21367"}],"wp:term":[{"taxonomy":"product_brand","embeddable":true,"href":"https:\/\/www.billigtrikotde.com\/it\/wp-json\/wp\/v2\/product_brand?post=21367"},{"taxonomy":"product_cat","embeddable":true,"href":"https:\/\/www.billigtrikotde.com\/it\/wp-json\/wp\/v2\/product_cat?post=21367"},{"taxonomy":"product_tag","embeddable":true,"href":"https:\/\/www.billigtrikotde.com\/it\/wp-json\/wp\/v2\/product_tag?post=21367"}],"curies":[{"name":"wp","href":"https:\/\/api.w.org\/{rel}","templated":true}]}}