{"id":2133,"date":"2024-10-23T14:01:29","date_gmt":"2024-10-23T12:01:29","guid":{"rendered":"http:\/\/billigtrikots.com\/?post_type=product&#038;p=2133"},"modified":"2024-10-23T14:03:00","modified_gmt":"2024-10-23T12:03:00","slug":"inter-mailand-auswaertstrikot-2022-weiss-blau-guenstig-bestellen","status":"publish","type":"product","link":"https:\/\/www.billigtrikotde.com\/it\/inter-mailand-auswaertstrikot-2022-weiss-blau-guenstig-bestellen\/","title":{"rendered":"Ordina il kit Inter Milan away 2022 bianco\/blu a un prezzo vantaggioso"},"content":{"rendered":"<p>Che sia nello stadio o sul divano di casa \u2013 il tuo sostegno lo mostri al meglio con il modello traspirante in bianco. Nike presenta con la maglia davvero un prodotto unico. Pi\u00f9 supporto \u00e8 impossibile! Con questa maglia esterna dell\u2019Inter Milano allarghi la tua collezione di tifosi con un articolo come quello indossato dai giocatori in Serie A. Riteniamo questo modello super comodo, traspirante e con un\u2019ottima vestibilit\u00e0, da sfoggiare per il piacere di indossarlo. Questa \u00e8 una maglia che, grazie allo stemma della societ\u00e0 sul petto, \u00e8 destinata a brillare. In questo modo potrai far vedere a tutti che sei il migliore in campo.<\/p>\n<p>Suggerimenti per la stampa: Se il nome e il numero dell'immagine sono esattamente quelli desiderati, non \u00e8 necessario inserirli nuovamente. In caso contrario, \u00e8 necessario inserire il nome e il numero desiderati.<\/p>\n<p>Consigli per il lavaggio: Si consiglia di lavare le magliette da calcio a mano. Se si desidera utilizzare la lavatrice, ricordarsi di capovolgere le magliette da calcio e poi lavarle. Riempire la macchina con acqua fredda e utilizzare un ciclo delicato per proteggere meglio i colori.<\/p>","protected":false},"excerpt":{"rendered":"<p>Ob im Stadion oder zuhause auf der Couch \u2013 deine Unterst\u00fctzung zeigst du am besten durch das schwei\u00dfableitende Modell in Wei\u00df. Nike ver\u00f6ffentlicht mit dem Shirt ein wirklich einmaliges Produkt. Mehr Support geht kaum! Mit diesem Inter Mailand-Ausw\u00e4rts-Shirt erweiterst du deine Fan-Kollektion um einen Artikel, wie ihn die Spieler in der Serie A tragen. Wir [&hellip;]<\/p>","protected":false},"featured_media":2165,"comment_status":"open","ping_status":"closed","template":"","meta":[],"product_brand":[],"product_cat":[77],"product_tag":[20,21,22,23,24,79,78],"class_list":{"0":"post-2133","1":"product","2":"type-product","3":"status-publish","4":"has-post-thumbnail","6":"product_cat-inter-milan","7":"product_tag-coole-fussballtrikots","8":"product_tag-fussballtrikot-fuer-herren","9":"product_tag-fussballtrikot-guenstig-kaufen","10":"product_tag-fussballtrikot-kurzarm","11":"product_tag-guenstiges-fussballtrikot","12":"product_tag-inter-milan-auswaertstrikot","13":"product_tag-inter-milan-trikots","15":"first","16":"instock","17":"shipping-taxable","18":"purchasable","19":"product-type-variable"},"_links":{"self":[{"href":"https:\/\/www.billigtrikotde.com\/it\/wp-json\/wp\/v2\/product\/2133","targetHints":{"allow":["GET"]}}],"collection":[{"href":"https:\/\/www.billigtrikotde.com\/it\/wp-json\/wp\/v2\/product"}],"about":[{"href":"https:\/\/www.billigtrikotde.com\/it\/wp-json\/wp\/v2\/types\/product"}],"replies":[{"embeddable":true,"href":"https:\/\/www.billigtrikotde.com\/it\/wp-json\/wp\/v2\/comments?post=2133"}],"wp:featuredmedia":[{"embeddable":true,"href":"https:\/\/www.billigtrikotde.com\/it\/wp-json\/wp\/v2\/media\/2165"}],"wp:attachment":[{"href":"https:\/\/www.billigtrikotde.com\/it\/wp-json\/wp\/v2\/media?parent=2133"}],"wp:term":[{"taxonomy":"product_brand","embeddable":true,"href":"https:\/\/www.billigtrikotde.com\/it\/wp-json\/wp\/v2\/product_brand?post=2133"},{"taxonomy":"product_cat","embeddable":true,"href":"https:\/\/www.billigtrikotde.com\/it\/wp-json\/wp\/v2\/product_cat?post=2133"},{"taxonomy":"product_tag","embeddable":true,"href":"https:\/\/www.billigtrikotde.com\/it\/wp-json\/wp\/v2\/product_tag?post=2133"}],"curies":[{"name":"wp","href":"https:\/\/api.w.org\/{rel}","templated":true}]}}